{"id":3323,"date":"2017-02-25T12:07:38","date_gmt":"2017-02-25T11:07:38","guid":{"rendered":"http:\/\/ticinoadventures.com\/fluss\/"},"modified":"2024-04-12T19:06:06","modified_gmt":"2024-04-12T17:06:06","slug":"fluss","status":"publish","type":"page","link":"https:\/\/ticinoadventures.com\/de\/fluss\/","title":{"rendered":"Fluss"},"content":{"rendered":"\n    <h3 class=\"container mx-auto\" style=\"text-align:left;\">Spa\u00df und landschaftliches Erlebnis f\u00fcr alle<\/h3>\n\n\n\n<div style=\"height:25px\" aria-hidden=\"true\" class=\"wp-block-spacer\"><\/div>\n\n\n\n    <div id=\"ta-block_6228548dc18d1b63c3e953be3cd2f400\" class=\"taParagraph text-base container mx-auto\">\n        <p>Unsere Funrafting- und Stand-Up-Paddleboarding-Touren sind einfache Touren auf dem Ticino-Fluss. Das klare, t\u00fcrkisfarbene Wasser des Ticino schl\u00e4ngelt sich durch einen verzweigten Pfad entlang eines breiten Kiesbetts und bildet dabei Inseln und breite Str\u00e4nde, w\u00e4hrend die atemberaubenden Gipfel der Tessiner Alpen stolz dar\u00fcber stehen.<\/p>\n<p>Du und deine Freunde steuern eure eigenen aufblasbaren Miniboote oder Paddelboards, w\u00e4hrend unsere Guides in Begleitkajaks euch helfen, dieses Abenteuer problemlos zu meistern. Dies ist eine fantastische M\u00f6glichkeit f\u00fcr Gruppen jeder Art, die nat\u00fcrliche Sch\u00f6nheit des Tessins zu entdecken.<\/p>\n<p>*Morgens und nachmittags werden im Sommer t\u00e4glich Ausfl\u00fcge angeboten.<\/p>\n    <\/div>\n\n\n\n<div style=\"height:50px\" aria-hidden=\"true\" class=\"wp-block-spacer\"><\/div>\n\n\n\n        <div id=\"ta-block_a01e91a9391ad75a596c92335fddf702\" class=\"taActivityList container mx-auto grid grid-cols-1 sm:grid-cols-2 lg:grid-cols-3 2xl:grid-cols-4 gap-8 mb-16\">\n            \n<a href=\"https:\/\/ticinoadventures.com\/de\/produkt\/river-fun-rafting\/\" class=\"product-link no-underline text-foreground\">\n            <div class=\"relative\">\n            <div class=\"absolute top-0 left-0 right-0 w-ful\">\n                            <\/div>\n            <img loading=\"lazy\" decoding=\"async\" width=\"400\" height=\"400\" src=\"data:image\/gif;base64,R0lGODlhAQABAAAAACH5BAEKAAEALAAAAAABAAEAAAICTAEAOw==\" class=\"product-image lazyload\" alt=\"Fun Rafting im Tessin\" sizes=\"auto, (max-width: 400px) 100vw, 400px\" data-src=\"https:\/\/ticinoadventures.com\/wp-content\/uploads\/2017\/04\/rafting-adults-group-activity-ticino-adventures-outdoor-activities-hero-1-400x400.jpg\" data-srcset=\"https:\/\/ticinoadventures.com\/wp-content\/uploads\/2017\/04\/rafting-adults-group-activity-ticino-adventures-outdoor-activities-hero-1-400x400.jpg 400w, https:\/\/ticinoadventures.com\/wp-content\/uploads\/2017\/04\/rafting-adults-group-activity-ticino-adventures-outdoor-activities-hero-1-100x100.jpg 100w, https:\/\/ticinoadventures.com\/wp-content\/uploads\/2017\/04\/rafting-adults-group-activity-ticino-adventures-outdoor-activities-hero-1-150x150.jpg 150w\">                    <\/div>\n    \n    <div class=\"p-2 flex justify-between items-start font-semibold\">\n        <h3 class=\"text-sm leading-4\">River &#8211; Fun Rafting<\/h3>\n        <div class=\"leading-none\">ab <span class=\"woocommerce-Price-amount amount\"><bdi><span class=\"woocommerce-Price-currencySymbol\">&#67;&#72;&#70;<\/span>640.00<\/bdi><\/span><\/div>\n    <\/div>\n<\/a>        <\/div>\n\n    ","protected":false},"excerpt":{"rendered":"<p>Cruising down the Ticino river never felt so good. Enjoy the clear turquoise water with a group of friends for an epic day out.<\/p>\n","protected":false},"author":1,"featured_media":1636,"parent":0,"menu_order":0,"comment_status":"closed","ping_status":"closed","template":"page-category-template.php","meta":{"_acf_changed":false,"footnotes":""},"class_list":["post-3323","page","type-page","status-publish","has-post-thumbnail","hentry"],"acf":[],"_links":{"self":[{"href":"https:\/\/ticinoadventures.com\/de\/wp-json\/wp\/v2\/pages\/3323","targetHints":{"allow":["GET"]}}],"collection":[{"href":"https:\/\/ticinoadventures.com\/de\/wp-json\/wp\/v2\/pages"}],"about":[{"href":"https:\/\/ticinoadventures.com\/de\/wp-json\/wp\/v2\/types\/page"}],"author":[{"embeddable":true,"href":"https:\/\/ticinoadventures.com\/de\/wp-json\/wp\/v2\/users\/1"}],"replies":[{"embeddable":true,"href":"https:\/\/ticinoadventures.com\/de\/wp-json\/wp\/v2\/comments?post=3323"}],"version-history":[{"count":0,"href":"https:\/\/ticinoadventures.com\/de\/wp-json\/wp\/v2\/pages\/3323\/revisions"}],"wp:featuredmedia":[{"embeddable":true,"href":"https:\/\/ticinoadventures.com\/de\/wp-json\/wp\/v2\/media\/1636"}],"wp:attachment":[{"href":"https:\/\/ticinoadventures.com\/de\/wp-json\/wp\/v2\/media?parent=3323"}],"curies":[{"name":"wp","href":"https:\/\/api.w.org\/{rel}","templated":true}]}}