{"id":7954,"date":"2017-11-10T19:58:01","date_gmt":"2017-11-10T18:58:01","guid":{"rendered":"http:\/\/ticinoadventures.com\/shop\/"},"modified":"2024-04-12T19:02:18","modified_gmt":"2024-04-12T17:02:18","slug":"einzelhandelsgeschaeft","status":"publish","type":"page","link":"https:\/\/ticinoadventures.com\/de\/einzelhandelsgeschaeft\/","title":{"rendered":"Einzelhandelsgesch\u00e4ft"},"content":{"rendered":"\n    <h3 class=\"container mx-auto\" style=\"text-align:left;\">Was immer du brauchst<\/h3>\n\n\n\n<div style=\"height:25px\" aria-hidden=\"true\" class=\"wp-block-spacer\"><\/div>\n\n\n\n    <div id=\"ta-block_063bcf77754338d0a8a845c5601669e5\" class=\"taParagraph text-base container mx-auto\">\n        <p><strong>Bereite dich auf dein Abenteuer vor. Willkommen im Base Shop.<\/strong><\/p>\n<p>Wir f\u00fchren eine gro\u00dfe Auswahl an Ausr\u00fcstung, darunter Ripcurl Neoprenanz\u00fcge, Seile und Hardware von Edelrid, Petzl, CT und anderen Herstellern. Bitte kontaktiere uns, wenn du dich \u00fcber einen bestimmten Artikel erkundigen oder einen Termin vereinbaren m\u00f6chtest, um unsere Auswahl zu \u00fcberpr\u00fcfen.<\/p>\n<p>Wenn du etwas brauchst, <a href=\"https:\/\/ticinoadventures.com\/de\/kontakt\/\">lass es uns wissen<\/a>, dann k\u00f6nnen wir es wahrscheinlich f\u00fcr dich besorgen.<\/p>\n    <\/div>\n\n\n\n<div style=\"height:50px\" aria-hidden=\"true\" class=\"wp-block-spacer\"><\/div>\n\n\n\n        <div id=\"ta-block_98aad813d71c44182a9b5d2e90927fa1\" class=\"taActivityList container mx-auto grid grid-cols-1 sm:grid-cols-2 lg:grid-cols-3 2xl:grid-cols-4 gap-8 mb-16\">\n            \n<a href=\"https:\/\/ticinoadventures.com\/de\/produkt\/geschenkgutschein\/\" class=\"product-link no-underline text-foreground\">\n            <div class=\"relative\">\n            <div class=\"absolute top-0 left-0 right-0 w-ful\">\n                            <\/div>\n            <img loading=\"lazy\" decoding=\"async\" width=\"400\" height=\"400\" src=\"data:image\/gif;base64,R0lGODlhAQABAAAAACH5BAEKAAEALAAAAAABAAEAAAICTAEAOw==\" class=\"product-image lazyload\" alt=\"Gutschein f\u00fcr Tessiner Abenteueraktivit\u00e4ten\" sizes=\"auto, (max-width: 400px) 100vw, 400px\" data-src=\"https:\/\/ticinoadventures.com\/wp-content\/uploads\/2017\/04\/ticino-adventures-gift-voucher-gutschein-400x400.jpg\" data-srcset=\"https:\/\/ticinoadventures.com\/wp-content\/uploads\/2017\/04\/ticino-adventures-gift-voucher-gutschein-400x400.jpg 400w, https:\/\/ticinoadventures.com\/wp-content\/uploads\/2017\/04\/ticino-adventures-gift-voucher-gutschein-100x100.jpg 100w, https:\/\/ticinoadventures.com\/wp-content\/uploads\/2017\/04\/ticino-adventures-gift-voucher-gutschein-510x510.jpg 510w, https:\/\/ticinoadventures.com\/wp-content\/uploads\/2017\/04\/ticino-adventures-gift-voucher-gutschein-150x150.jpg 150w, https:\/\/ticinoadventures.com\/wp-content\/uploads\/2017\/04\/ticino-adventures-gift-voucher-gutschein-300x300.jpg 300w, https:\/\/ticinoadventures.com\/wp-content\/uploads\/2017\/04\/ticino-adventures-gift-voucher-gutschein-768x768.jpg 768w, https:\/\/ticinoadventures.com\/wp-content\/uploads\/2017\/04\/ticino-adventures-gift-voucher-gutschein.jpg 800w\">                    <\/div>\n    \n    <div class=\"p-2 flex justify-between items-start font-semibold\">\n        <h3 class=\"text-sm leading-4\">Geschenkgutschein<\/h3>\n        <div class=\"leading-none\"><\/div>\n    <\/div>\n<\/a>        <\/div>\n\n    ","protected":false},"excerpt":{"rendered":"<p>Looking for the best canyoning, rafting, biking &#038; adventure gear? Visit our shop in Ticino and hit us up if there&#8217;s something you need!<\/p>\n","protected":false},"author":1,"featured_media":1691,"parent":0,"menu_order":0,"comment_status":"closed","ping_status":"closed","template":"page-category-template.php","meta":{"_acf_changed":false,"footnotes":""},"class_list":["post-7954","page","type-page","status-publish","has-post-thumbnail","hentry"],"acf":[],"_links":{"self":[{"href":"https:\/\/ticinoadventures.com\/de\/wp-json\/wp\/v2\/pages\/7954","targetHints":{"allow":["GET"]}}],"collection":[{"href":"https:\/\/ticinoadventures.com\/de\/wp-json\/wp\/v2\/pages"}],"about":[{"href":"https:\/\/ticinoadventures.com\/de\/wp-json\/wp\/v2\/types\/page"}],"author":[{"embeddable":true,"href":"https:\/\/ticinoadventures.com\/de\/wp-json\/wp\/v2\/users\/1"}],"replies":[{"embeddable":true,"href":"https:\/\/ticinoadventures.com\/de\/wp-json\/wp\/v2\/comments?post=7954"}],"version-history":[{"count":0,"href":"https:\/\/ticinoadventures.com\/de\/wp-json\/wp\/v2\/pages\/7954\/revisions"}],"wp:featuredmedia":[{"embeddable":true,"href":"https:\/\/ticinoadventures.com\/de\/wp-json\/wp\/v2\/media\/1691"}],"wp:attachment":[{"href":"https:\/\/ticinoadventures.com\/de\/wp-json\/wp\/v2\/media?parent=7954"}],"curies":[{"name":"wp","href":"https:\/\/api.w.org\/{rel}","templated":true}]}}