{"id":8630,"date":"2017-04-17T11:00:58","date_gmt":"2017-04-17T09:00:58","guid":{"rendered":"http:\/\/ticino-adventures.local\/abenteuer-ratings\/"},"modified":"2024-04-12T17:46:23","modified_gmt":"2024-04-12T15:46:23","slug":"bewertungssystem","status":"publish","type":"page","link":"https:\/\/ticinoadventures.com\/de\/bewertungssystem\/","title":{"rendered":"Bewertungssystem"},"content":{"rendered":"\n    <h3 class=\"container mx-auto\" style=\"text-align:left;\">Was bedeutet das alles?<\/h3>\n\n\n\n<div style=\"height:25px\" aria-hidden=\"true\" class=\"wp-block-spacer\"><\/div>\n\n\n\n    <div id=\"ta-block_b1249452fa391f5239501f8e57639c6e\" class=\"taParagraph text-base container mx-auto\">\n        <p><strong>Welches Abenteuer ist das richtige f\u00fcr dich?<\/strong><\/p>\n<p>Alle unsere Abenteuer erfordern ein gewisses Ma\u00df an k\u00f6rperlicher Aktivit\u00e4t. Sie sind praxisnah und beinhalten die Elemente der Natur. Genau so m\u00f6gen wir es!<\/p>\n<p>Wir haben jede Aktivit\u00e4t nach Dauer, Schwierigkeitsgrad, Art und Action bewertet. Dies sind nur Richtlinien. Alle Aktivit\u00e4ten sind wetterabh\u00e4ngig, was sich darauf auswirken kann, wie anspruchsvoll eine Aktivit\u00e4t ist.<\/p>\n<p>Die Wahl des richtigen Abenteuers f\u00fcr deine F\u00e4higkeiten ist wichtig f\u00fcr deine Sicherheit und dein Vergn\u00fcgen. Werfen wir einen Blick darauf, wie die einzelnen Bewertungen zustande kommen.<\/p>\n    <\/div>\n\n\n\n<div style=\"height:25px\" aria-hidden=\"true\" class=\"wp-block-spacer\"><\/div>\n\n\n\n    <div id=\"ta-block_162a140d05b5a509eaf40089492fbee5\" class=\"taDropdown container mx-auto\">\n\n                                    <div class=\"border-b border-foreground px-1 py-3\">\n                    <h4 class=\"faq-question cursor-pointer text-base font-semibold\">Dauer<\/h4>\n                    <div class=\"faq-answer hidden p-2\"><p>Wir haben Abenteuer, die zwischen 2 und 8 Stunden dauern. Damit kannst du herausfinden, was du an einem Tag schaffen kannst (manchmal kannst du auch zwei Ausfl\u00fcge machen!) oder wie viel du dir zutraust.<\/p>\n<p>Bitte beachte, dass einige der k\u00fcrzeren Trips sehr intensiv sind. Deshalb ist es immer eine gute Idee, die Dauer mit der Einstufung der jeweiligen Aktivit\u00e4t zu kombinieren.<\/p>\n<\/div>\n                <\/div>\n                            <div class=\"border-b border-foreground px-1 py-3\">\n                    <h4 class=\"faq-question cursor-pointer text-base font-semibold\">Level<\/h4>\n                    <div class=\"faq-answer hidden p-2\"><p>Unsere angegebenen Schwierigkeitsgrade (Level 1 bis 4) sind Richtwerte und gelten f\u00fcr ideale Au\u00dfenbedingungen. Wir sind daf\u00fcr da, dir ein sicheres Erlebnis zu bieten. Das kann bedeuten, dass wir die Tour verschieben oder eine alternative Tour vorschlagen, wenn das Wetter die von dir gebuchte Tour stark beeintr\u00e4chtigt hat.<\/p>\n<p>1 Leicht, Anf\u00e4ngerniveau (ab 10 Jahren).<br \/>\n2 Mittel, geeignet f\u00fcr sportliche Anf\u00e4nger (ab 10 Jahren).<br \/>\n3 Schwierig, geeignet f\u00fcr sportliche Personen mit Erfahrung in der gew\u00e4hlten Aktivit\u00e4t (ab 16 Jahren).<br \/>\n4 Schwierig bis sehr schwierig, nur f\u00fcr fortgeschrittene Enthusiasten der gew\u00e4hlten Aktivit\u00e4t geeignet (ab 18 Jahren).<\/p>\n<p><strong>Beispiel Radfahren:<\/strong><br \/>\n1 \u00dcberwiegend glatte Wege mit wenigen Steinen. Nicht sehr steil. Nicht ausgesetzt.<br \/>\n2 Einige felsige Abschnitte. Wird etwas steiler, mit einigen kurzen ausgesetzten Abschnitten.<br \/>\n3 Viele Felsen mit Steilabbr\u00fcchen. Steil. Exponierte Abschnitte.<br \/>\n4 Gro\u00dfe Felsen, Spr\u00fcnge, gro\u00dfe Abh\u00e4nge. Sehr steil. Viel ausgesetzt.<\/p>\n<\/div>\n                <\/div>\n                            <div class=\"border-b border-foreground px-1 py-3\">\n                    <h4 class=\"faq-question cursor-pointer text-base font-semibold\">Natur<\/h4>\n                    <div class=\"faq-answer hidden p-2\"><p>Das Tessin ist einer der vielf\u00e4ltigsten Orte auf der Welt. In diese mediterrane Umgebung einzutauchen, ist f\u00fcr uns jeden einzelnen Tag des Jahres eine 5! Aber wir alle vergleichen gerne.<\/p>\n<p>Keine Frage, wenn du Canyoning ausprobieren willst, ist das Tessin die beste Region der Welt. Ein lokaler Reisef\u00fchrer nennt es Eldorado Tessin, und der Name ist keine \u00dcbertreibung. Atemberaubender wei\u00dfer Granit, tiefschwarzer Gneis, kristallklares Wasser und jede Menge Sonnenschein sorgen f\u00fcr eine unvergleichliche Canyoning-Umgebung.<\/p>\n<p>Auch hier bewerten wir unsere Touren mit f\u00fcnf Punkten, aber sei dir bitte bewusst, dass unsere 2en irgendwo anders auf der Welt 5en w\u00e4ren!<\/p>\n<\/div>\n                <\/div>\n                            <div class=\"border-b border-foreground px-1 py-3\">\n                    <h4 class=\"faq-question cursor-pointer text-base font-semibold\">Aktion<\/h4>\n                    <div class=\"faq-answer hidden p-2\"><p>Die &#8222;Action&#8220;-Bewertung ist unsere Art, die dynamischen Elemente einer Reise zu bewerten. Je h\u00f6her die Bewertung, desto intensiver ist die Reise. Eine niedrigere Bewertung erfordert weniger Mut, ist aber trotzdem k\u00f6rperlich anstrengend.<\/p>\n<p><strong>Beispiel Canyoning:<\/strong><br \/>\n<em>Hohe Bewertung<\/em> = mehr gro\u00dfe Spr\u00fcnge und Rutschen mit weniger Abseilen.<br \/>\n<em>Niedrige Bewertung<\/em> = relativ wenig Springen und Rutschen mit l\u00e4ngeren Gel\u00e4nde- oder Schwimmpassagen und mehr Abseilen.<\/p>\n<p>Das bedeutet mehr Zeit, um die nat\u00fcrliche Sch\u00f6nheit des Ortes zu genie\u00dfen.<\/p>\n<\/div>\n                <\/div>\n                        <\/div>\n\n\n\n<div style=\"height:100px\" aria-hidden=\"true\" class=\"wp-block-spacer\"><\/div>\n","protected":false},"excerpt":{"rendered":"<p>Which adventures is right for you? We have a number of ratings for each trip to help you choose a trip that matches what you&#8217;re after!<\/p>\n","protected":false},"author":1,"featured_media":1428,"parent":0,"menu_order":0,"comment_status":"closed","ping_status":"closed","template":"page-category-template.php","meta":{"_acf_changed":false,"footnotes":""},"class_list":["post-8630","page","type-page","status-publish","has-post-thumbnail","hentry"],"acf":[],"_links":{"self":[{"href":"https:\/\/ticinoadventures.com\/de\/wp-json\/wp\/v2\/pages\/8630","targetHints":{"allow":["GET"]}}],"collection":[{"href":"https:\/\/ticinoadventures.com\/de\/wp-json\/wp\/v2\/pages"}],"about":[{"href":"https:\/\/ticinoadventures.com\/de\/wp-json\/wp\/v2\/types\/page"}],"author":[{"embeddable":true,"href":"https:\/\/ticinoadventures.com\/de\/wp-json\/wp\/v2\/users\/1"}],"replies":[{"embeddable":true,"href":"https:\/\/ticinoadventures.com\/de\/wp-json\/wp\/v2\/comments?post=8630"}],"version-history":[{"count":0,"href":"https:\/\/ticinoadventures.com\/de\/wp-json\/wp\/v2\/pages\/8630\/revisions"}],"wp:featuredmedia":[{"embeddable":true,"href":"https:\/\/ticinoadventures.com\/de\/wp-json\/wp\/v2\/media\/1428"}],"wp:attachment":[{"href":"https:\/\/ticinoadventures.com\/de\/wp-json\/wp\/v2\/media?parent=8630"}],"curies":[{"name":"wp","href":"https:\/\/api.w.org\/{rel}","templated":true}]}}