{"id":8638,"date":"2017-03-19T23:04:46","date_gmt":"2017-03-19T22:04:46","guid":{"rendered":"http:\/\/ticino-adventures.local\/safety\/"},"modified":"2024-04-12T19:10:27","modified_gmt":"2024-04-12T17:10:27","slug":"sicherheit","status":"publish","type":"page","link":"https:\/\/ticinoadventures.com\/de\/sicherheit\/","title":{"rendered":"Sicherheit"},"content":{"rendered":"\n    <h3 class=\"container mx-auto\" style=\"text-align:left;\">Sicherheit geht vor. Keine Ausnahmen!<\/h3>\n\n\n\n<div style=\"height:25px\" aria-hidden=\"true\" class=\"wp-block-spacer\"><\/div>\n\n\n\n    <div id=\"ta-block_bcc24af5d7785aabf916bd47c33f14c4\" class=\"taParagraph text-base container mx-auto\">\n        <p><strong>Immer lernen, immer aktuell.<\/strong><\/p>\n<p>Wir tun unser Bestes, um deine Sicherheit zu gew\u00e4hrleisten. Deshalb haben wir uns bereits 2004 von Safety in Adventures zertifizieren lassen. Im Jahr 2020 wurden wir nach der ISO-Norm 21101 f\u00fcr Outdoor-Aktivit\u00e4ten zertifiziert. Alle unsere Aktivit\u00e4ten unterliegen strengen Sicherheitsvorschriften, die j\u00e4hrlich von SGS \u00fcberpr\u00fcft werden.<\/p>\n    <\/div>\n\n\n\n<div style=\"height:25px\" aria-hidden=\"true\" class=\"wp-block-spacer\"><\/div>\n\n\n    <div id=\"ta-block_1d73eeeb5e1ac8c526482926435348ca\" class=\"taImage container mx-auto\">\n                    <img decoding=\"async\" src=\"data:image\/gif;base64,R0lGODlhAQABAAAAACH5BAEKAAEALAAAAAABAAEAAAICTAEAOw==\" alt=\"\" style=\"margin-right: auto; margin-left: 0;; width:50px; border-radius: 0.5rem;\" class=\"lazyload\" data-src=\"\">\n            <\/div>\n\n\n\n    <h4 class=\"container mx-auto\" style=\"text-align:left;\">ISO 21101<\/h4>\n\n\n\n    <div id=\"ta-block_f81be8d62516d298074c74a9cd4d32af\" class=\"taParagraph text-base container mx-auto\">\n        <p>Im Jahr 2020 wurden wir nach der Norm ISO 21101 f\u00fcr Outdoor-Aktivit\u00e4ten zertifiziert.<\/p>\n    <\/div>\n\n\n\n<div style=\"height:25px\" aria-hidden=\"true\" class=\"wp-block-spacer\"><\/div>\n\n\n    <div id=\"ta-block_e371aa2b1e9d68fa903d0fbf301d8e4f\" class=\"taImage container mx-auto\">\n                    <img decoding=\"async\" src=\"data:image\/gif;base64,R0lGODlhAQABAAAAACH5BAEKAAEALAAAAAABAAEAAAICTAEAOw==\" alt=\"Swiss Outdoor Association\" style=\"margin-right: auto; margin-left: 0;; width:50px; border-radius: 0.5rem;\" class=\"lazyload\" data-src=\"https:\/\/ticinoadventures.com\/wp-content\/uploads\/2018\/01\/swiss-outdoor-association-soa-logo.png\">\n            <\/div>\n\n\n\n    <h4 class=\"container mx-auto\" style=\"text-align:left;\">Ausbildung<\/h4>\n\n\n\n    <div id=\"ta-block_f54ea2b551ef0e06a6a0dea19718544c\" class=\"taParagraph text-base container mx-auto\">\n        <p>Alle unsere Guides haben eine Ausbildung und Zertifizierung durch die Swiss Outdoor Association (SOA) oder die Commission International de Canyon (CIC) erhalten. Wir bem\u00fchen uns, diesen hohen Sicherheits- und Qualit\u00e4tsstandard durch unser eigenes intensives j\u00e4hrliches Trainingsprogramm aufrechtzuerhalten.<\/p>\n    <\/div>\n\n\n\n<div style=\"height:25px\" aria-hidden=\"true\" class=\"wp-block-spacer\"><\/div>\n\n\n    <div id=\"ta-block_0607c1b5201c43c51aef409542ef0c36\" class=\"taImage container mx-auto\">\n                    <img decoding=\"async\" src=\"data:image\/gif;base64,R0lGODlhAQABAAAAACH5BAEKAAEALAAAAAABAAEAAAICTAEAOw==\" alt=\"Ticino Adventures Safety\" style=\"margin-right: auto; margin-left: 0;; width:120px; ;\" class=\"lazyload\" data-src=\"https:\/\/ticinoadventures.com\/wp-content\/uploads\/2018\/01\/rega_switzerland_safety_canyoning_biking_rafting.svg\">\n            <\/div>\n\n\n\n    <h4 class=\"container mx-auto\" style=\"text-align:left;\">Hat die Rega auch f\u00fcr dich gesorgt?<\/h4>\n\n\n\n    <div id=\"ta-block_3dda5de9d94be0813b1da59a1b58e4ea\" class=\"taParagraph text-base container mx-auto\">\n        <p>Wir tun alles, was in unserer Macht steht, um dir ein sicheres Umfeld zu bieten, damit du einzigartige Erlebnisse genie\u00dfen kannst. Die Realit\u00e4t sieht jedoch so aus, dass wir Aktivit\u00e4ten unternehmen, die mit den Elementen (Wetter) zu tun haben.<\/p>\n<p>Wir empfehlen allen, die sich noch nicht bei der Rega angemeldet haben, dies zu tun, bevor sie eine Reise antreten. Es ist ein kleiner Preis f\u00fcr den Seelenfrieden, wenn das &#8222;Was-w\u00e4re-wenn-Szenario&#8220; eintritt.<\/p>\n<p><strong>Was ist die Rega?<\/strong><br \/>\nDie Rega bietet ihren Mitgliedern medizinische Notfallhilfe aus der Luft. Sie betreibt Hubschrauber und Ambulanzflugzeuge mit qualifiziertem und erfahrenem Personal, um komplizierte Rettungsaktionen durchzuf\u00fchren. Sie ist eine privat gef\u00fchrte, gemeinn\u00fctzige Stiftung, deren einzige Aufgabe die sichere Rettung von Menschen in Not ist.<\/p>\n<p>Die Rega wird von ihren Mitgliedern finanziert. Im Gegenzug \u00fcbernimmt sie die Kosten f\u00fcr Rettungseins\u00e4tze, die f\u00fcr ihre Mitglieder durchgef\u00fchrt werden, falls deine Versicherung nicht zahlen muss.<\/p>\n<p>F\u00fcr <strong>30chf im Jahr<\/strong> ist das ein absolutes Muss f\u00fcr alle, die in der Schweiz Abenteueraktivit\u00e4ten unternehmen.<\/p>\n    <\/div>\n\n\n\n<div style=\"height:25px\" aria-hidden=\"true\" class=\"wp-block-spacer\"><\/div>\n\n\n\n    <div id=\"ta-block_eb3e27414111f950bab30e6076430678\" class=\"taButton container mx-auto\">\n        <div class=\"flex justify-start\">\n            <a href=\"https:\/\/www.rega.ch\/\" class=\"flex justify-center items-center uppercase rounded no-underline leading-none px-6 py-3 text-lg bg-tagreen text-background\" target=\"_blank\">Werde Mitglied der Rega<\/a>\n        <\/div>\n    \n\n\n<div style=\"height:100px\" aria-hidden=\"true\" class=\"wp-block-spacer\"><\/div>\n","protected":false},"excerpt":{"rendered":"<p>Certified by Safety in Adventures we are serious about safety with no exceptions! All our activities are subject to highest standards.<\/p>\n","protected":false},"author":1,"featured_media":1442,"parent":0,"menu_order":0,"comment_status":"closed","ping_status":"closed","template":"page-category-template.php","meta":{"_acf_changed":false,"footnotes":""},"class_list":["post-8638","page","type-page","status-publish","has-post-thumbnail","hentry"],"acf":[],"_links":{"self":[{"href":"https:\/\/ticinoadventures.com\/de\/wp-json\/wp\/v2\/pages\/8638","targetHints":{"allow":["GET"]}}],"collection":[{"href":"https:\/\/ticinoadventures.com\/de\/wp-json\/wp\/v2\/pages"}],"about":[{"href":"https:\/\/ticinoadventures.com\/de\/wp-json\/wp\/v2\/types\/page"}],"author":[{"embeddable":true,"href":"https:\/\/ticinoadventures.com\/de\/wp-json\/wp\/v2\/users\/1"}],"replies":[{"embeddable":true,"href":"https:\/\/ticinoadventures.com\/de\/wp-json\/wp\/v2\/comments?post=8638"}],"version-history":[{"count":0,"href":"https:\/\/ticinoadventures.com\/de\/wp-json\/wp\/v2\/pages\/8638\/revisions"}],"wp:featuredmedia":[{"embeddable":true,"href":"https:\/\/ticinoadventures.com\/de\/wp-json\/wp\/v2\/media\/1442"}],"wp:attachment":[{"href":"https:\/\/ticinoadventures.com\/de\/wp-json\/wp\/v2\/media?parent=8638"}],"curies":[{"name":"wp","href":"https:\/\/api.w.org\/{rel}","templated":true}]}}