{"id":20253,"date":"2019-09-20T16:00:53","date_gmt":"2019-09-20T14:00:53","guid":{"rendered":"http:\/\/ticinoadventures.com\/?post_type=product&#038;p=20253"},"modified":"2024-06-20T16:47:08","modified_gmt":"2024-06-20T14:47:08","slug":"familien-canyoning","status":"publish","type":"product","link":"https:\/\/ticinoadventures.com\/de\/produkt\/familien-canyoning\/","title":{"rendered":"Familien Canyoning"},"content":{"rendered":"<div class=\"flex flex-grow flex-col max-w-full\">\n<div class=\"min-h-[20px] text-message flex flex-col items-start whitespace-pre-wrap break-words [.text-message+&amp;]:mt-5 juice:w-full juice:items-end overflow-x-auto gap-3\" dir=\"auto\" data-message-author-role=\"assistant\" data-message-id=\"ddfa0c77-4dbc-4bee-aece-4e753a3d6e97\">\n<div class=\"markdown prose w-full break-words dark:prose-invert light\">\n<p>Wir haben dieses Abenteuer speziell f\u00fcr Familien entwickelt und es ist geeignet f\u00fcr Kinder ab 20 kg. Erleben Sie Familien Canyoning im Tessin in einer der sch\u00f6nsten und verspieltesten Schluchten der Region, mit dem Ziel, Spa\u00df zu haben und die Freude am Canyoning zu entdecken. Das kristallklare, blaue Wasser und die polierten Gneisfelsen offenbaren die beeindruckende nat\u00fcrliche Sch\u00f6nheit des Tessins.<\/p>\n<p>Mit zahlreichen kleinen bis mittleren Rutschen und Spr\u00fcngen (max. 6 m, alle Spr\u00fcnge optional) ist garantiert, dass der Spa\u00df auf hohem Niveau bleibt. Unsere Tour bietet eine perfekte Mischung aus Abenteuer und Naturerlebnis, ideal f\u00fcr Familien, die gemeinsam unvergessliche Momente erleben m\u00f6chten. Kommen Sie und entdecken Sie die Faszination des Canyoning im Tessin mit uns!<\/p>\n<p>Diese speziell f\u00fcr Familien entwickelte Canyoning-Tour ist eine wunderbare M\u00f6glichkeit, die nat\u00fcrliche Sch\u00f6nheit des Tessins zu erleben und gleichzeitig eine aufregende Aktivit\u00e4t mit der ganzen Familie zu teilen. Wir achten besonders auf die Sicherheit und das Wohlbefinden unserer G\u00e4ste, und unsere erfahrenen Guides sorgen daf\u00fcr, dass jeder Sprung und jede Rutsche sicher und unvergesslich sind. Kinder ab 20 kg k\u00f6nnen problemlos teilnehmen, und alle Spr\u00fcnge sind optional, sodass jeder Teilnehmer das Erlebnis nach seinen eigenen Vorlieben gestalten kann.<\/p>\n<p>Das kristallklare Wasser und die atemberaubenden Felsformationen bieten eine perfekte Kulisse f\u00fcr dieses Abenteuer. Die Tour ist so konzipiert, dass sie sowohl f\u00fcr Anf\u00e4nger als auch f\u00fcr erfahrene Canyoning-Enthusiasten geeignet ist. Unsere Guides sind stets bem\u00fcht, den Teilnehmern die bestm\u00f6gliche Erfahrung zu bieten, indem sie ihre Kenntnisse und F\u00e4higkeiten teilen und gleichzeitig f\u00fcr ein sicheres Umfeld sorgen.<\/p>\n<p>Wir laden Sie herzlich ein, an diesem einzigartigen Erlebnis teilzunehmen und die Freude und den Nervenkitzel des Canyoning im Tessin zu entdecken. Machen Sie mit uns eine Reise durch eine der sch\u00f6nsten Schluchten der Region und schaffen Sie Erinnerungen, die ein Leben lang halten werden. Wir freuen uns darauf, Sie und Ihre Familie bei diesem Abenteuer begr\u00fc\u00dfen zu d\u00fcrfen!<\/p>\n<\/div>\n<\/div>\n<\/div>\n","protected":false},"excerpt":{"rendered":"<p>Wir haben dieses Abenteuer speziell f\u00fcr Familien entwickelt und es ist geeignet f\u00fcr Kinder ab 20 kg. Erleben Sie Familien Canyoning im Tessin in einer der sch\u00f6nsten und verspieltesten Schluchten der Region, mit dem Ziel, Spa\u00df zu haben und die Freude am Canyoning zu entdecken. Das kristallklare, blaue Wasser und die polierten Gneisfelsen offenbaren die<a href=\"https:\/\/ticinoadventures.com\/de\/produkt\/familien-canyoning\/\"><span class=\"sr-only\">&#8222;Familien Canyoning&#8220;<\/span> weiterlesen<\/a><\/p>\n","protected":false},"featured_media":95678,"template":"","meta":{"_acf_changed":false},"product_brand":[],"product_cat":[273,64],"product_tag":[],"class_list":{"0":"post-20253","1":"product","2":"type-product","3":"status-publish","4":"has-post-thumbnail","6":"product_cat-aktivitaet","7":"product_cat-canyoning-de","9":"first","10":"instock","11":"virtual","12":"sold-individually","13":"purchasable","14":"product-type-booking"},"booking_location":"","booking_location_type":"","booking_duration":270,"booking_duration_unit":"minute","booking_buffer":60,"booking_cost":0,"booking_resources":[],"acf":[],"_links":{"self":[{"href":"https:\/\/ticinoadventures.com\/de\/wp-json\/wp\/v2\/product\/20253","targetHints":{"allow":["GET"]}}],"collection":[{"href":"https:\/\/ticinoadventures.com\/de\/wp-json\/wp\/v2\/product"}],"about":[{"href":"https:\/\/ticinoadventures.com\/de\/wp-json\/wp\/v2\/types\/product"}],"wp:featuredmedia":[{"embeddable":true,"href":"https:\/\/ticinoadventures.com\/de\/wp-json\/wp\/v2\/media\/95678"}],"wp:attachment":[{"href":"https:\/\/ticinoadventures.com\/de\/wp-json\/wp\/v2\/media?parent=20253"}],"wp:term":[{"taxonomy":"product_brand","embeddable":true,"href":"https:\/\/ticinoadventures.com\/de\/wp-json\/wp\/v2\/product_brand?post=20253"},{"taxonomy":"product_cat","embeddable":true,"href":"https:\/\/ticinoadventures.com\/de\/wp-json\/wp\/v2\/product_cat?post=20253"},{"taxonomy":"product_tag","embeddable":true,"href":"https:\/\/ticinoadventures.com\/de\/wp-json\/wp\/v2\/product_tag?post=20253"}],"curies":[{"name":"wp","href":"https:\/\/api.w.org\/{rel}","templated":true}]}}