{"id":20612,"date":"2020-01-06T01:10:57","date_gmt":"2020-01-06T00:10:57","guid":{"rendered":"http:\/\/ticinoadventures.com\/product\/adventure-cash\/"},"modified":"2024-04-13T20:41:14","modified_gmt":"2024-04-13T18:41:14","slug":"geschenkgutschein","status":"publish","type":"product","link":"https:\/\/ticinoadventures.com\/de\/produkt\/geschenkgutschein\/","title":{"rendered":"Geschenkgutschein"},"content":{"rendered":"","protected":false},"excerpt":{"rendered":"<p>Verschenke ein Abenteuer!<\/p>\n<p>Dieser Gutschein kann ausgedruckt und f\u00fcr alles, was wir bei Ticino Adventures anbieten, verwendet werden.<\/p>\n<div class=\"text-muted-foreground text-xs\">*Unsere Geschenkgutscheine sind 5 Jahre lang g\u00fcltig und k\u00f6nnen f\u00fcr alle unsere Aktivit\u00e4ten eingel\u00f6st werden. Sie sind nicht gegen Bargeld einl\u00f6sbar.<\/div>\n","protected":false},"featured_media":1650,"template":"","meta":{"_acf_changed":false},"product_brand":[],"product_cat":[59],"product_tag":[],"class_list":{"0":"post-20612","1":"product","2":"type-product","3":"status-publish","4":"has-post-thumbnail","6":"product_cat-geschenk-gutschein","8":"first","9":"instock","10":"sold-individually","11":"shipping-taxable","12":"purchasable","13":"product-type-simple"},"booking_location":null,"booking_location_type":null,"booking_duration":null,"booking_duration_unit":null,"booking_buffer":null,"booking_cost":null,"booking_resources":null,"acf":[],"_links":{"self":[{"href":"https:\/\/ticinoadventures.com\/de\/wp-json\/wp\/v2\/product\/20612","targetHints":{"allow":["GET"]}}],"collection":[{"href":"https:\/\/ticinoadventures.com\/de\/wp-json\/wp\/v2\/product"}],"about":[{"href":"https:\/\/ticinoadventures.com\/de\/wp-json\/wp\/v2\/types\/product"}],"wp:featuredmedia":[{"embeddable":true,"href":"https:\/\/ticinoadventures.com\/de\/wp-json\/wp\/v2\/media\/1650"}],"wp:attachment":[{"href":"https:\/\/ticinoadventures.com\/de\/wp-json\/wp\/v2\/media?parent=20612"}],"wp:term":[{"taxonomy":"product_brand","embeddable":true,"href":"https:\/\/ticinoadventures.com\/de\/wp-json\/wp\/v2\/product_brand?post=20612"},{"taxonomy":"product_cat","embeddable":true,"href":"https:\/\/ticinoadventures.com\/de\/wp-json\/wp\/v2\/product_cat?post=20612"},{"taxonomy":"product_tag","embeddable":true,"href":"https:\/\/ticinoadventures.com\/de\/wp-json\/wp\/v2\/product_tag?post=20612"}],"curies":[{"name":"wp","href":"https:\/\/api.w.org\/{rel}","templated":true}]}}