{"id":6903,"date":"2017-04-15T12:43:14","date_gmt":"2017-04-15T10:43:14","guid":{"rendered":"http:\/\/ticinoadventures.com\/product\/canyoning-boggera\/"},"modified":"2026-02-09T23:43:32","modified_gmt":"2026-02-09T22:43:32","slug":"canyoning-boggera","status":"publish","type":"product","link":"https:\/\/ticinoadventures.com\/de\/produkt\/canyoning-boggera\/","title":{"rendered":"Canyoning Boggera"},"content":{"rendered":"<p>Das Canyoning im Tessin ist ein wahres Paradies f\u00fcr Abenteurer, und der Boggera in Valle di Cresciano geh\u00f6rt zweifellos zu den sch\u00f6nsten Canyons der Region. Nur vier Minuten von unserem St\u00fctzpunkt entfernt gelegen, erwartet dich hier ein offener und sonniger Canyon mit mehreren Abseilstellen (max. 25 m), zahlreichen Rutschen und fantastischen Spr\u00fcngen von bis zu 10 m (alle Spr\u00fcnge sind optional). Das kristallklare Wasser und die einzigartigen Felsformationen werden dich begeistern. Die Anreisezeit betr\u00e4gt etwa 30 Minuten, die tats\u00e4chliche Zeit im Canyon betr\u00e4gt etwa 2-3 Stunden.<\/p>\n<p>Erlebe das atemberaubende Boggera-Canyoning-Abenteuer und tauche ein in die Sch\u00f6nheit dieses faszinierenden Naturschauspiels. Der Boggera-Canyon bietet eine perfekte Kombination aus Abenteuer und Naturerlebnis, ideal f\u00fcr alle, die eine neue und aufregende Aktivit\u00e4t suchen. Das Canyoning Tessin ist bekannt f\u00fcr seine Vielfalt und atemberaubende Landschaft, und der Boggera-Canyon ist ein herausragendes Beispiel daf\u00fcr.<\/p>\n<p>Unsere erfahrenen Guides sorgen daf\u00fcr, dass jede Tour sicher und unvergesslich wird. Sie begleiten dich durch die spektakul\u00e4ren Abschnitte des Canyons, geben hilfreiche Tipps und teilen ihr umfangreiches Wissen \u00fcber die Umgebung. Mit der optimalen Mischung aus Adrenalin und Naturerlebnis bietet das Canyoning im Tessin ein Erlebnis, das du nicht verpassen solltest.<\/p>\n<p>Die Spr\u00fcnge und Rutschen sind f\u00fcr alle Levels geeignet, und alle Spr\u00fcnge sind optional, sodass jeder Teilnehmer sein eigenes Tempo bestimmen kann. Der Boggera-Canyon ist nicht nur ein Highlight f\u00fcr Abenteurer, sondern auch ein Ort der Entspannung und des Genusses der nat\u00fcrlichen Sch\u00f6nheit.<\/p>\n<p>Buche noch heute deine Tour und genie\u00dfe ein unvergessliches Abenteuer inmitten der spektakul\u00e4ren Landschaft des Tessins. Entdecke die Faszination des Canyoning Tessin und erlebe unvergessliche Momente in einer der sch\u00f6nsten Naturlandschaften Europas. Wir freuen uns darauf, dich auf diesem aufregenden Abenteuer zu begleiten!<\/p>\n<p data-start=\"1234\" data-end=\"1593\">\ud83d\udccc Wichtiger Hinweis f\u00fcr Familien<br \/>\nWenn Sie Ihr Abenteuer mit Kindern unter 15 Jahren planen, empfehlen wir Ihnen unsere Familien-Canyoning-Tour, die speziell f\u00fcr j\u00fcngere Teilnehmer und ihre Familien konzipiert wurde.<br \/>\nWenn Sie sich nicht sicher sind, welche Tour am besten geeignet ist, wenden Sie sich gerne direkt an uns \u2013 wir helfen Ihnen gerne bei der Auswahl des perfekten Erlebnisses!<\/p>\n<p><a class=\"ta-button\" href=\"https:\/\/ticinoadventures.com\/de\/produkt\/familien-canyoning\/\">Familien-Canyoning-Tour<\/a><\/p>\n","protected":false},"excerpt":{"rendered":"<p>Das Canyoning im Tessin ist ein wahres Paradies f\u00fcr Abenteurer, und der Boggera in Valle di Cresciano geh\u00f6rt zweifellos zu den sch\u00f6nsten Canyons der Region. Nur vier Minuten von unserem St\u00fctzpunkt entfernt gelegen, erwartet dich hier ein offener und sonniger Canyon mit mehreren Abseilstellen (max. 25 m), zahlreichen Rutschen und fantastischen Spr\u00fcngen von bis zu<a href=\"https:\/\/ticinoadventures.com\/de\/produkt\/canyoning-boggera\/\"><span class=\"sr-only\">&#8222;Canyoning Boggera&#8220;<\/span> weiterlesen<\/a><\/p>\n","protected":false},"featured_media":1444,"template":"","meta":{"_acf_changed":false},"product_brand":[],"product_cat":[273,64,276],"product_tag":[],"class_list":{"0":"post-6903","1":"product","2":"type-product","3":"status-publish","4":"has-post-thumbnail","6":"product_cat-aktivitaet","7":"product_cat-canyoning-de","8":"product_cat-featured-de","10":"first","11":"instock","12":"virtual","13":"sold-individually","14":"purchasable","15":"product-type-booking"},"booking_location":"","booking_location_type":"","booking_duration":30,"booking_duration_unit":"minute","booking_buffer":0,"booking_cost":0,"booking_resources":[],"acf":[],"_links":{"self":[{"href":"https:\/\/ticinoadventures.com\/de\/wp-json\/wp\/v2\/product\/6903","targetHints":{"allow":["GET"]}}],"collection":[{"href":"https:\/\/ticinoadventures.com\/de\/wp-json\/wp\/v2\/product"}],"about":[{"href":"https:\/\/ticinoadventures.com\/de\/wp-json\/wp\/v2\/types\/product"}],"wp:featuredmedia":[{"embeddable":true,"href":"https:\/\/ticinoadventures.com\/de\/wp-json\/wp\/v2\/media\/1444"}],"wp:attachment":[{"href":"https:\/\/ticinoadventures.com\/de\/wp-json\/wp\/v2\/media?parent=6903"}],"wp:term":[{"taxonomy":"product_brand","embeddable":true,"href":"https:\/\/ticinoadventures.com\/de\/wp-json\/wp\/v2\/product_brand?post=6903"},{"taxonomy":"product_cat","embeddable":true,"href":"https:\/\/ticinoadventures.com\/de\/wp-json\/wp\/v2\/product_cat?post=6903"},{"taxonomy":"product_tag","embeddable":true,"href":"https:\/\/ticinoadventures.com\/de\/wp-json\/wp\/v2\/product_tag?post=6903"}],"curies":[{"name":"wp","href":"https:\/\/api.w.org\/{rel}","templated":true}]}}