{"id":72747,"date":"2022-08-28T17:27:49","date_gmt":"2022-08-28T15:27:49","guid":{"rendered":"http:\/\/ticinoadventures.com\/?post_type=product&#038;p=72747"},"modified":"2024-04-13T20:33:52","modified_gmt":"2024-04-13T18:33:52","slug":"klettersteig","status":"publish","type":"product","link":"https:\/\/ticinoadventures.com\/de\/produkt\/klettersteig\/","title":{"rendered":"Klettersteig"},"content":{"rendered":"<p>&#8222;Via Ferrata&#8220; ist eine gro\u00dfartige M\u00f6glichkeit, den Nervenkitzel des Felskletterns zu erleben, ohne dass man daf\u00fcr spezielle F\u00e4higkeiten braucht. Wir klettern eine spektakul\u00e4re Felswand mit Hilfe von Metallgriffen, die in den Fels eingelassen sind (daher der Name, der auf Italienisch &#8222;Eisenweg&#8220; bedeutet), und sichern uns gegen Absturz, indem wir unsere Klettergurte an einem Stahlseil befestigen. Der Klettersteig &#8222;Tre Signori&#8220; in der N\u00e4he von Bellinzona ist ein toller Einstieg in den Klettersteig f\u00fcr sportliche Menschen, die keine H\u00f6henangst haben. Man erreicht ihn mit einer kurzen Gondelfahrt (Gondelticket inklusive!) und einer anschlie\u00dfenden Wanderung von etwa 20 Minuten.<\/p>\n","protected":false},"excerpt":{"rendered":"<p>&#8222;Via Ferrata&#8220; ist eine gro\u00dfartige M\u00f6glichkeit, den Nervenkitzel des Felskletterns zu erleben, ohne dass man daf\u00fcr spezielle F\u00e4higkeiten braucht. Wir klettern eine spektakul\u00e4re Felswand mit Hilfe von Metallgriffen, die in den Fels eingelassen sind (daher der Name, der auf Italienisch &#8222;Eisenweg&#8220; bedeutet), und sichern uns gegen Absturz, indem wir unsere Klettergurte an einem Stahlseil befestigen.<a href=\"https:\/\/ticinoadventures.com\/de\/produkt\/klettersteig\/\"><span class=\"sr-only\">&#8222;Klettersteig&#8220;<\/span> weiterlesen<\/a><\/p>\n","protected":false},"featured_media":72759,"template":"","meta":{"_acf_changed":false},"product_brand":[],"product_cat":[273,280],"product_tag":[],"class_list":{"0":"post-72747","1":"product","2":"type-product","3":"status-publish","4":"has-post-thumbnail","6":"product_cat-aktivitaet","7":"product_cat-via-ferrata-de","9":"first","10":"instock","11":"virtual","12":"sold-individually","13":"purchasable","14":"product-type-booking"},"booking_location":"","booking_location_type":"","booking_duration":30,"booking_duration_unit":"minute","booking_buffer":0,"booking_cost":0,"booking_resources":[],"acf":[],"_links":{"self":[{"href":"https:\/\/ticinoadventures.com\/de\/wp-json\/wp\/v2\/product\/72747","targetHints":{"allow":["GET"]}}],"collection":[{"href":"https:\/\/ticinoadventures.com\/de\/wp-json\/wp\/v2\/product"}],"about":[{"href":"https:\/\/ticinoadventures.com\/de\/wp-json\/wp\/v2\/types\/product"}],"wp:featuredmedia":[{"embeddable":true,"href":"https:\/\/ticinoadventures.com\/de\/wp-json\/wp\/v2\/media\/72759"}],"wp:attachment":[{"href":"https:\/\/ticinoadventures.com\/de\/wp-json\/wp\/v2\/media?parent=72747"}],"wp:term":[{"taxonomy":"product_brand","embeddable":true,"href":"https:\/\/ticinoadventures.com\/de\/wp-json\/wp\/v2\/product_brand?post=72747"},{"taxonomy":"product_cat","embeddable":true,"href":"https:\/\/ticinoadventures.com\/de\/wp-json\/wp\/v2\/product_cat?post=72747"},{"taxonomy":"product_tag","embeddable":true,"href":"https:\/\/ticinoadventures.com\/de\/wp-json\/wp\/v2\/product_tag?post=72747"}],"curies":[{"name":"wp","href":"https:\/\/api.w.org\/{rel}","templated":true}]}}