{"id":8738,"date":"2017-05-15T23:30:23","date_gmt":"2017-05-15T21:30:23","guid":{"rendered":"http:\/\/ticino-adventures.local\/product\/from-0-to-hero\/"},"modified":"2024-04-13T23:25:43","modified_gmt":"2024-04-13T21:25:43","slug":"from-0-to-hero","status":"publish","type":"product","link":"https:\/\/ticinoadventures.com\/de\/produkt\/from-0-to-hero\/","title":{"rendered":"From 0 to Hero"},"content":{"rendered":"<p>Du willst unbedingt in die Iragna, hast aber noch keine Canyoning-Erfahrung? Melde dich f\u00fcr das 0 to Hero-Paket an und wir nehmen dich am ersten Tag mit nach Boggera, wo du alle Canyoning-F\u00e4higkeiten erlernst, und am n\u00e4chsten Tag nach Iragna, um eine der besten Schluchten des Tessins zu erleben. Eine gro\u00dfartige Kombination und du sparst 10%!<\/p>\n","protected":false},"excerpt":{"rendered":"<p>Du willst unbedingt in die Iragna, hast aber noch keine Canyoning-Erfahrung? Melde dich f\u00fcr das 0 to Hero-Paket an und wir nehmen dich am ersten Tag mit nach Boggera, wo du alle Canyoning-F\u00e4higkeiten erlernst, und am n\u00e4chsten Tag nach Iragna, um eine der besten Schluchten des Tessins zu erleben. Eine gro\u00dfartige Kombination und du sparst<a href=\"https:\/\/ticinoadventures.com\/de\/produkt\/from-0-to-hero\/\"><span class=\"sr-only\">&#8222;From 0 to Hero&#8220;<\/span> weiterlesen<\/a><\/p>\n","protected":false},"featured_media":2668,"template":"","meta":{"_acf_changed":false},"product_brand":[],"product_cat":[273,64,70],"product_tag":[],"class_list":{"0":"post-8738","1":"product","2":"type-product","3":"status-publish","4":"has-post-thumbnail","6":"product_cat-aktivitaet","7":"product_cat-canyoning-de","8":"product_cat-package-angebote","10":"first","11":"instock","12":"virtual","13":"sold-individually","14":"purchasable","15":"product-type-booking"},"booking_location":"","booking_location_type":"","booking_duration":1,"booking_duration_unit":"day","booking_buffer":0,"booking_cost":0,"booking_resources":[],"acf":[],"_links":{"self":[{"href":"https:\/\/ticinoadventures.com\/de\/wp-json\/wp\/v2\/product\/8738","targetHints":{"allow":["GET"]}}],"collection":[{"href":"https:\/\/ticinoadventures.com\/de\/wp-json\/wp\/v2\/product"}],"about":[{"href":"https:\/\/ticinoadventures.com\/de\/wp-json\/wp\/v2\/types\/product"}],"wp:featuredmedia":[{"embeddable":true,"href":"https:\/\/ticinoadventures.com\/de\/wp-json\/wp\/v2\/media\/2668"}],"wp:attachment":[{"href":"https:\/\/ticinoadventures.com\/de\/wp-json\/wp\/v2\/media?parent=8738"}],"wp:term":[{"taxonomy":"product_brand","embeddable":true,"href":"https:\/\/ticinoadventures.com\/de\/wp-json\/wp\/v2\/product_brand?post=8738"},{"taxonomy":"product_cat","embeddable":true,"href":"https:\/\/ticinoadventures.com\/de\/wp-json\/wp\/v2\/product_cat?post=8738"},{"taxonomy":"product_tag","embeddable":true,"href":"https:\/\/ticinoadventures.com\/de\/wp-json\/wp\/v2\/product_tag?post=8738"}],"curies":[{"name":"wp","href":"https:\/\/api.w.org\/{rel}","templated":true}]}}