{"id":8754,"date":"2017-05-09T11:45:34","date_gmt":"2017-05-09T09:45:34","guid":{"rendered":"http:\/\/ticino-adventures.local\/product\/school-groups-gorge-adventure\/"},"modified":"2024-07-12T16:56:58","modified_gmt":"2024-07-12T14:56:58","slug":"school-groups-gorge-adventure","status":"publish","type":"product","link":"https:\/\/ticinoadventures.com\/de\/produkt\/school-groups-gorge-adventure\/","title":{"rendered":"School Groups &#8211; Gorge Adventure"},"content":{"rendered":"<p>Wenn du die nat\u00fcrliche Pracht der Tessiner Schluchten erleben m\u00f6chtest, aber kein Abseilen machen willst, dann ist unsere Schluchterkundungstour perfekt f\u00fcr dich. Wir verwenden die Schuhe, Neoprenanz\u00fcge und Helme vom Canyoning, lassen aber die Gurte weg. Ausgehend vom unteren Ende der Schlucht arbeiten wir uns mit einer Kombination aus Schwimmen und Gehen nach oben, wobei wir uns Zeit nehmen, die Landschaft zu genie\u00dfen. Wenn wir einen sch\u00f6nen Wasserfall erreichen und nicht weiterkommen, ist es Zeit, die Schlucht wieder hinunterzugehen und in den Pools entlang des Weges zu spielen. Diese Tour eignet sich hervorragend als Schulaktivit\u00e4t, da sie sowohl Spa\u00df macht als auch lehrreich ist. Sch\u00fcler k\u00f6nnen die Sch\u00f6nheit der Natur entdecken und dabei ihre Teamf\u00e4higkeiten st\u00e4rken. Unsere Schluchterkundungstour ist die ideale Schulaktivit\u00e4t, um das Schuljahr mit einem Abenteuer zu beginnen und unvergessliche Erinnerungen zu schaffen.<\/p>\n","protected":false},"excerpt":{"rendered":"<p>Wenn du die nat\u00fcrliche Pracht der Tessiner Schluchten erleben m\u00f6chtest, aber kein Abseilen machen willst, dann ist unsere Schluchterkundungstour perfekt f\u00fcr dich. Wir verwenden die Schuhe, Neoprenanz\u00fcge und Helme vom Canyoning, lassen aber die Gurte weg. Ausgehend vom unteren Ende der Schlucht arbeiten wir uns mit einer Kombination aus Schwimmen und Gehen nach oben, wobei<a href=\"https:\/\/ticinoadventures.com\/de\/produkt\/school-groups-gorge-adventure\/\"><span class=\"sr-only\">&#8222;School Groups &#8211; Gorge Adventure&#8220;<\/span> weiterlesen<\/a><\/p>\n","protected":false},"featured_media":2420,"template":"","meta":{"_acf_changed":false},"product_brand":[],"product_cat":[273,64,75],"product_tag":[],"class_list":{"0":"post-8754","1":"product","2":"type-product","3":"status-publish","4":"has-post-thumbnail","6":"product_cat-aktivitaet","7":"product_cat-canyoning-de","8":"product_cat-schulgruppen","10":"first","11":"instock","12":"virtual","13":"sold-individually","14":"purchasable","15":"product-type-booking"},"booking_location":"","booking_location_type":"","booking_duration":270,"booking_duration_unit":"minute","booking_buffer":30,"booking_cost":0,"booking_resources":[],"acf":[],"_links":{"self":[{"href":"https:\/\/ticinoadventures.com\/de\/wp-json\/wp\/v2\/product\/8754","targetHints":{"allow":["GET"]}}],"collection":[{"href":"https:\/\/ticinoadventures.com\/de\/wp-json\/wp\/v2\/product"}],"about":[{"href":"https:\/\/ticinoadventures.com\/de\/wp-json\/wp\/v2\/types\/product"}],"wp:featuredmedia":[{"embeddable":true,"href":"https:\/\/ticinoadventures.com\/de\/wp-json\/wp\/v2\/media\/2420"}],"wp:attachment":[{"href":"https:\/\/ticinoadventures.com\/de\/wp-json\/wp\/v2\/media?parent=8754"}],"wp:term":[{"taxonomy":"product_brand","embeddable":true,"href":"https:\/\/ticinoadventures.com\/de\/wp-json\/wp\/v2\/product_brand?post=8754"},{"taxonomy":"product_cat","embeddable":true,"href":"https:\/\/ticinoadventures.com\/de\/wp-json\/wp\/v2\/product_cat?post=8754"},{"taxonomy":"product_tag","embeddable":true,"href":"https:\/\/ticinoadventures.com\/de\/wp-json\/wp\/v2\/product_tag?post=8754"}],"curies":[{"name":"wp","href":"https:\/\/api.w.org\/{rel}","templated":true}]}}