{"id":8763,"date":"2017-05-09T12:03:38","date_gmt":"2017-05-09T10:03:38","guid":{"rendered":"http:\/\/ticino-adventures.local\/product\/canyoning-val-di-gei\/"},"modified":"2024-04-13T23:32:15","modified_gmt":"2024-04-13T21:32:15","slug":"canyoning-val-di-gei","status":"publish","type":"product","link":"https:\/\/ticinoadventures.com\/de\/produkt\/canyoning-val-di-gei\/","title":{"rendered":"Canyoning &#8211; Val Di Gei"},"content":{"rendered":"<p>Das Val di Gei ist der gro\u00dfe Bruder des Val Grande. Obwohl es direkt nebenan liegt, hat dieser Canyon in der Regel eine h\u00f6here Wasserf\u00fchrung, was eine k\u00fcrzere Saison bedeutet. Er hat die gleichen vertikalen B\u00e4nder aus schwarzem und wei\u00dfem Fels wie sein Bruder, aber er ist h\u00f6her und schwieriger abzuseilen (max. 45 m) und generell anspruchsvoller. Die Anfahrt dauert etwa 40 Minuten, die tats\u00e4chliche Zeit im Canyon betr\u00e4gt etwa 2-3 Stunden.<\/p>\n","protected":false},"excerpt":{"rendered":"<p>Das Val di Gei ist der gro\u00dfe Bruder des Val Grande. Obwohl es direkt nebenan liegt, hat dieser Canyon in der Regel eine h\u00f6here Wasserf\u00fchrung, was eine k\u00fcrzere Saison bedeutet. Er hat die gleichen vertikalen B\u00e4nder aus schwarzem und wei\u00dfem Fels wie sein Bruder, aber er ist h\u00f6her und schwieriger abzuseilen (max. 45 m) und<a href=\"https:\/\/ticinoadventures.com\/de\/produkt\/canyoning-val-di-gei\/\"><span class=\"sr-only\">&#8222;Canyoning &#8211; Val Di Gei&#8220;<\/span> weiterlesen<\/a><\/p>\n","protected":false},"featured_media":2185,"template":"","meta":{"_acf_changed":false},"product_brand":[],"product_cat":[273,64],"product_tag":[],"class_list":{"0":"post-8763","1":"product","2":"type-product","3":"status-publish","4":"has-post-thumbnail","6":"product_cat-aktivitaet","7":"product_cat-canyoning-de","9":"first","10":"instock","11":"virtual","12":"sold-individually","13":"purchasable","14":"product-type-booking"},"booking_location":"","booking_location_type":"","booking_duration":270,"booking_duration_unit":"minute","booking_buffer":0,"booking_cost":0,"booking_resources":[],"acf":[],"_links":{"self":[{"href":"https:\/\/ticinoadventures.com\/de\/wp-json\/wp\/v2\/product\/8763","targetHints":{"allow":["GET"]}}],"collection":[{"href":"https:\/\/ticinoadventures.com\/de\/wp-json\/wp\/v2\/product"}],"about":[{"href":"https:\/\/ticinoadventures.com\/de\/wp-json\/wp\/v2\/types\/product"}],"wp:featuredmedia":[{"embeddable":true,"href":"https:\/\/ticinoadventures.com\/de\/wp-json\/wp\/v2\/media\/2185"}],"wp:attachment":[{"href":"https:\/\/ticinoadventures.com\/de\/wp-json\/wp\/v2\/media?parent=8763"}],"wp:term":[{"taxonomy":"product_brand","embeddable":true,"href":"https:\/\/ticinoadventures.com\/de\/wp-json\/wp\/v2\/product_brand?post=8763"},{"taxonomy":"product_cat","embeddable":true,"href":"https:\/\/ticinoadventures.com\/de\/wp-json\/wp\/v2\/product_cat?post=8763"},{"taxonomy":"product_tag","embeddable":true,"href":"https:\/\/ticinoadventures.com\/de\/wp-json\/wp\/v2\/product_tag?post=8763"}],"curies":[{"name":"wp","href":"https:\/\/api.w.org\/{rel}","templated":true}]}}