{"id":8766,"date":"2017-05-03T23:50:16","date_gmt":"2017-05-03T21:50:16","guid":{"rendered":"http:\/\/ticino-adventures.local\/product\/canyoning-pontirone-integrale\/"},"modified":"2024-04-13T23:50:32","modified_gmt":"2024-04-13T21:50:32","slug":"canyoning-pontirone-integrale","status":"publish","type":"product","link":"https:\/\/ticinoadventures.com\/de\/produkt\/canyoning-pontirone-integrale\/","title":{"rendered":"Canyoning &#8211; Pontirone Integrale"},"content":{"rendered":"<p>Diese Tour ist anstrengend (500 H\u00f6henmeter auf dem Anfahrtsweg), aber sie wird dich von Anfang an begeistern. Eine Reihe von Abseilstellen (max. 50 m) l\u00e4sst dich mitten in den tiefsten Teil des Canyons fallen. Es folgen sehr sch\u00f6ne Abschnitte, abwechslungsreiche Gel\u00e4ndepassagen und beeindruckende Spalten. Eine luftige 42 m lange Abseilstelle f\u00fchrt dich in den h\u00f6hlenartigen letzten Abschnitt, den wohl spektakul\u00e4rsten Canyonabschnitt im ganzen Tessin. Mehrere interessante, technische Spr\u00fcnge f\u00fchren dich bis zum Ende durch. Die Anfahrtszeit betr\u00e4gt etwa 75 Minuten, die tats\u00e4chliche Zeit im Canyon betr\u00e4gt etwa 4-5 Stunden.<\/p>\n","protected":false},"excerpt":{"rendered":"<p>Diese Tour ist anstrengend (500 H\u00f6henmeter auf dem Anfahrtsweg), aber sie wird dich von Anfang an begeistern. Eine Reihe von Abseilstellen (max. 50 m) l\u00e4sst dich mitten in den tiefsten Teil des Canyons fallen. Es folgen sehr sch\u00f6ne Abschnitte, abwechslungsreiche Gel\u00e4ndepassagen und beeindruckende Spalten. Eine luftige 42 m lange Abseilstelle f\u00fchrt dich in den h\u00f6hlenartigen<a href=\"https:\/\/ticinoadventures.com\/de\/produkt\/canyoning-pontirone-integrale\/\"><span class=\"sr-only\">&#8222;Canyoning &#8211; Pontirone Integrale&#8220;<\/span> weiterlesen<\/a><\/p>\n","protected":false},"featured_media":45005,"template":"","meta":{"_acf_changed":false},"product_brand":[],"product_cat":[273,64],"product_tag":[],"class_list":{"0":"post-8766","1":"product","2":"type-product","3":"status-publish","4":"has-post-thumbnail","6":"product_cat-aktivitaet","7":"product_cat-canyoning-de","9":"first","10":"instock","11":"virtual","12":"sold-individually","13":"purchasable","14":"product-type-booking"},"booking_location":"","booking_location_type":"","booking_duration":7,"booking_duration_unit":"hour","booking_buffer":0,"booking_cost":0,"booking_resources":[],"acf":[],"_links":{"self":[{"href":"https:\/\/ticinoadventures.com\/de\/wp-json\/wp\/v2\/product\/8766","targetHints":{"allow":["GET"]}}],"collection":[{"href":"https:\/\/ticinoadventures.com\/de\/wp-json\/wp\/v2\/product"}],"about":[{"href":"https:\/\/ticinoadventures.com\/de\/wp-json\/wp\/v2\/types\/product"}],"wp:featuredmedia":[{"embeddable":true,"href":"https:\/\/ticinoadventures.com\/de\/wp-json\/wp\/v2\/media\/45005"}],"wp:attachment":[{"href":"https:\/\/ticinoadventures.com\/de\/wp-json\/wp\/v2\/media?parent=8766"}],"wp:term":[{"taxonomy":"product_brand","embeddable":true,"href":"https:\/\/ticinoadventures.com\/de\/wp-json\/wp\/v2\/product_brand?post=8766"},{"taxonomy":"product_cat","embeddable":true,"href":"https:\/\/ticinoadventures.com\/de\/wp-json\/wp\/v2\/product_cat?post=8766"},{"taxonomy":"product_tag","embeddable":true,"href":"https:\/\/ticinoadventures.com\/de\/wp-json\/wp\/v2\/product_tag?post=8766"}],"curies":[{"name":"wp","href":"https:\/\/api.w.org\/{rel}","templated":true}]}}