{"id":8801,"date":"2017-05-09T11:13:59","date_gmt":"2017-05-09T09:13:59","guid":{"rendered":"http:\/\/ticino-adventures.local\/product\/school-groups-soft-canyoning\/"},"modified":"2024-04-13T23:45:16","modified_gmt":"2024-04-13T21:45:16","slug":"school-groups-soft-canyoning","status":"publish","type":"product","link":"https:\/\/ticinoadventures.com\/de\/produkt\/school-groups-soft-canyoning\/","title":{"rendered":"School Groups &#8211; Soft Canyoning"},"content":{"rendered":"<p>Wir haben dieses Abenteuer speziell f\u00fcr Schulgruppen konzipiert. Wir begeben uns in eine der besten Tessiner Schluchten mit dem Ziel, Spa\u00df zu haben und die Freude am Canyoning zu erleben, ohne dass wir uns Sorgen machen m\u00fcssen, dass es &#8222;zu viel&#8220; ist. Das kristallblaue Wasser und der polierte Gneisfelsen zeigen die nat\u00fcrliche Sch\u00f6nheit des Tessins, und die vielen kleinen bis mittelgro\u00dfen Rutschen und Spr\u00fcnge (max. 6 m, alle Spr\u00fcnge optional) garantieren, dass der Spa\u00dffaktor hoch bleibt.<\/p>\n","protected":false},"excerpt":{"rendered":"<p>Wir haben dieses Abenteuer speziell f\u00fcr Schulgruppen konzipiert. Wir begeben uns in eine der besten Tessiner Schluchten mit dem Ziel, Spa\u00df zu haben und die Freude am Canyoning zu erleben, ohne dass wir uns Sorgen machen m\u00fcssen, dass es &#8222;zu viel&#8220; ist. Das kristallblaue Wasser und der polierte Gneisfelsen zeigen die nat\u00fcrliche Sch\u00f6nheit des Tessins,<a href=\"https:\/\/ticinoadventures.com\/de\/produkt\/school-groups-soft-canyoning\/\"><span class=\"sr-only\">&#8222;School Groups &#8211; Soft Canyoning&#8220;<\/span> weiterlesen<\/a><\/p>\n","protected":false},"featured_media":2429,"template":"","meta":{"_acf_changed":false},"product_brand":[],"product_cat":[273,64,75],"product_tag":[],"class_list":{"0":"post-8801","1":"product","2":"type-product","3":"status-publish","4":"has-post-thumbnail","6":"product_cat-aktivitaet","7":"product_cat-canyoning-de","8":"product_cat-schulgruppen","10":"first","11":"instock","12":"virtual","13":"sold-individually","14":"purchasable","15":"product-type-booking"},"booking_location":"","booking_location_type":"","booking_duration":270,"booking_duration_unit":"minute","booking_buffer":60,"booking_cost":0,"booking_resources":[],"acf":[],"_links":{"self":[{"href":"https:\/\/ticinoadventures.com\/de\/wp-json\/wp\/v2\/product\/8801","targetHints":{"allow":["GET"]}}],"collection":[{"href":"https:\/\/ticinoadventures.com\/de\/wp-json\/wp\/v2\/product"}],"about":[{"href":"https:\/\/ticinoadventures.com\/de\/wp-json\/wp\/v2\/types\/product"}],"wp:featuredmedia":[{"embeddable":true,"href":"https:\/\/ticinoadventures.com\/de\/wp-json\/wp\/v2\/media\/2429"}],"wp:attachment":[{"href":"https:\/\/ticinoadventures.com\/de\/wp-json\/wp\/v2\/media?parent=8801"}],"wp:term":[{"taxonomy":"product_brand","embeddable":true,"href":"https:\/\/ticinoadventures.com\/de\/wp-json\/wp\/v2\/product_brand?post=8801"},{"taxonomy":"product_cat","embeddable":true,"href":"https:\/\/ticinoadventures.com\/de\/wp-json\/wp\/v2\/product_cat?post=8801"},{"taxonomy":"product_tag","embeddable":true,"href":"https:\/\/ticinoadventures.com\/de\/wp-json\/wp\/v2\/product_tag?post=8801"}],"curies":[{"name":"wp","href":"https:\/\/api.w.org\/{rel}","templated":true}]}}