{"id":8839,"date":"2017-04-15T14:05:55","date_gmt":"2017-04-15T12:05:55","guid":{"rendered":"http:\/\/ticino-adventures.local\/product\/schools-groups-fun-rafting\/"},"modified":"2024-04-14T00:25:13","modified_gmt":"2024-04-13T22:25:13","slug":"schools-groups-fun-rafting","status":"publish","type":"product","link":"https:\/\/ticinoadventures.com\/de\/produkt\/schools-groups-fun-rafting\/","title":{"rendered":"Schools Groups &#8211; Funrafting"},"content":{"rendered":"<p>Mit Funrafting auf dem Ticino River bieten wir ein spannendes, aber sicheres Flussabenteuer zu einem besonders g\u00fcnstigen Preis f\u00fcr Schulklassen (Sch\u00fcler\/innen im Alter von 12 bis 18 Jahren). Die Sch\u00fclerinnen und Sch\u00fcler steuern das Boot allein den Fluss hinunter und trainieren dabei Teamwork und Selbstvertrauen. Je nach Gruppengr\u00f6\u00dfe werden sie von einem oder mehreren Flussf\u00fchrern in Kajaks oder Kanus (Safety Boat) begleitet. Dies ist ein Sch\u00fclerevent mit Erfolgsgarantie!<\/p>\n","protected":false},"excerpt":{"rendered":"<p>Mit Funrafting auf dem Ticino River bieten wir ein spannendes, aber sicheres Flussabenteuer zu einem besonders g\u00fcnstigen Preis f\u00fcr Schulklassen (Sch\u00fcler\/innen im Alter von 12 bis 18 Jahren). Die Sch\u00fclerinnen und Sch\u00fcler steuern das Boot allein den Fluss hinunter und trainieren dabei Teamwork und Selbstvertrauen. Je nach Gruppengr\u00f6\u00dfe werden sie von einem oder mehreren Flussf\u00fchrern<a href=\"https:\/\/ticinoadventures.com\/de\/produkt\/schools-groups-fun-rafting\/\"><span class=\"sr-only\">&#8222;Schools Groups &#8211; Funrafting&#8220;<\/span> weiterlesen<\/a><\/p>\n","protected":false},"featured_media":1642,"template":"","meta":{"_acf_changed":false},"product_brand":[],"product_cat":[271,38,49],"product_tag":[],"class_list":{"0":"post-8839","1":"product","2":"type-product","3":"status-publish","4":"has-post-thumbnail","6":"product_cat-activity","7":"product_cat-fun-rafting","8":"product_cat-school-groups","10":"first","11":"instock","12":"virtual","13":"sold-individually","14":"purchasable","15":"product-type-booking"},"booking_location":"","booking_location_type":"","booking_duration":4,"booking_duration_unit":"hour","booking_buffer":0,"booking_cost":0,"booking_resources":[],"acf":[],"_links":{"self":[{"href":"https:\/\/ticinoadventures.com\/de\/wp-json\/wp\/v2\/product\/8839","targetHints":{"allow":["GET"]}}],"collection":[{"href":"https:\/\/ticinoadventures.com\/de\/wp-json\/wp\/v2\/product"}],"about":[{"href":"https:\/\/ticinoadventures.com\/de\/wp-json\/wp\/v2\/types\/product"}],"wp:featuredmedia":[{"embeddable":true,"href":"https:\/\/ticinoadventures.com\/de\/wp-json\/wp\/v2\/media\/1642"}],"wp:attachment":[{"href":"https:\/\/ticinoadventures.com\/de\/wp-json\/wp\/v2\/media?parent=8839"}],"wp:term":[{"taxonomy":"product_brand","embeddable":true,"href":"https:\/\/ticinoadventures.com\/de\/wp-json\/wp\/v2\/product_brand?post=8839"},{"taxonomy":"product_cat","embeddable":true,"href":"https:\/\/ticinoadventures.com\/de\/wp-json\/wp\/v2\/product_cat?post=8839"},{"taxonomy":"product_tag","embeddable":true,"href":"https:\/\/ticinoadventures.com\/de\/wp-json\/wp\/v2\/product_tag?post=8839"}],"curies":[{"name":"wp","href":"https:\/\/api.w.org\/{rel}","templated":true}]}}