{"id":8881,"date":"2017-04-15T13:46:13","date_gmt":"2017-04-15T11:46:13","guid":{"rendered":"http:\/\/ticino-adventures.local\/product\/canyoning-iragna-integrale\/"},"modified":"2024-04-14T01:02:36","modified_gmt":"2024-04-13T23:02:36","slug":"canyoning-iragna-integrale","status":"publish","type":"product","link":"https:\/\/ticinoadventures.com\/de\/produkt\/canyoning-iragna-integrale\/","title":{"rendered":"Canyoning Iragna Integrale"},"content":{"rendered":"<p>Die Iragna Integrale ist ein Biest: lang, technisch und meist mit respektablem Wasserdurchfluss. F\u00fcr Canyoning-Fans, die gerne abseilen, hat sie alles, was Canyoning gro\u00dfartig macht: eine sehr beeindruckende Canyonlandschaft, kristallklares Wasser, ein paar kleine Rutschen und Spr\u00fcnge und viele lange und schwierige Abseilstellen (max. 40 m). Abenteuer pur! Die Anfahrtszeit betr\u00e4gt etwa 20 Minuten, die Zeit im Canyon etwa 5-6 Stunden.<\/p>\n","protected":false},"excerpt":{"rendered":"<p>Die Iragna Integrale ist ein Biest: lang, technisch und meist mit respektablem Wasserdurchfluss. F\u00fcr Canyoning-Fans, die gerne abseilen, hat sie alles, was Canyoning gro\u00dfartig macht: eine sehr beeindruckende Canyonlandschaft, kristallklares Wasser, ein paar kleine Rutschen und Spr\u00fcnge und viele lange und schwierige Abseilstellen (max. 40 m). Abenteuer pur! Die Anfahrtszeit betr\u00e4gt etwa 20 Minuten, die<a href=\"https:\/\/ticinoadventures.com\/de\/produkt\/canyoning-iragna-integrale\/\"><span class=\"sr-only\">&#8222;Canyoning Iragna Integrale&#8220;<\/span> weiterlesen<\/a><\/p>\n","protected":false},"featured_media":1600,"template":"","meta":{"_acf_changed":false},"product_brand":[],"product_cat":[273,64],"product_tag":[],"class_list":{"0":"post-8881","1":"product","2":"type-product","3":"status-publish","4":"has-post-thumbnail","6":"product_cat-aktivitaet","7":"product_cat-canyoning-de","9":"first","10":"instock","11":"virtual","12":"sold-individually","13":"purchasable","14":"product-type-booking"},"booking_location":"","booking_location_type":"","booking_duration":7,"booking_duration_unit":"hour","booking_buffer":0,"booking_cost":0,"booking_resources":[],"acf":[],"_links":{"self":[{"href":"https:\/\/ticinoadventures.com\/de\/wp-json\/wp\/v2\/product\/8881","targetHints":{"allow":["GET"]}}],"collection":[{"href":"https:\/\/ticinoadventures.com\/de\/wp-json\/wp\/v2\/product"}],"about":[{"href":"https:\/\/ticinoadventures.com\/de\/wp-json\/wp\/v2\/types\/product"}],"wp:featuredmedia":[{"embeddable":true,"href":"https:\/\/ticinoadventures.com\/de\/wp-json\/wp\/v2\/media\/1600"}],"wp:attachment":[{"href":"https:\/\/ticinoadventures.com\/de\/wp-json\/wp\/v2\/media?parent=8881"}],"wp:term":[{"taxonomy":"product_brand","embeddable":true,"href":"https:\/\/ticinoadventures.com\/de\/wp-json\/wp\/v2\/product_brand?post=8881"},{"taxonomy":"product_cat","embeddable":true,"href":"https:\/\/ticinoadventures.com\/de\/wp-json\/wp\/v2\/product_cat?post=8881"},{"taxonomy":"product_tag","embeddable":true,"href":"https:\/\/ticinoadventures.com\/de\/wp-json\/wp\/v2\/product_tag?post=8881"}],"curies":[{"name":"wp","href":"https:\/\/api.w.org\/{rel}","templated":true}]}}