{"id":8884,"date":"2017-04-15T13:30:59","date_gmt":"2017-04-15T11:30:59","guid":{"rendered":"http:\/\/ticino-adventures.local\/product\/canyoning-boggera-challenge\/"},"modified":"2024-07-01T13:14:59","modified_gmt":"2024-07-01T11:14:59","slug":"canyoning-boggera-challenge","status":"publish","type":"product","link":"https:\/\/ticinoadventures.com\/de\/produkt\/canyoning-boggera-challenge\/","title":{"rendered":"Canyoning Boggera Integrale"},"content":{"rendered":"<div class=\"flex flex-grow flex-col max-w-full\">\n<div class=\"min-h-[20px] text-message flex flex-col items-start whitespace-pre-wrap break-words [.text-message+&amp;]:mt-5 juice:w-full juice:items-end overflow-x-auto gap-2\" dir=\"auto\" data-message-author-role=\"assistant\" data-message-id=\"8e59d7de-5211-44ce-93fb-874615173a57\">\n<div class=\"flex w-full flex-col gap-1 juice:empty:hidden juice:first:pt-[3px]\">\n<div class=\"markdown prose w-full break-words dark:prose-invert light\">\n<p>Die Boggera Integrale ist eine fantastische Tour, um deine Fitness zu testen. \u00c4hnlich wie unsere Heli-Canyoning-Tour, aber ohne den Helikopterflug; das bedeutet, dass du den Aufstieg zu Fu\u00df bew\u00e4ltigen musst (750 H\u00f6henmeter). Sobald wir mit dem Abstieg beginnen, erwartet dich eine gro\u00dfe Vielfalt an Abseilstellen (max. 45m), nat\u00fcrlichen Rutschen und Spr\u00fcngen (max. 16m) in enge Schluchten mit kristallklaren Pools. Dies ist ein langer und abwechslungsreicher Canyon, einer der besten in einer weltweit bekannten Canyoning-Region.<\/p>\n<p>Die Anstiegszeit betr\u00e4gt etwa 90 Minuten, und die tats\u00e4chliche Zeit im Canyon liegt bei etwa 6-7 Stunden. W\u00e4hrend dieses Abenteuers erlebst du Momente voller Adrenalin und Staunen, w\u00e4hrend du in die unber\u00fchrte Sch\u00f6nheit der Natur eintauchst. Die k\u00f6rperliche Herausforderung des anf\u00e4nglichen Aufstiegs wird durch das einzigartige Erlebnis der Abfahrt durch einen der spektakul\u00e4rsten Canyons im Ticino mehr als belohnt.<\/p>\n<p>Jeder Abseilpunkt stellt eine neue Herausforderung und eine frische Perspektive auf die beeindruckende Landschaft dar, die dich umgibt. Die nat\u00fcrlichen Rutschen sind aufregend und machen Spa\u00df, w\u00e4hrend die Spr\u00fcnge in klare Pools ein Element des extremen Abenteuers hinzuf\u00fcgen. Die Vielfalt der Route macht die Boggera Integrale perfekt f\u00fcr diejenigen, die eine umfassende und intensive Canyoning-Erfahrung im Ticino suchen.<\/p>\n<p>Dar\u00fcber hinaus erm\u00f6glicht die lange Dauer der Exkursion, dass du dich vollst\u00e4ndig in die nat\u00fcrliche Umgebung einf\u00fchlen und jeden Moment des Abstiegs genie\u00dfen kannst. Ob du ein erfahrener Canyoning-Enthusiast oder ein Anf\u00e4nger auf der Suche nach einer Herausforderung bist, die Boggera Integrale bietet f\u00fcr jeden etwas.<\/p>\n<p>Bereite dich auf ein unvergessliches Erlebnis vor, bei dem deine k\u00f6rperliche Ausdauer auf die Probe gestellt wird und dein Abenteuergeist voll auf seine Kosten kommt. Schlie\u00dfe dich uns an und entdecke, warum die Boggera Integrale als eine der besten Canyoning-Touren der Welt gilt. Wir freuen uns darauf, dieses au\u00dfergew\u00f6hnliche Abenteuer mit dir zu teilen!<\/p>\n<\/div>\n<\/div>\n<\/div>\n<\/div>\n","protected":false},"excerpt":{"rendered":"<p>Die Boggera Integrale ist eine fantastische Tour, um deine Fitness zu testen. \u00c4hnlich wie unsere Heli-Canyoning-Tour, aber ohne den Helikopterflug; das bedeutet, dass du den Aufstieg zu Fu\u00df bew\u00e4ltigen musst (750 H\u00f6henmeter). Sobald wir mit dem Abstieg beginnen, erwartet dich eine gro\u00dfe Vielfalt an Abseilstellen (max. 45m), nat\u00fcrlichen Rutschen und Spr\u00fcngen (max. 16m) in enge<a href=\"https:\/\/ticinoadventures.com\/de\/produkt\/canyoning-boggera-challenge\/\"><span class=\"sr-only\">&#8222;Canyoning Boggera Integrale&#8220;<\/span> weiterlesen<\/a><\/p>\n","protected":false},"featured_media":1582,"template":"","meta":{"_acf_changed":false},"product_brand":[],"product_cat":[271,25],"product_tag":[],"class_list":{"0":"post-8884","1":"product","2":"type-product","3":"status-publish","4":"has-post-thumbnail","6":"product_cat-activity","7":"product_cat-canyoning","9":"first","10":"instock","11":"virtual","12":"sold-individually","13":"purchasable","14":"product-type-booking"},"booking_location":"","booking_location_type":"","booking_duration":8,"booking_duration_unit":"hour","booking_buffer":0,"booking_cost":0,"booking_resources":[],"acf":[],"_links":{"self":[{"href":"https:\/\/ticinoadventures.com\/de\/wp-json\/wp\/v2\/product\/8884","targetHints":{"allow":["GET"]}}],"collection":[{"href":"https:\/\/ticinoadventures.com\/de\/wp-json\/wp\/v2\/product"}],"about":[{"href":"https:\/\/ticinoadventures.com\/de\/wp-json\/wp\/v2\/types\/product"}],"wp:featuredmedia":[{"embeddable":true,"href":"https:\/\/ticinoadventures.com\/de\/wp-json\/wp\/v2\/media\/1582"}],"wp:attachment":[{"href":"https:\/\/ticinoadventures.com\/de\/wp-json\/wp\/v2\/media?parent=8884"}],"wp:term":[{"taxonomy":"product_brand","embeddable":true,"href":"https:\/\/ticinoadventures.com\/de\/wp-json\/wp\/v2\/product_brand?post=8884"},{"taxonomy":"product_cat","embeddable":true,"href":"https:\/\/ticinoadventures.com\/de\/wp-json\/wp\/v2\/product_cat?post=8884"},{"taxonomy":"product_tag","embeddable":true,"href":"https:\/\/ticinoadventures.com\/de\/wp-json\/wp\/v2\/product_tag?post=8884"}],"curies":[{"name":"wp","href":"https:\/\/api.w.org\/{rel}","templated":true}]}}