{"id":8887,"date":"2017-04-15T13:25:00","date_gmt":"2017-04-15T11:25:00","guid":{"rendered":"http:\/\/ticino-adventures.local\/product\/canyoning-lodrino\/"},"modified":"2024-04-14T01:13:33","modified_gmt":"2024-04-13T23:13:33","slug":"canyoning-lodrino","status":"publish","type":"product","link":"https:\/\/ticinoadventures.com\/de\/produkt\/canyoning-lodrino\/","title":{"rendered":"Canyoning Lodrino"},"content":{"rendered":"<p>Lodrino ist sicher einer der coolsten Ausfl\u00fcge im Tessin. Es ist ein atemberaubend sch\u00f6ner Canyon mit einer perfekten Mischung aus Spr\u00fcngen (max. 12 m) und Rutschen und ein paar gro\u00dfen Abseilstellen (max. 50 m), die f\u00fcr Abwechslung sorgen. Aufgrund des nat\u00fcrlichen Wasserflusses aus einem gro\u00dfen Abflussgebiet hat Lodrino eine kurze Saison. Wenn du \u00fcber die n\u00f6tigen F\u00e4higkeiten verf\u00fcgst und zur richtigen Zeit hier sein kannst, wird dich Lodrino garantiert nicht entt\u00e4uschen. Die Anfahrt dauert etwa 10 Minuten, die tats\u00e4chliche Zeit im Canyon betr\u00e4gt etwa 2-3 Stunden. Dieser Ausflug deckt die untere H\u00e4lfte der Lodrino-Schlucht ab. Wenn du auf der Suche nach einer noch gr\u00f6\u00dferen Herausforderung bist, solltest du dir unsere Tour Lodrino Integrale ansehen.<\/p>\n","protected":false},"excerpt":{"rendered":"<p>Lodrino ist sicher einer der coolsten Ausfl\u00fcge im Tessin. Es ist ein atemberaubend sch\u00f6ner Canyon mit einer perfekten Mischung aus Spr\u00fcngen (max. 12 m) und Rutschen und ein paar gro\u00dfen Abseilstellen (max. 50 m), die f\u00fcr Abwechslung sorgen. Aufgrund des nat\u00fcrlichen Wasserflusses aus einem gro\u00dfen Abflussgebiet hat Lodrino eine kurze Saison. Wenn du \u00fcber die<a href=\"https:\/\/ticinoadventures.com\/de\/produkt\/canyoning-lodrino\/\"><span class=\"sr-only\">&#8222;Canyoning Lodrino&#8220;<\/span> weiterlesen<\/a><\/p>\n","protected":false},"featured_media":1564,"template":"","meta":{"_acf_changed":false},"product_brand":[],"product_cat":[273,64],"product_tag":[],"class_list":{"0":"post-8887","1":"product","2":"type-product","3":"status-publish","4":"has-post-thumbnail","6":"product_cat-aktivitaet","7":"product_cat-canyoning-de","9":"first","10":"instock","11":"virtual","12":"sold-individually","13":"purchasable","14":"product-type-booking"},"booking_location":"","booking_location_type":"","booking_duration":6,"booking_duration_unit":"hour","booking_buffer":0,"booking_cost":0,"booking_resources":[],"acf":[],"_links":{"self":[{"href":"https:\/\/ticinoadventures.com\/de\/wp-json\/wp\/v2\/product\/8887","targetHints":{"allow":["GET"]}}],"collection":[{"href":"https:\/\/ticinoadventures.com\/de\/wp-json\/wp\/v2\/product"}],"about":[{"href":"https:\/\/ticinoadventures.com\/de\/wp-json\/wp\/v2\/types\/product"}],"wp:featuredmedia":[{"embeddable":true,"href":"https:\/\/ticinoadventures.com\/de\/wp-json\/wp\/v2\/media\/1564"}],"wp:attachment":[{"href":"https:\/\/ticinoadventures.com\/de\/wp-json\/wp\/v2\/media?parent=8887"}],"wp:term":[{"taxonomy":"product_brand","embeddable":true,"href":"https:\/\/ticinoadventures.com\/de\/wp-json\/wp\/v2\/product_brand?post=8887"},{"taxonomy":"product_cat","embeddable":true,"href":"https:\/\/ticinoadventures.com\/de\/wp-json\/wp\/v2\/product_cat?post=8887"},{"taxonomy":"product_tag","embeddable":true,"href":"https:\/\/ticinoadventures.com\/de\/wp-json\/wp\/v2\/product_tag?post=8887"}],"curies":[{"name":"wp","href":"https:\/\/api.w.org\/{rel}","templated":true}]}}