{"id":8999,"date":"2017-04-15T14:01:02","date_gmt":"2017-04-15T12:01:02","guid":{"rendered":"http:\/\/ticino-adventures.local\/product\/river-fun-rafting\/"},"modified":"2024-04-14T00:36:46","modified_gmt":"2024-04-13T22:36:46","slug":"river-fun-rafting","status":"publish","type":"product","link":"https:\/\/ticinoadventures.com\/de\/produkt\/river-fun-rafting\/","title":{"rendered":"River &#8211; Fun Rafting"},"content":{"rendered":"<p>Der Ticino zwischen Cresciano und Bellinzona ist ein reizvoller Flussabschnitt, der sich durch die zahlreichen Kiesb\u00e4nke und W\u00e4lder des breiten Riviera-Tals schl\u00e4ngelt und auf der gesamten Strecke einen fantastischen Blick auf die umliegenden Berge bietet. Die Teilnehmer steuern ihre eigenen Fl\u00f6\u00dfe den Fluss hinunter, w\u00e4hrend unsere Flussf\u00fchrer in Begleitkajaks f\u00fcr Unterst\u00fctzung, Schutz und Anleitung sorgen, damit du dieses Abenteuer problemlos meistern kannst. Fun Rafting bietet Spa\u00df und ein Naturerlebnis f\u00fcr alle.<\/p>\n","protected":false},"excerpt":{"rendered":"<p>Der Ticino zwischen Cresciano und Bellinzona ist ein reizvoller Flussabschnitt, der sich durch die zahlreichen Kiesb\u00e4nke und W\u00e4lder des breiten Riviera-Tals schl\u00e4ngelt und auf der gesamten Strecke einen fantastischen Blick auf die umliegenden Berge bietet. Die Teilnehmer steuern ihre eigenen Fl\u00f6\u00dfe den Fluss hinunter, w\u00e4hrend unsere Flussf\u00fchrer in Begleitkajaks f\u00fcr Unterst\u00fctzung, Schutz und Anleitung sorgen,<a href=\"https:\/\/ticinoadventures.com\/de\/produkt\/river-fun-rafting\/\"><span class=\"sr-only\">&#8222;River &#8211; Fun Rafting&#8220;<\/span> weiterlesen<\/a><\/p>\n","protected":false},"featured_media":1636,"template":"","meta":{"_acf_changed":false},"product_brand":[],"product_cat":[273,74,69],"product_tag":[],"class_list":{"0":"post-8999","1":"product","2":"type-product","3":"status-publish","4":"has-post-thumbnail","6":"product_cat-aktivitaet","7":"product_cat-fluss","8":"product_cat-fun-rafting-de","10":"first","11":"instock","12":"virtual","13":"sold-individually","14":"purchasable","15":"product-type-booking"},"booking_location":"","booking_location_type":"","booking_duration":4,"booking_duration_unit":"hour","booking_buffer":0,"booking_cost":0,"booking_resources":[],"acf":[],"_links":{"self":[{"href":"https:\/\/ticinoadventures.com\/de\/wp-json\/wp\/v2\/product\/8999","targetHints":{"allow":["GET"]}}],"collection":[{"href":"https:\/\/ticinoadventures.com\/de\/wp-json\/wp\/v2\/product"}],"about":[{"href":"https:\/\/ticinoadventures.com\/de\/wp-json\/wp\/v2\/types\/product"}],"wp:featuredmedia":[{"embeddable":true,"href":"https:\/\/ticinoadventures.com\/de\/wp-json\/wp\/v2\/media\/1636"}],"wp:attachment":[{"href":"https:\/\/ticinoadventures.com\/de\/wp-json\/wp\/v2\/media?parent=8999"}],"wp:term":[{"taxonomy":"product_brand","embeddable":true,"href":"https:\/\/ticinoadventures.com\/de\/wp-json\/wp\/v2\/product_brand?post=8999"},{"taxonomy":"product_cat","embeddable":true,"href":"https:\/\/ticinoadventures.com\/de\/wp-json\/wp\/v2\/product_cat?post=8999"},{"taxonomy":"product_tag","embeddable":true,"href":"https:\/\/ticinoadventures.com\/de\/wp-json\/wp\/v2\/product_tag?post=8999"}],"curies":[{"name":"wp","href":"https:\/\/api.w.org\/{rel}","templated":true}]}}