{"id":9002,"date":"2017-04-15T13:55:31","date_gmt":"2017-04-15T11:55:31","guid":{"rendered":"http:\/\/ticino-adventures.local\/product\/canyoning-heli-canyoning\/"},"modified":"2024-07-01T13:35:04","modified_gmt":"2024-07-01T11:35:04","slug":"canyoning-heli-canyoning","status":"publish","type":"product","link":"https:\/\/ticinoadventures.com\/de\/produkt\/canyoning-heli-canyoning\/","title":{"rendered":"Canyoning &#8211; Heli-Canyoning"},"content":{"rendered":"<p>Unsere Heli-Canyoning-Tour ist wahrscheinlich die beste Canyoning-Tour der Welt. Wir starten mit einem kurzen, aber spektakul\u00e4ren Hubschrauberflug von der Luftwaffenbasis Lodrino zu unserer Landezone auf einer H\u00f6he von etwa 1100 Metern. W\u00e4hrend des Fluges fliegen wir tats\u00e4chlich unterhalb der Canyonw\u00e4nde und Sie werden bereits einen Vorgeschmack auf die kommende Aufregung bekommen. Sobald wir mit dem Abstieg beginnen, erwarten Sie eine Vielzahl von Abseilstellen (max. 45m), Rutschen durch nat\u00fcrliche Rinnen und Spr\u00fcnge (max. 16m) in enge Spalten mit kristallklaren Pools. Dies ist ein langer und abwechslungsreicher Canyon, einer der besten in einer weltweit bekannten Canyoning-Region. Die tats\u00e4chliche Zeit im Canyon betr\u00e4gt etwa 6-7 Stunden.<\/p>\n<p><strong>WICHTIG! BITTE BEACHTEN SIE:<\/strong> Die tats\u00e4chliche Startzeit der Tour kann je nach Zeitplan der Hubschrauberfirma variieren. Wir werden Ihnen den genauen Treffpunkt am Tag vor der Tour mitteilen. Au\u00dferdem gibt es einen Zuschlag von 100 CHF (Pauschalbetrag, nicht pro Person) f\u00fcr Touren, die am Sonntag stattfinden. Dieser Zuschlag geht direkt an die Hubschrauberfirma f\u00fcr den Sonntagsflug.<\/p>\n<p>Erleben Sie mit uns das ultimative Canyoning-Abenteuer und genie\u00dfen Sie eine unvergessliche Reise durch einen der faszinierendsten Canyons der Welt. Wir freuen uns darauf, Sie bald bei dieser au\u00dfergew\u00f6hnlichen Tour begr\u00fc\u00dfen zu d\u00fcrfen!<\/p>\n","protected":false},"excerpt":{"rendered":"<p>Unsere Heli-Canyoning-Tour ist wahrscheinlich die beste Canyoning-Tour der Welt. Wir starten mit einem kurzen, aber spektakul\u00e4ren Hubschrauberflug von der Luftwaffenbasis Lodrino zu unserer Landezone auf einer H\u00f6he von etwa 1100 Metern. W\u00e4hrend des Fluges fliegen wir tats\u00e4chlich unterhalb der Canyonw\u00e4nde und Sie werden bereits einen Vorgeschmack auf die kommende Aufregung bekommen. Sobald wir mit dem<a href=\"https:\/\/ticinoadventures.com\/de\/produkt\/canyoning-heli-canyoning\/\"><span class=\"sr-only\">&#8222;Canyoning &#8211; Heli-Canyoning&#8220;<\/span> weiterlesen<\/a><\/p>\n","protected":false},"featured_media":92589,"template":"","meta":{"_acf_changed":false},"product_brand":[],"product_cat":[273,64,276],"product_tag":[],"class_list":{"0":"post-9002","1":"product","2":"type-product","3":"status-publish","4":"has-post-thumbnail","6":"product_cat-aktivitaet","7":"product_cat-canyoning-de","8":"product_cat-featured-de","10":"first","11":"instock","12":"virtual","13":"sold-individually","14":"purchasable","15":"product-type-booking"},"booking_location":"","booking_location_type":"","booking_duration":8,"booking_duration_unit":"hour","booking_buffer":0,"booking_cost":0,"booking_resources":[],"acf":[],"_links":{"self":[{"href":"https:\/\/ticinoadventures.com\/de\/wp-json\/wp\/v2\/product\/9002","targetHints":{"allow":["GET"]}}],"collection":[{"href":"https:\/\/ticinoadventures.com\/de\/wp-json\/wp\/v2\/product"}],"about":[{"href":"https:\/\/ticinoadventures.com\/de\/wp-json\/wp\/v2\/types\/product"}],"wp:featuredmedia":[{"embeddable":true,"href":"https:\/\/ticinoadventures.com\/de\/wp-json\/wp\/v2\/media\/92589"}],"wp:attachment":[{"href":"https:\/\/ticinoadventures.com\/de\/wp-json\/wp\/v2\/media?parent=9002"}],"wp:term":[{"taxonomy":"product_brand","embeddable":true,"href":"https:\/\/ticinoadventures.com\/de\/wp-json\/wp\/v2\/product_brand?post=9002"},{"taxonomy":"product_cat","embeddable":true,"href":"https:\/\/ticinoadventures.com\/de\/wp-json\/wp\/v2\/product_cat?post=9002"},{"taxonomy":"product_tag","embeddable":true,"href":"https:\/\/ticinoadventures.com\/de\/wp-json\/wp\/v2\/product_tag?post=9002"}],"curies":[{"name":"wp","href":"https:\/\/api.w.org\/{rel}","templated":true}]}}