{"id":9005,"date":"2017-04-15T13:51:22","date_gmt":"2017-04-15T11:51:22","guid":{"rendered":"http:\/\/ticino-adventures.local\/product\/canyoning-lodrino-ultimate\/"},"modified":"2024-04-14T00:52:59","modified_gmt":"2024-04-13T22:52:59","slug":"canyoning-lodrino-integrale","status":"publish","type":"product","link":"https:\/\/ticinoadventures.com\/de\/produkt\/canyoning-lodrino-integrale\/","title":{"rendered":"Canyoning Lodrino Integrale"},"content":{"rendered":"<p>F\u00fcr sehr fitte und erfahrene Canyoneure bietet der Lodrino Integrale eine fantastische Herausforderung. Jede Menge Spa\u00df und Action in einem absolut grandiosen Canyon, der an Sch\u00f6nheit kaum zu \u00fcberbieten ist &#8211; das ist Ticino Canyoning vom Feinsten! Viele Spr\u00fcnge in allen Variationen (max. 12m), tolle Rutschen und mehrere gro\u00dfe, ausgesetzte Abseilstellen (max. 50m) sorgen f\u00fcr Nervenkitzel. Zwischendurch gibt es auch ruhigere Momente, in denen du einfach die unglaubliche Sch\u00f6nheit dieses au\u00dfergew\u00f6hnlichen Canyons genie\u00dfen kannst. Aufgrund des nat\u00fcrlichen Wasserflusses aus einem gro\u00dfen Einzugsgebiet hat der Lodrino eine kurze Saison. Wenn du \u00fcber die n\u00f6tigen F\u00e4higkeiten verf\u00fcgst und zur richtigen Zeit hier sein kannst, wird dich Lodrino garantiert nicht entt\u00e4uschen. Die Anfahrtszeit betr\u00e4gt etwa 40 Minuten, die Zeit im Canyon etwa 4-5 Stunden. Die Anfahrt ist an einigen Stellen ziemlich ausgesetzt.<\/p>\n","protected":false},"excerpt":{"rendered":"<p>F\u00fcr sehr fitte und erfahrene Canyoneure bietet der Lodrino Integrale eine fantastische Herausforderung. Jede Menge Spa\u00df und Action in einem absolut grandiosen Canyon, der an Sch\u00f6nheit kaum zu \u00fcberbieten ist &#8211; das ist Ticino Canyoning vom Feinsten! Viele Spr\u00fcnge in allen Variationen (max. 12m), tolle Rutschen und mehrere gro\u00dfe, ausgesetzte Abseilstellen (max. 50m) sorgen f\u00fcr<a href=\"https:\/\/ticinoadventures.com\/de\/produkt\/canyoning-lodrino-integrale\/\"><span class=\"sr-only\">&#8222;Canyoning Lodrino Integrale&#8220;<\/span> weiterlesen<\/a><\/p>\n","protected":false},"featured_media":1616,"template":"","meta":{"_acf_changed":false},"product_brand":[],"product_cat":[273,64],"product_tag":[],"class_list":{"0":"post-9005","1":"product","2":"type-product","3":"status-publish","4":"has-post-thumbnail","6":"product_cat-aktivitaet","7":"product_cat-canyoning-de","9":"first","10":"instock","11":"virtual","12":"sold-individually","13":"purchasable","14":"product-type-booking"},"booking_location":"","booking_location_type":"","booking_duration":7,"booking_duration_unit":"hour","booking_buffer":0,"booking_cost":0,"booking_resources":[],"acf":[],"_links":{"self":[{"href":"https:\/\/ticinoadventures.com\/de\/wp-json\/wp\/v2\/product\/9005","targetHints":{"allow":["GET"]}}],"collection":[{"href":"https:\/\/ticinoadventures.com\/de\/wp-json\/wp\/v2\/product"}],"about":[{"href":"https:\/\/ticinoadventures.com\/de\/wp-json\/wp\/v2\/types\/product"}],"wp:featuredmedia":[{"embeddable":true,"href":"https:\/\/ticinoadventures.com\/de\/wp-json\/wp\/v2\/media\/1616"}],"wp:attachment":[{"href":"https:\/\/ticinoadventures.com\/de\/wp-json\/wp\/v2\/media?parent=9005"}],"wp:term":[{"taxonomy":"product_brand","embeddable":true,"href":"https:\/\/ticinoadventures.com\/de\/wp-json\/wp\/v2\/product_brand?post=9005"},{"taxonomy":"product_cat","embeddable":true,"href":"https:\/\/ticinoadventures.com\/de\/wp-json\/wp\/v2\/product_cat?post=9005"},{"taxonomy":"product_tag","embeddable":true,"href":"https:\/\/ticinoadventures.com\/de\/wp-json\/wp\/v2\/product_tag?post=9005"}],"curies":[{"name":"wp","href":"https:\/\/api.w.org\/{rel}","templated":true}]}}