{"id":9008,"date":"2017-04-15T13:17:26","date_gmt":"2017-04-15T11:17:26","guid":{"rendered":"http:\/\/ticino-adventures.local\/product\/canyoning-pontirone\/"},"modified":"2024-04-14T01:18:23","modified_gmt":"2024-04-13T23:18:23","slug":"canyoning-pontirone","status":"publish","type":"product","link":"https:\/\/ticinoadventures.com\/de\/produkt\/canyoning-pontirone\/","title":{"rendered":"Canyoning Pontirone"},"content":{"rendered":"<p>Diese kurze Tour wird dich umhauen. Eine luftige 42 Meter lange Abseilstrecke f\u00fchrt uns tief in die h\u00f6hlenartigen Engstellen von Pontirone, dem wahrscheinlich spektakul\u00e4rsten Canyonabschnitt im ganzen Tessin. Du wirst einige interessante, technische Spr\u00fcnge finden, aber vielleicht bist du zu sehr damit besch\u00e4ftigt, die Landschaft zu betrachten, um zu merken, wie viel Spa\u00df du hast. Die Anfahrt dauert etwa 30 Minuten, die tats\u00e4chliche Zeit im Canyon betr\u00e4gt etwa 1-2 Stunden.<\/p>\n","protected":false},"excerpt":{"rendered":"<p>Diese kurze Tour wird dich umhauen. Eine luftige 42 Meter lange Abseilstrecke f\u00fchrt uns tief in die h\u00f6hlenartigen Engstellen von Pontirone, dem wahrscheinlich spektakul\u00e4rsten Canyonabschnitt im ganzen Tessin. Du wirst einige interessante, technische Spr\u00fcnge finden, aber vielleicht bist du zu sehr damit besch\u00e4ftigt, die Landschaft zu betrachten, um zu merken, wie viel Spa\u00df du hast.<a href=\"https:\/\/ticinoadventures.com\/de\/produkt\/canyoning-pontirone\/\"><span class=\"sr-only\">&#8222;Canyoning Pontirone&#8220;<\/span> weiterlesen<\/a><\/p>\n","protected":false},"featured_media":98451,"template":"","meta":{"_acf_changed":false},"product_brand":[],"product_cat":[273,64],"product_tag":[],"class_list":{"0":"post-9008","1":"product","2":"type-product","3":"status-publish","4":"has-post-thumbnail","6":"product_cat-aktivitaet","7":"product_cat-canyoning-de","9":"first","10":"instock","11":"virtual","12":"sold-individually","13":"purchasable","14":"product-type-booking"},"booking_location":"","booking_location_type":"","booking_duration":270,"booking_duration_unit":"minute","booking_buffer":60,"booking_cost":0,"booking_resources":[],"acf":[],"_links":{"self":[{"href":"https:\/\/ticinoadventures.com\/de\/wp-json\/wp\/v2\/product\/9008","targetHints":{"allow":["GET"]}}],"collection":[{"href":"https:\/\/ticinoadventures.com\/de\/wp-json\/wp\/v2\/product"}],"about":[{"href":"https:\/\/ticinoadventures.com\/de\/wp-json\/wp\/v2\/types\/product"}],"wp:featuredmedia":[{"embeddable":true,"href":"https:\/\/ticinoadventures.com\/de\/wp-json\/wp\/v2\/media\/98451"}],"wp:attachment":[{"href":"https:\/\/ticinoadventures.com\/de\/wp-json\/wp\/v2\/media?parent=9008"}],"wp:term":[{"taxonomy":"product_brand","embeddable":true,"href":"https:\/\/ticinoadventures.com\/de\/wp-json\/wp\/v2\/product_brand?post=9008"},{"taxonomy":"product_cat","embeddable":true,"href":"https:\/\/ticinoadventures.com\/de\/wp-json\/wp\/v2\/product_cat?post=9008"},{"taxonomy":"product_tag","embeddable":true,"href":"https:\/\/ticinoadventures.com\/de\/wp-json\/wp\/v2\/product_tag?post=9008"}],"curies":[{"name":"wp","href":"https:\/\/api.w.org\/{rel}","templated":true}]}}