{"id":9011,"date":"2017-04-15T13:02:29","date_gmt":"2017-04-15T11:02:29","guid":{"rendered":"http:\/\/ticino-adventures.local\/product\/canyoning-malvaglia\/"},"modified":"2024-07-12T09:51:07","modified_gmt":"2024-07-12T07:51:07","slug":"canyoning-malvaglia","status":"publish","type":"product","link":"https:\/\/ticinoadventures.com\/de\/produkt\/canyoning-malvaglia\/","title":{"rendered":"Canyoning Malvaglia"},"content":{"rendered":"<p>Malvaglia bietet eine tolle Mischung aus Spr\u00fcngen, Rutschen und Abseilstellen, die selbst erfahrene Canyoneers auf die Probe stellen. Die Spr\u00fcnge erreichen eine maximale H\u00f6he von 10 Metern, w\u00e4hrend die Abseilstellen bis zu 80 Meter hoch sind. Diese Vielfalt an Herausforderungen macht Malvaglia zu einem besonders aufregenden Erlebnis f\u00fcr alle, die ihre Grenzen testen m\u00f6chten. Besonders beeindruckend ist die abschlie\u00dfende Abseilsequenz, die auch diejenigen beeindrucken wird, die keine H\u00f6henangst haben. Diese Sequenz bietet eine einzigartige Herausforderung und ist ein H\u00f6hepunkt des Abenteuers.<\/p>\n<p>Ein weiterer Vorteil von Malvaglia ist, dass es eine ausgezeichnete Wahl f\u00fcr die Vorsaison ist, wenn andere Canyons aufgrund von zu viel Wasser nicht begehbar sind. Das regulierte Wasserfluss-System in Malvaglia sorgt daf\u00fcr, dass die Bedingungen selbst in der Vorsaison optimal sind, was diesen Canyon zu einem sicheren Tipp f\u00fcr alle Jahreszeiten macht.<\/p>\n<p>Die Anfahrt zum Canyon ist relativ kurz und dauert etwa 10 Minuten. Sobald man angekommen ist, beginnt das eigentliche Abenteuer, das etwa 3-4 Stunden im Canyon dauert. Diese Zeit ist gef\u00fcllt mit aufregenden Herausforderungen, atemberaubenden Landschaften und unvergesslichen Momenten. Die Kombination aus nat\u00fcrlichen Hindernissen und der Sch\u00f6nheit der Umgebung macht Malvaglia zu einem unvergesslichen Erlebnis.<\/p>\n<p>F\u00fcr diejenigen, die eine spannende und abwechslungsreiche Canyoning-Tour suchen, ist Malvaglia die perfekte Wahl. Die Mischung aus Spr\u00fcngen, Rutschen und Abseilstellen bietet f\u00fcr jeden etwas, unabh\u00e4ngig von der individuellen Erfahrung. Und mit der M\u00f6glichkeit, auch in der Vorsaison sicher zu sein, ist Malvaglia eine ausgezeichnete Wahl f\u00fcr alle, die das Abenteuer lieben.<\/p>\n<p>Ob als erfahrener Canyonfahrer oder als jemand, der neue Herausforderungen sucht, Malvaglia bietet eine einzigartige und aufregende Erfahrung, die man nicht verpassen sollte.<\/p>\n","protected":false},"excerpt":{"rendered":"<p>Malvaglia bietet eine tolle Mischung aus Spr\u00fcngen, Rutschen und Abseilstellen, die selbst erfahrene Canyoneers auf die Probe stellen. Die Spr\u00fcnge erreichen eine maximale H\u00f6he von 10 Metern, w\u00e4hrend die Abseilstellen bis zu 80 Meter hoch sind. Diese Vielfalt an Herausforderungen macht Malvaglia zu einem besonders aufregenden Erlebnis f\u00fcr alle, die ihre Grenzen testen m\u00f6chten. Besonders<a href=\"https:\/\/ticinoadventures.com\/de\/produkt\/canyoning-malvaglia\/\"><span class=\"sr-only\">&#8222;Canyoning Malvaglia&#8220;<\/span> weiterlesen<\/a><\/p>\n","protected":false},"featured_media":1528,"template":"","meta":{"_acf_changed":false},"product_brand":[],"product_cat":[273,64],"product_tag":[],"class_list":{"0":"post-9011","1":"product","2":"type-product","3":"status-publish","4":"has-post-thumbnail","6":"product_cat-aktivitaet","7":"product_cat-canyoning-de","9":"first","10":"instock","11":"virtual","12":"sold-individually","13":"purchasable","14":"product-type-booking"},"booking_location":"","booking_location_type":"","booking_duration":6,"booking_duration_unit":"hour","booking_buffer":0,"booking_cost":0,"booking_resources":[],"acf":[],"_links":{"self":[{"href":"https:\/\/ticinoadventures.com\/de\/wp-json\/wp\/v2\/product\/9011","targetHints":{"allow":["GET"]}}],"collection":[{"href":"https:\/\/ticinoadventures.com\/de\/wp-json\/wp\/v2\/product"}],"about":[{"href":"https:\/\/ticinoadventures.com\/de\/wp-json\/wp\/v2\/types\/product"}],"wp:featuredmedia":[{"embeddable":true,"href":"https:\/\/ticinoadventures.com\/de\/wp-json\/wp\/v2\/media\/1528"}],"wp:attachment":[{"href":"https:\/\/ticinoadventures.com\/de\/wp-json\/wp\/v2\/media?parent=9011"}],"wp:term":[{"taxonomy":"product_brand","embeddable":true,"href":"https:\/\/ticinoadventures.com\/de\/wp-json\/wp\/v2\/product_brand?post=9011"},{"taxonomy":"product_cat","embeddable":true,"href":"https:\/\/ticinoadventures.com\/de\/wp-json\/wp\/v2\/product_cat?post=9011"},{"taxonomy":"product_tag","embeddable":true,"href":"https:\/\/ticinoadventures.com\/de\/wp-json\/wp\/v2\/product_tag?post=9011"}],"curies":[{"name":"wp","href":"https:\/\/api.w.org\/{rel}","templated":true}]}}