{"id":9014,"date":"2017-04-15T12:58:06","date_gmt":"2017-04-15T10:58:06","guid":{"rendered":"http:\/\/ticino-adventures.local\/product\/canyoning-iragna\/"},"modified":"2024-06-20T17:18:26","modified_gmt":"2024-06-20T15:18:26","slug":"canyoning-iragna-explorer","status":"publish","type":"product","link":"https:\/\/ticinoadventures.com\/de\/produkt\/canyoning-iragna-explorer\/","title":{"rendered":"Canyoning Iragna +"},"content":{"rendered":"<p>Iragna steht als ein herausragendes Ziel unter den bemerkenswerten Schluchten der Tessiner Region. Seine \u00fcppig gr\u00fcnen W\u00e4nde versetzen Abenteurer in ein tropisches Paradies. Diese erweiterte Version des Iragna-Erlebnisses verspricht eine aufregende Reise, die alle Elemente bietet, die das Canyoning so spannend machen: eine atemberaubende Landschaft, kristallklares Wasser und eine F\u00fclle von aufregenden Herausforderungen.<\/p>\n<p>Von waghalsigen Spr\u00fcngen, die H\u00f6hen von bis zu 13 Metern erreichen, bis hin zu aufregenden Abseilstellen, die bis zu 40 Meter hinabf\u00fchren, bietet diese Expedition ein fortgeschrittenes Ma\u00df an Nervenkitzel. Der 40-min\u00fctige Zustieg bereitet dich auf das Abenteuer vor, gefolgt von bis zu 4 Stunden Erkundung innerhalb der Schlucht, was ein verl\u00e4ngertes und adrenalingeladenes Erlebnis garantiert.<\/p>\n<p>Das Iragna Explorer-Abenteuer liefert pure Adrenalin inmitten einer atemberaubenden nat\u00fcrlichen Kulisse und hebt das Canyoning-Erlebnis auf ein neues Niveau. Die abwechslungsreiche Landschaft und die technischen Herausforderungen machen Iragna zu einem Muss f\u00fcr erfahrene Canyoning-Enthusiasten.<\/p>\n<p>Unsere professionellen Guides begleiten dich sicher durch diese anspruchsvolle Schlucht und teilen ihr umfangreiches Wissen \u00fcber die Umgebung. Sie sorgen daf\u00fcr, dass du jede Sekunde des Abenteuers genie\u00dfen kannst, w\u00e4hrend sie stets auf deine Sicherheit achten.<\/p>\n<p>Iragna bietet nicht nur einen adrenalinf\u00f6rdernden Nervenkitzel, sondern auch die M\u00f6glichkeit, die nat\u00fcrliche Sch\u00f6nheit des Tessins in vollen Z\u00fcgen zu genie\u00dfen. Das kristallklare Wasser und die \u00fcppige Vegetation machen diese Tour zu einem unvergesslichen Erlebnis.<\/p>\n<p>Buche noch heute deine Tour und erlebe das Iragna Explorer-Abenteuer. Genie\u00dfe die perfekte Mischung aus Adrenalin und Naturerlebnis, w\u00e4hrend du eine der sch\u00f6nsten Schluchten der Region erkundest. Wir freuen uns darauf, dich auf diesem aufregenden Abenteuer zu begleiten und dir die Wunder des Iragna Canyons zu zeigen.<\/p>\n","protected":false},"excerpt":{"rendered":"<p>Iragna steht als ein herausragendes Ziel unter den bemerkenswerten Schluchten der Tessiner Region. Seine \u00fcppig gr\u00fcnen W\u00e4nde versetzen Abenteurer in ein tropisches Paradies. Diese erweiterte Version des Iragna-Erlebnisses verspricht eine aufregende Reise, die alle Elemente bietet, die das Canyoning so spannend machen: eine atemberaubende Landschaft, kristallklares Wasser und eine F\u00fclle von aufregenden Herausforderungen. Von waghalsigen<a href=\"https:\/\/ticinoadventures.com\/de\/produkt\/canyoning-iragna-explorer\/\"><span class=\"sr-only\">&#8222;Canyoning Iragna +&#8220;<\/span> weiterlesen<\/a><\/p>\n","protected":false},"featured_media":2727,"template":"","meta":{"_acf_changed":false},"product_brand":[],"product_cat":[273,64,276],"product_tag":[],"class_list":{"0":"post-9014","1":"product","2":"type-product","3":"status-publish","4":"has-post-thumbnail","6":"product_cat-aktivitaet","7":"product_cat-canyoning-de","8":"product_cat-featured-de","10":"first","11":"instock","12":"virtual","13":"sold-individually","14":"purchasable","15":"product-type-booking"},"booking_location":"","booking_location_type":"","booking_duration":6,"booking_duration_unit":"hour","booking_buffer":0,"booking_cost":0,"booking_resources":[],"acf":[],"_links":{"self":[{"href":"https:\/\/ticinoadventures.com\/de\/wp-json\/wp\/v2\/product\/9014","targetHints":{"allow":["GET"]}}],"collection":[{"href":"https:\/\/ticinoadventures.com\/de\/wp-json\/wp\/v2\/product"}],"about":[{"href":"https:\/\/ticinoadventures.com\/de\/wp-json\/wp\/v2\/types\/product"}],"wp:featuredmedia":[{"embeddable":true,"href":"https:\/\/ticinoadventures.com\/de\/wp-json\/wp\/v2\/media\/2727"}],"wp:attachment":[{"href":"https:\/\/ticinoadventures.com\/de\/wp-json\/wp\/v2\/media?parent=9014"}],"wp:term":[{"taxonomy":"product_brand","embeddable":true,"href":"https:\/\/ticinoadventures.com\/de\/wp-json\/wp\/v2\/product_brand?post=9014"},{"taxonomy":"product_cat","embeddable":true,"href":"https:\/\/ticinoadventures.com\/de\/wp-json\/wp\/v2\/product_cat?post=9014"},{"taxonomy":"product_tag","embeddable":true,"href":"https:\/\/ticinoadventures.com\/de\/wp-json\/wp\/v2\/product_tag?post=9014"}],"curies":[{"name":"wp","href":"https:\/\/api.w.org\/{rel}","templated":true}]}}