{"id":92971,"date":"2024-05-23T08:16:02","date_gmt":"2024-05-23T06:16:02","guid":{"rendered":"https:\/\/ticinoadventures.com\/?post_type=product&#038;p=92971"},"modified":"2024-06-11T05:55:22","modified_gmt":"2024-06-11T03:55:22","slug":"canyoning-iragna","status":"publish","type":"product","link":"https:\/\/ticinoadventures.com\/de\/produkt\/canyoning-iragna\/","title":{"rendered":"Canyoning Iragna"},"content":{"rendered":"<p>Begib dich auf eine unvergessliche Canyoning-Expedition nach Iragna, wo sich Abenteuer und Natursch\u00f6nheit nahtlos verbinden. Beginne deine Reise mit einem schnellen 30-min\u00fctigen Aufstieg, der dich zum Eingang dieses atemberaubenden Canyons f\u00fchrt. Sobald du eintrittst, wirst du von kristallklarem Wasser und einer atemberaubenden nat\u00fcrlichen Landschaft empfangen, die dich in Staunen versetzen wird.<\/p>\n<p>Dieses aufregende Abenteuer bietet die perfekte Balance zwischen Spannung und Ruhe. Sp\u00fcre deinen Adrenalinspiegel steigen, wenn du Spr\u00fcnge von bis zu 8 Metern wagst, jeder einzelne ein Nervenkitzel. Teste deinen Mut bei Abseilstellen von bis zu 40 Metern, die eine Herausforderung darstellen, die dich stolz machen wird. Gleite \u00fcber nat\u00fcrliche Rutschen und lasse dich von dem Wasser durch die gewundenen Pfade des Canyons tragen.<\/p>\n<p>Navigiere durch die malerische Landschaft, wo jede Biegung die wahre Essenz des Canyoning im Tessin enth\u00fcllt. Die \u00fcppige Umgebung und das kristallklare Wasser schaffen eine friedliche Atmosph\u00e4re, die das Abenteuer ebenso beruhigend wie aufregend macht. Verbringe 2-3 Stunden, vollst\u00e4ndig in die Wunder des Canyons eingetaucht, entdecke versteckte Ecken und bewundere die unber\u00fchrte Sch\u00f6nheit, die Iragna auszeichnet.<\/p>\n<p>Am Ende deiner Reise wirst du dich erfrischt und belebt f\u00fchlen, nachdem du eine einzigartige Mischung aus Nervenkitzel und nat\u00fcrlicher Pracht erlebt hast. Ob du ein erfahrener Canyoninger oder neu in diesem Sport bist, die Canyoning-Tour in Iragna verspricht ein unvergessliches Abenteuer, das die unber\u00fchrte Sch\u00f6nheit und die aufregenden Herausforderungen des Tessins hervorhebt.<\/p>\n","protected":false},"excerpt":{"rendered":"<p>Begib dich auf eine unvergessliche Canyoning-Expedition nach Iragna, wo sich Abenteuer und Natursch\u00f6nheit nahtlos verbinden. Beginne deine Reise mit einem schnellen 30-min\u00fctigen Aufstieg, der dich zum Eingang dieses atemberaubenden Canyons f\u00fchrt. Sobald du eintrittst, wirst du von kristallklarem Wasser und einer atemberaubenden nat\u00fcrlichen Landschaft empfangen, die dich in Staunen versetzen wird. Dieses aufregende Abenteuer bietet<a href=\"https:\/\/ticinoadventures.com\/de\/produkt\/canyoning-iragna\/\"><span class=\"sr-only\">&#8222;Canyoning Iragna&#8220;<\/span> weiterlesen<\/a><\/p>\n","protected":false},"featured_media":2727,"template":"","meta":{"_acf_changed":false},"product_brand":[],"product_cat":[273,64,276],"product_tag":[],"class_list":{"0":"post-92971","1":"product","2":"type-product","3":"status-publish","4":"has-post-thumbnail","6":"product_cat-aktivitaet","7":"product_cat-canyoning-de","8":"product_cat-featured-de","10":"first","11":"instock","12":"virtual","13":"sold-individually","14":"purchasable","15":"product-type-booking"},"booking_location":"","booking_location_type":"","booking_duration":270,"booking_duration_unit":"minute","booking_buffer":0,"booking_cost":0,"booking_resources":[],"acf":[],"_links":{"self":[{"href":"https:\/\/ticinoadventures.com\/de\/wp-json\/wp\/v2\/product\/92971","targetHints":{"allow":["GET"]}}],"collection":[{"href":"https:\/\/ticinoadventures.com\/de\/wp-json\/wp\/v2\/product"}],"about":[{"href":"https:\/\/ticinoadventures.com\/de\/wp-json\/wp\/v2\/types\/product"}],"wp:featuredmedia":[{"embeddable":true,"href":"https:\/\/ticinoadventures.com\/de\/wp-json\/wp\/v2\/media\/2727"}],"wp:attachment":[{"href":"https:\/\/ticinoadventures.com\/de\/wp-json\/wp\/v2\/media?parent=92971"}],"wp:term":[{"taxonomy":"product_brand","embeddable":true,"href":"https:\/\/ticinoadventures.com\/de\/wp-json\/wp\/v2\/product_brand?post=92971"},{"taxonomy":"product_cat","embeddable":true,"href":"https:\/\/ticinoadventures.com\/de\/wp-json\/wp\/v2\/product_cat?post=92971"},{"taxonomy":"product_tag","embeddable":true,"href":"https:\/\/ticinoadventures.com\/de\/wp-json\/wp\/v2\/product_tag?post=92971"}],"curies":[{"name":"wp","href":"https:\/\/api.w.org\/{rel}","templated":true}]}}