{"id":9386,"date":"2017-04-15T12:21:58","date_gmt":"2017-04-15T10:21:58","guid":{"rendered":"http:\/\/ticino-adventures.local\/product\/canyoning-corippo\/"},"modified":"2024-05-13T18:23:36","modified_gmt":"2024-05-13T16:23:36","slug":"canyoning-corippo","status":"publish","type":"product","link":"https:\/\/ticinoadventures.com\/de\/produkt\/canyoning-corippo\/","title":{"rendered":"Canyoning Corippo"},"content":{"rendered":"<p>Corippo, im malerischen Valle Verzasca gelegen, ist eine ideale Wahl f\u00fcr Anf\u00e4nger, die ein unvergessliches Canyoning-Erlebnis suchen. Dieser bezaubernde Canyon liegt nur eine kurze Autofahrt von den zahlreichen Hotels und Campingpl\u00e4tzen in der Gegend von Locarno entfernt und ist somit f\u00fcr Abenteurer jeden Alters leicht erreichbar.<\/p>\n<p>Unsere Corippo-Canyoning-Tour ist darauf ausgelegt, sowohl spannend als auch zug\u00e4nglich zu sein und bietet eine Vielzahl aufregender Aktivit\u00e4ten, die f\u00fcr Anf\u00e4nger geeignet sind. Sie haben die M\u00f6glichkeit, durch mehrere aufregende Rutschen zu navigieren, sich optionalen Spr\u00fcngen zu stellen und den Nervenkitzel des Abseilens von felsigen Klippen zu erleben.<\/p>\n<p>W\u00e4hrend wir den Canyon erkunden, haben Sie auch die M\u00f6glichkeit, sich in die atemberaubende nat\u00fcrliche Sch\u00f6nheit des Valle Verzasca zu vertiefen, mit seinen kristallklaren Gew\u00e4ssern und \u00fcppig gr\u00fcnen Umgebungen. Und was gibt es Sch\u00f6neres, als das Abenteuer mit einem erfrischenden Bad im ruhigen See zu beenden?<\/p>\n<p>Der Zugang zum Corippo-Canyon dauert etwa 15 Minuten, so dass Sie schnell von Ihrer Unterkunft ins Herz des Geschehens gelangen k\u00f6nnen. Einmal im Canyon angekommen, k\u00f6nnen Sie damit rechnen, etwa 1-2 Stunden damit zu verbringen, seine verborgenen Sch\u00e4tze zu erkunden und die Aufregung des Canyoning in dieser atemberaubenden Umgebung zu genie\u00dfen.<\/p>\n<p>Begleiten Sie uns auf eine unvergessliche Reise in das Herz des Corippo-Canyons, wo Spa\u00df, Abenteuer und nat\u00fcrliche Wunder auf Sie warten. Buchen Sie noch heute Ihr Canyoning-Erlebnis und begeben Sie sich auf eine aufregende Entdeckungsreise im atemberaubenden Valle Verzasca.<\/p>\n","protected":false},"excerpt":{"rendered":"<p>Corippo, im malerischen Valle Verzasca gelegen, ist eine ideale Wahl f\u00fcr Anf\u00e4nger, die ein unvergessliches Canyoning-Erlebnis suchen. Dieser bezaubernde Canyon liegt nur eine kurze Autofahrt von den zahlreichen Hotels und Campingpl\u00e4tzen in der Gegend von Locarno entfernt und ist somit f\u00fcr Abenteurer jeden Alters leicht erreichbar. Unsere Corippo-Canyoning-Tour ist darauf ausgelegt, sowohl spannend als auch<a href=\"https:\/\/ticinoadventures.com\/de\/produkt\/canyoning-corippo\/\"><span class=\"sr-only\">&#8222;Canyoning Corippo&#8220;<\/span> weiterlesen<\/a><\/p>\n","protected":false},"featured_media":2209,"template":"","meta":{"_acf_changed":false},"product_brand":[],"product_cat":[273,64],"product_tag":[],"class_list":{"0":"post-9386","1":"product","2":"type-product","3":"status-publish","4":"has-post-thumbnail","6":"product_cat-aktivitaet","7":"product_cat-canyoning-de","9":"first","10":"instock","11":"virtual","12":"sold-individually","13":"purchasable","14":"product-type-booking"},"booking_location":"","booking_location_type":"","booking_duration":270,"booking_duration_unit":"minute","booking_buffer":60,"booking_cost":0,"booking_resources":[],"acf":[],"_links":{"self":[{"href":"https:\/\/ticinoadventures.com\/de\/wp-json\/wp\/v2\/product\/9386","targetHints":{"allow":["GET"]}}],"collection":[{"href":"https:\/\/ticinoadventures.com\/de\/wp-json\/wp\/v2\/product"}],"about":[{"href":"https:\/\/ticinoadventures.com\/de\/wp-json\/wp\/v2\/types\/product"}],"wp:featuredmedia":[{"embeddable":true,"href":"https:\/\/ticinoadventures.com\/de\/wp-json\/wp\/v2\/media\/2209"}],"wp:attachment":[{"href":"https:\/\/ticinoadventures.com\/de\/wp-json\/wp\/v2\/media?parent=9386"}],"wp:term":[{"taxonomy":"product_brand","embeddable":true,"href":"https:\/\/ticinoadventures.com\/de\/wp-json\/wp\/v2\/product_brand?post=9386"},{"taxonomy":"product_cat","embeddable":true,"href":"https:\/\/ticinoadventures.com\/de\/wp-json\/wp\/v2\/product_cat?post=9386"},{"taxonomy":"product_tag","embeddable":true,"href":"https:\/\/ticinoadventures.com\/de\/wp-json\/wp\/v2\/product_tag?post=9386"}],"curies":[{"name":"wp","href":"https:\/\/api.w.org\/{rel}","templated":true}]}}