{"id":6409,"date":"2017-11-10T19:58:01","date_gmt":"2017-11-10T18:58:01","guid":{"rendered":"http:\/\/ticinoadventures.com\/shop-2\/"},"modified":"2024-04-12T19:02:39","modified_gmt":"2024-04-12T17:02:39","slug":"magasin","status":"publish","type":"page","link":"https:\/\/ticinoadventures.com\/fr\/magasin\/","title":{"rendered":"Magasin"},"content":{"rendered":"\n    <h3 class=\"container mx-auto\" style=\"text-align:left;\">Tout ce dont tu as besoin<\/h3>\n\n\n\n<div style=\"height:25px\" aria-hidden=\"true\" class=\"wp-block-spacer\"><\/div>\n\n\n\n    <div id=\"ta-block_3cfdf89c40368f8dfa91f469305315b5\" class=\"taParagraph text-base container mx-auto\">\n        <p><strong>Pr\u00e9pare-toi pour ton aventure. Bienvenue dans la boutique de la base.<\/strong><\/p>\n<p>Nous proposons un assortiment de mat\u00e9riel, notamment des combinaisons de plong\u00e9e Ripcurl, ainsi que des cordes et du mat\u00e9riel d&rsquo;Edelrid, de Petzl, de CT et d&rsquo;autres fabricants. N&rsquo;h\u00e9site pas \u00e0 nous contacter pour te renseigner sur un article sp\u00e9cifique ou pour prendre rendez-vous afin de venir v\u00e9rifier notre s\u00e9lection.<\/p>\n<p>Si tu as besoin de quelque chose, <a href=\"https:\/\/ticinoadventures.com\/fr\/contact\/\">fais-le nous savoir<\/a>, nous pourrons probablement l&rsquo;obtenir pour toi.<\/p>\n    <\/div>\n\n\n\n<div style=\"height:50px\" aria-hidden=\"true\" class=\"wp-block-spacer\"><\/div>\n\n\n\n        <div id=\"ta-block_72faf9cf7d6731c913381d071deafb28\" class=\"taActivityList container mx-auto grid grid-cols-1 sm:grid-cols-2 lg:grid-cols-3 2xl:grid-cols-4 gap-8 mb-16\">\n            \n<a href=\"https:\/\/ticinoadventures.com\/fr\/produit\/adventure-cash\/\" class=\"product-link no-underline text-foreground\">\n            <div class=\"relative\">\n            <div class=\"absolute top-0 left-0 right-0 w-ful\">\n                            <\/div>\n            <img loading=\"lazy\" decoding=\"async\" width=\"400\" height=\"400\" src=\"data:image\/gif;base64,R0lGODlhAQABAAAAACH5BAEKAAEALAAAAAABAAEAAAICTAEAOw==\" class=\"product-image lazyload\" alt=\"bon-cadeau pour les activit\u00e9s tessinoises aventures\" sizes=\"auto, (max-width: 400px) 100vw, 400px\" data-src=\"https:\/\/ticinoadventures.com\/wp-content\/uploads\/2017\/04\/ticino-adventures-gift-voucher-gutschein-400x400.jpg\" data-srcset=\"https:\/\/ticinoadventures.com\/wp-content\/uploads\/2017\/04\/ticino-adventures-gift-voucher-gutschein-400x400.jpg 400w, https:\/\/ticinoadventures.com\/wp-content\/uploads\/2017\/04\/ticino-adventures-gift-voucher-gutschein-100x100.jpg 100w, https:\/\/ticinoadventures.com\/wp-content\/uploads\/2017\/04\/ticino-adventures-gift-voucher-gutschein-510x510.jpg 510w, https:\/\/ticinoadventures.com\/wp-content\/uploads\/2017\/04\/ticino-adventures-gift-voucher-gutschein-150x150.jpg 150w, https:\/\/ticinoadventures.com\/wp-content\/uploads\/2017\/04\/ticino-adventures-gift-voucher-gutschein-300x300.jpg 300w, https:\/\/ticinoadventures.com\/wp-content\/uploads\/2017\/04\/ticino-adventures-gift-voucher-gutschein-768x768.jpg 768w, https:\/\/ticinoadventures.com\/wp-content\/uploads\/2017\/04\/ticino-adventures-gift-voucher-gutschein.jpg 800w\">                    <\/div>\n    \n    <div class=\"p-2 flex justify-between items-start font-semibold\">\n        <h3 class=\"text-sm leading-4\">Adventure Cash<\/h3>\n        <div class=\"leading-none\"><\/div>\n    <\/div>\n<\/a>        <\/div>\n\n    ","protected":false},"excerpt":{"rendered":"<p>Looking for the best canyoning, rafting, biking &#038; adventure gear? Visit our shop in Ticino and hit us up if there&rsquo;s something you need!<\/p>\n","protected":false},"author":1,"featured_media":2642,"parent":0,"menu_order":0,"comment_status":"closed","ping_status":"closed","template":"page-category-template.php","meta":{"_acf_changed":false,"footnotes":""},"class_list":["post-6409","page","type-page","status-publish","has-post-thumbnail","hentry"],"acf":[],"_links":{"self":[{"href":"https:\/\/ticinoadventures.com\/fr\/wp-json\/wp\/v2\/pages\/6409","targetHints":{"allow":["GET"]}}],"collection":[{"href":"https:\/\/ticinoadventures.com\/fr\/wp-json\/wp\/v2\/pages"}],"about":[{"href":"https:\/\/ticinoadventures.com\/fr\/wp-json\/wp\/v2\/types\/page"}],"author":[{"embeddable":true,"href":"https:\/\/ticinoadventures.com\/fr\/wp-json\/wp\/v2\/users\/1"}],"replies":[{"embeddable":true,"href":"https:\/\/ticinoadventures.com\/fr\/wp-json\/wp\/v2\/comments?post=6409"}],"version-history":[{"count":0,"href":"https:\/\/ticinoadventures.com\/fr\/wp-json\/wp\/v2\/pages\/6409\/revisions"}],"wp:featuredmedia":[{"embeddable":true,"href":"https:\/\/ticinoadventures.com\/fr\/wp-json\/wp\/v2\/media\/2642"}],"wp:attachment":[{"href":"https:\/\/ticinoadventures.com\/fr\/wp-json\/wp\/v2\/media?parent=6409"}],"curies":[{"name":"wp","href":"https:\/\/api.w.org\/{rel}","templated":true}]}}