{"id":7970,"date":"2017-03-19T23:43:29","date_gmt":"2017-03-19T22:43:29","guid":{"rendered":"http:\/\/ticinoadventures.com\/hebergement\/"},"modified":"2024-04-12T17:25:00","modified_gmt":"2024-04-12T15:25:00","slug":"hebergement","status":"publish","type":"page","link":"https:\/\/ticinoadventures.com\/fr\/hebergement\/","title":{"rendered":"H\u00e9bergement"},"content":{"rendered":"\n    <h3 class=\"container mx-auto\" style=\"text-align:left;\">Repose-toi ! Tu vas en avoir besoin.<\/h3>\n\n\n\n<div style=\"height:25px\" aria-hidden=\"true\" class=\"wp-block-spacer\"><\/div>\n\n\n\n    <div id=\"ta-block_7c6d0502ab1d2724d38e161c01a26fa8\" class=\"taParagraph text-base container mx-auto\">\n        <p><strong>Une journ\u00e9e bien v\u00e9cue apporte le meilleur sommeil.<\/strong><\/p>\n<p>Nous travaillons avec un certain nombre d&rsquo;h\u00f4tels, de b&amp;b, d&rsquo;auberges et de backpackers locaux. Jette un coup d&rsquo;\u0153il ci-dessous et si tu cherches quelque chose de sp\u00e9cifique, <a href=\"https:\/\/ticinoadventures.com\/fr\/contact\/\">fais-le nous savoir<\/a>.<\/p>\n    <\/div>\n\n\n\n<div style=\"height:50px\" aria-hidden=\"true\" class=\"wp-block-spacer\"><\/div>\n\n\n\n    <div id=\"ta-block_9007f293efd7506ba33406f3c2980b67\" class=\"taAccommodationCards container mx-auto\">\n                    <div class=\"grid grid-cols-1 lg:grid-cols-2 2xl:grid-cols-3 gap-8\">\n                                    <a href=\"http:\/\/www.ostello-cresciano.com\/ostello\/\" target=\"_blank\" class=\"no-underline text-foreground\">\n                        <div class=\"flex flex-col\">\n                            <div class=\"accomImage relative h-48\">\n                                <img loading=\"lazy\" decoding=\"async\" width=\"800\" height=\"400\" src=\"data:image\/gif;base64,R0lGODlhAQABAAAAACH5BAEKAAEALAAAAAABAAEAAAICTAEAOw==\" class=\"attachment-large size-large lazyload\" alt=\"Ostello Cresciano H\u00e9bergement dans le Tessin en Suisse\" sizes=\"auto, (max-width: 800px) 100vw, 800px\" data-src=\"https:\/\/ticinoadventures.com\/wp-content\/uploads\/2017\/03\/Ticino-Accommodation-Cheap-Budget-Activities-ostello-cresciano.jpg\" data-srcset=\"https:\/\/ticinoadventures.com\/wp-content\/uploads\/2017\/03\/Ticino-Accommodation-Cheap-Budget-Activities-ostello-cresciano.jpg 800w, https:\/\/ticinoadventures.com\/wp-content\/uploads\/2017\/03\/Ticino-Accommodation-Cheap-Budget-Activities-ostello-cresciano-510x255.jpg 510w, https:\/\/ticinoadventures.com\/wp-content\/uploads\/2017\/03\/Ticino-Accommodation-Cheap-Budget-Activities-ostello-cresciano-100x50.jpg 100w, https:\/\/ticinoadventures.com\/wp-content\/uploads\/2017\/03\/Ticino-Accommodation-Cheap-Budget-Activities-ostello-cresciano-300x150.jpg 300w, https:\/\/ticinoadventures.com\/wp-content\/uploads\/2017\/03\/Ticino-Accommodation-Cheap-Budget-Activities-ostello-cresciano-768x384.jpg 768w\">                                <div class=\"absolute bottom-0 right-0\">\n                                    <div class=\"bg-foreground rounded-tl-3xl rounded-br-lg p-3\">\n                                        <svg class=\"w-8 h-8 fill-background\" xmlns=\"http:\/\/www.w3.org\/2000\/svg\" viewBox=\"0 0 1200 1200\"> <path d=\"m591.62 56.25c144.19-2.207 283.35 52.953 386.87 153.35 103.52 100.39 162.92 237.79 165.14 381.98 2.2148 144.19-52.934 283.35-153.32 386.88-100.39 103.53-237.78 162.94-381.97 165.17-144.19 2.2305-283.36-52.91-386.89-153.29-103.54-100.38-162.96-237.77-165.2-381.95-1.4844-95.453 22.191-189.61 68.637-273.01 46.449-83.402 114.04-153.11 195.96-202.1 81.93-48.996 175.32-75.559 270.77-77.02zm439.63 537.11c-1.7734-114.36-48.898-223.32-131.01-302.93-82.113-79.609-192.48-123.34-306.84-121.58-114.36 1.7656-223.33 48.883-302.94 130.99-79.617 82.105-123.36 192.48-121.61 306.83 1.7578 114.35 48.867 223.33 130.96 302.95 82.102 79.621 192.46 123.37 306.82 121.62 75.703-1.1562 149.77-22.223 214.75-61.082 64.98-38.855 118.59-94.137 155.43-160.28s55.617-140.82 54.441-216.52z\"\/>\n    <path d=\"m910.61 568.78c7.1289 6.8945 11.223 16.34 11.379 26.258 0.15625 9.9141-3.6445 19.484-10.555 26.598l-182.76 188.48c-13.98 14.449-34.605 20.34-54.109 15.457-19.504-4.8789-34.922-19.797-40.441-39.129-5.5234-19.332-0.31641-40.141 13.664-54.59l75.113-77.477-384.51 5.9258c-20.094 0.3125-38.832-10.121-49.148-27.371-10.316-17.246-10.648-38.691-0.87109-56.25 9.7773-17.559 28.18-28.566 48.277-28.879l384.52-5.9258-77.477-75.133h0.003906c-10.879-10.359-17.164-24.641-17.449-39.66-0.28516-15.02 5.4492-29.531 15.926-40.301 10.477-10.766 24.824-16.895 39.848-17.02s29.473 5.7656 40.125 16.355z\"\/><\/svg>                                    <\/div>\n                                <\/div>\n                            <\/div>\n                            <div class=\"p-1\">\n                                <h3 class=\"text-lg font-black mt-2\">Ostello Cresciano<\/h3>\n                                <div class=\"mt-1\"><p>Une maison d&rsquo;h\u00f4tes r\u00e9cemment r\u00e9nov\u00e9e offrant des lits confortables, un espace jardin, un bar et le personnel est sympathique et tr\u00e8s serviable ! Oh, et c&rsquo;est seulement \u00e0 2 minutes \u00e0 pied de notre BASE !<\/p>\n<\/div>\n                            <\/div>\n                        <\/div>\n                    <\/a>\n\n                                    <a href=\"http:\/\/www.alcenso.ch\/web\/start-en.html\" target=\"_blank\" class=\"no-underline text-foreground\">\n                        <div class=\"flex flex-col\">\n                            <div class=\"accomImage relative h-48\">\n                                <img loading=\"lazy\" decoding=\"async\" width=\"800\" height=\"400\" src=\"data:image\/gif;base64,R0lGODlhAQABAAAAACH5BAEKAAEALAAAAAABAAEAAAICTAEAOw==\" class=\"attachment-large size-large lazyload\" alt=\"piscine au camping al censo\" sizes=\"auto, (max-width: 800px) 100vw, 800px\" data-src=\"https:\/\/ticinoadventures.com\/wp-content\/uploads\/2017\/03\/Ticino-Accommodation-Cheap-Budget-Activities-campeggio-al-censo-campground.jpg\" data-srcset=\"https:\/\/ticinoadventures.com\/wp-content\/uploads\/2017\/03\/Ticino-Accommodation-Cheap-Budget-Activities-campeggio-al-censo-campground.jpg 800w, https:\/\/ticinoadventures.com\/wp-content\/uploads\/2017\/03\/Ticino-Accommodation-Cheap-Budget-Activities-campeggio-al-censo-campground-510x255.jpg 510w, https:\/\/ticinoadventures.com\/wp-content\/uploads\/2017\/03\/Ticino-Accommodation-Cheap-Budget-Activities-campeggio-al-censo-campground-100x50.jpg 100w, https:\/\/ticinoadventures.com\/wp-content\/uploads\/2017\/03\/Ticino-Accommodation-Cheap-Budget-Activities-campeggio-al-censo-campground-300x150.jpg 300w, https:\/\/ticinoadventures.com\/wp-content\/uploads\/2017\/03\/Ticino-Accommodation-Cheap-Budget-Activities-campeggio-al-censo-campground-768x384.jpg 768w\">                                <div class=\"absolute bottom-0 right-0\">\n                                    <div class=\"bg-foreground rounded-tl-3xl rounded-br-lg p-3\">\n                                        <svg class=\"w-8 h-8 fill-background\" xmlns=\"http:\/\/www.w3.org\/2000\/svg\" viewBox=\"0 0 1200 1200\"> <path d=\"m591.62 56.25c144.19-2.207 283.35 52.953 386.87 153.35 103.52 100.39 162.92 237.79 165.14 381.98 2.2148 144.19-52.934 283.35-153.32 386.88-100.39 103.53-237.78 162.94-381.97 165.17-144.19 2.2305-283.36-52.91-386.89-153.29-103.54-100.38-162.96-237.77-165.2-381.95-1.4844-95.453 22.191-189.61 68.637-273.01 46.449-83.402 114.04-153.11 195.96-202.1 81.93-48.996 175.32-75.559 270.77-77.02zm439.63 537.11c-1.7734-114.36-48.898-223.32-131.01-302.93-82.113-79.609-192.48-123.34-306.84-121.58-114.36 1.7656-223.33 48.883-302.94 130.99-79.617 82.105-123.36 192.48-121.61 306.83 1.7578 114.35 48.867 223.33 130.96 302.95 82.102 79.621 192.46 123.37 306.82 121.62 75.703-1.1562 149.77-22.223 214.75-61.082 64.98-38.855 118.59-94.137 155.43-160.28s55.617-140.82 54.441-216.52z\"\/>\n    <path d=\"m910.61 568.78c7.1289 6.8945 11.223 16.34 11.379 26.258 0.15625 9.9141-3.6445 19.484-10.555 26.598l-182.76 188.48c-13.98 14.449-34.605 20.34-54.109 15.457-19.504-4.8789-34.922-19.797-40.441-39.129-5.5234-19.332-0.31641-40.141 13.664-54.59l75.113-77.477-384.51 5.9258c-20.094 0.3125-38.832-10.121-49.148-27.371-10.316-17.246-10.648-38.691-0.87109-56.25 9.7773-17.559 28.18-28.566 48.277-28.879l384.52-5.9258-77.477-75.133h0.003906c-10.879-10.359-17.164-24.641-17.449-39.66-0.28516-15.02 5.4492-29.531 15.926-40.301 10.477-10.766 24.824-16.895 39.848-17.02s29.473 5.7656 40.125 16.355z\"\/><\/svg>                                    <\/div>\n                                <\/div>\n                            <\/div>\n                            <div class=\"p-1\">\n                                <h3 class=\"text-lg font-black mt-2\">Camping Al Censo<\/h3>\n                                <div class=\"mt-1\"><p>Un terrain de camping \u00e0 proximit\u00e9 de notre base. Situ\u00e9 dans un paysage typique du Tessin, ce site bien entretenu est \u00e9quip\u00e9 d&rsquo;installations sanitaires modernes et d&rsquo;une piscine.<\/p>\n<\/div>\n                            <\/div>\n                        <\/div>\n                    <\/a>\n\n                                    <a href=\"http:\/\/ostellomontebello.ch\/en\/home-3\/\" target=\"_blank\" class=\"no-underline text-foreground\">\n                        <div class=\"flex flex-col\">\n                            <div class=\"accomImage relative h-48\">\n                                <img loading=\"lazy\" decoding=\"async\" width=\"800\" height=\"400\" src=\"data:image\/gif;base64,R0lGODlhAQABAAAAACH5BAEKAAEALAAAAAABAAEAAAICTAEAOw==\" class=\"attachment-large size-large lazyload\" alt=\"Ostello Montebello Bellinzona h\u00e9bergement au Tessin\" sizes=\"auto, (max-width: 800px) 100vw, 800px\" data-src=\"https:\/\/ticinoadventures.com\/wp-content\/uploads\/2017\/03\/Ticino-Accommodation-Cheap-Budget-Activities-ostello-montebello-bellinzona.jpg\" data-srcset=\"https:\/\/ticinoadventures.com\/wp-content\/uploads\/2017\/03\/Ticino-Accommodation-Cheap-Budget-Activities-ostello-montebello-bellinzona.jpg 800w, https:\/\/ticinoadventures.com\/wp-content\/uploads\/2017\/03\/Ticino-Accommodation-Cheap-Budget-Activities-ostello-montebello-bellinzona-510x255.jpg 510w, https:\/\/ticinoadventures.com\/wp-content\/uploads\/2017\/03\/Ticino-Accommodation-Cheap-Budget-Activities-ostello-montebello-bellinzona-100x50.jpg 100w, https:\/\/ticinoadventures.com\/wp-content\/uploads\/2017\/03\/Ticino-Accommodation-Cheap-Budget-Activities-ostello-montebello-bellinzona-300x150.jpg 300w, https:\/\/ticinoadventures.com\/wp-content\/uploads\/2017\/03\/Ticino-Accommodation-Cheap-Budget-Activities-ostello-montebello-bellinzona-768x384.jpg 768w\">                                <div class=\"absolute bottom-0 right-0\">\n                                    <div class=\"bg-foreground rounded-tl-3xl rounded-br-lg p-3\">\n                                        <svg class=\"w-8 h-8 fill-background\" xmlns=\"http:\/\/www.w3.org\/2000\/svg\" viewBox=\"0 0 1200 1200\"> <path d=\"m591.62 56.25c144.19-2.207 283.35 52.953 386.87 153.35 103.52 100.39 162.92 237.79 165.14 381.98 2.2148 144.19-52.934 283.35-153.32 386.88-100.39 103.53-237.78 162.94-381.97 165.17-144.19 2.2305-283.36-52.91-386.89-153.29-103.54-100.38-162.96-237.77-165.2-381.95-1.4844-95.453 22.191-189.61 68.637-273.01 46.449-83.402 114.04-153.11 195.96-202.1 81.93-48.996 175.32-75.559 270.77-77.02zm439.63 537.11c-1.7734-114.36-48.898-223.32-131.01-302.93-82.113-79.609-192.48-123.34-306.84-121.58-114.36 1.7656-223.33 48.883-302.94 130.99-79.617 82.105-123.36 192.48-121.61 306.83 1.7578 114.35 48.867 223.33 130.96 302.95 82.102 79.621 192.46 123.37 306.82 121.62 75.703-1.1562 149.77-22.223 214.75-61.082 64.98-38.855 118.59-94.137 155.43-160.28s55.617-140.82 54.441-216.52z\"\/>\n    <path d=\"m910.61 568.78c7.1289 6.8945 11.223 16.34 11.379 26.258 0.15625 9.9141-3.6445 19.484-10.555 26.598l-182.76 188.48c-13.98 14.449-34.605 20.34-54.109 15.457-19.504-4.8789-34.922-19.797-40.441-39.129-5.5234-19.332-0.31641-40.141 13.664-54.59l75.113-77.477-384.51 5.9258c-20.094 0.3125-38.832-10.121-49.148-27.371-10.316-17.246-10.648-38.691-0.87109-56.25 9.7773-17.559 28.18-28.566 48.277-28.879l384.52-5.9258-77.477-75.133h0.003906c-10.879-10.359-17.164-24.641-17.449-39.66-0.28516-15.02 5.4492-29.531 15.926-40.301 10.477-10.766 24.824-16.895 39.848-17.02s29.473 5.7656 40.125 16.355z\"\/><\/svg>                                    <\/div>\n                                <\/div>\n                            <\/div>\n                            <div class=\"p-1\">\n                                <h3 class=\"text-lg font-black mt-2\">Ostello Montebello<\/h3>\n                                <div class=\"mt-1\"><p>L&rsquo;auberge de jeunesse Montebello se trouve au c\u0153ur du Tessin. L&rsquo;auberge se trouve au pied du ch\u00e2teau de Montebello, et \u00e0 seulement 10 minutes de la gare.<\/p>\n<\/div>\n                            <\/div>\n                        <\/div>\n                    <\/a>\n\n                                    <a href=\"https:\/\/casa-davinci.ch\/\" target=\"_blank\" class=\"no-underline text-foreground\">\n                        <div class=\"flex flex-col\">\n                            <div class=\"accomImage relative h-48\">\n                                <img loading=\"lazy\" decoding=\"async\" width=\"800\" height=\"400\" src=\"data:image\/gif;base64,R0lGODlhAQABAAAAACH5BAEKAAEALAAAAAABAAEAAAICTAEAOw==\" class=\"attachment-large size-large lazyload\" alt=\"Hotel Casa Da Vinci\" sizes=\"auto, (max-width: 800px) 100vw, 800px\" data-src=\"https:\/\/ticinoadventures.com\/wp-content\/uploads\/2024\/04\/Ticino-Accommodation-Cheap-Budget-Activities-Hotel-Casa-Da-Vinci-Locarno.jpg\" data-srcset=\"https:\/\/ticinoadventures.com\/wp-content\/uploads\/2024\/04\/Ticino-Accommodation-Cheap-Budget-Activities-Hotel-Casa-Da-Vinci-Locarno.jpg 800w, https:\/\/ticinoadventures.com\/wp-content\/uploads\/2024\/04\/Ticino-Accommodation-Cheap-Budget-Activities-Hotel-Casa-Da-Vinci-Locarno-300x150.jpg 300w, https:\/\/ticinoadventures.com\/wp-content\/uploads\/2024\/04\/Ticino-Accommodation-Cheap-Budget-Activities-Hotel-Casa-Da-Vinci-Locarno-768x384.jpg 768w, https:\/\/ticinoadventures.com\/wp-content\/uploads\/2024\/04\/Ticino-Accommodation-Cheap-Budget-Activities-Hotel-Casa-Da-Vinci-Locarno-510x255.jpg 510w, https:\/\/ticinoadventures.com\/wp-content\/uploads\/2024\/04\/Ticino-Accommodation-Cheap-Budget-Activities-Hotel-Casa-Da-Vinci-Locarno-100x50.jpg 100w\">                                <div class=\"absolute bottom-0 right-0\">\n                                    <div class=\"bg-foreground rounded-tl-3xl rounded-br-lg p-3\">\n                                        <svg class=\"w-8 h-8 fill-background\" xmlns=\"http:\/\/www.w3.org\/2000\/svg\" viewBox=\"0 0 1200 1200\"> <path d=\"m591.62 56.25c144.19-2.207 283.35 52.953 386.87 153.35 103.52 100.39 162.92 237.79 165.14 381.98 2.2148 144.19-52.934 283.35-153.32 386.88-100.39 103.53-237.78 162.94-381.97 165.17-144.19 2.2305-283.36-52.91-386.89-153.29-103.54-100.38-162.96-237.77-165.2-381.95-1.4844-95.453 22.191-189.61 68.637-273.01 46.449-83.402 114.04-153.11 195.96-202.1 81.93-48.996 175.32-75.559 270.77-77.02zm439.63 537.11c-1.7734-114.36-48.898-223.32-131.01-302.93-82.113-79.609-192.48-123.34-306.84-121.58-114.36 1.7656-223.33 48.883-302.94 130.99-79.617 82.105-123.36 192.48-121.61 306.83 1.7578 114.35 48.867 223.33 130.96 302.95 82.102 79.621 192.46 123.37 306.82 121.62 75.703-1.1562 149.77-22.223 214.75-61.082 64.98-38.855 118.59-94.137 155.43-160.28s55.617-140.82 54.441-216.52z\"\/>\n    <path d=\"m910.61 568.78c7.1289 6.8945 11.223 16.34 11.379 26.258 0.15625 9.9141-3.6445 19.484-10.555 26.598l-182.76 188.48c-13.98 14.449-34.605 20.34-54.109 15.457-19.504-4.8789-34.922-19.797-40.441-39.129-5.5234-19.332-0.31641-40.141 13.664-54.59l75.113-77.477-384.51 5.9258c-20.094 0.3125-38.832-10.121-49.148-27.371-10.316-17.246-10.648-38.691-0.87109-56.25 9.7773-17.559 28.18-28.566 48.277-28.879l384.52-5.9258-77.477-75.133h0.003906c-10.879-10.359-17.164-24.641-17.449-39.66-0.28516-15.02 5.4492-29.531 15.926-40.301 10.477-10.766 24.824-16.895 39.848-17.02s29.473 5.7656 40.125 16.355z\"\/><\/svg>                                    <\/div>\n                                <\/div>\n                            <\/div>\n                            <div class=\"p-1\">\n                                <h3 class=\"text-lg font-black mt-2\">Hotel Casa Da Vinci<\/h3>\n                                <div class=\"mt-1\"><p>Au c\u0153ur de Locarno, pr\u00e8s de la Piazza Grande, ils disposent de 2 \u00e0 7 chambres avec ou sans douche\/toilette et d&rsquo;une cuisine ind\u00e9pendante dans une cour ombrag\u00e9e.<\/p>\n<\/div>\n                            <\/div>\n                        <\/div>\n                    <\/a>\n\n                                    <a href=\"http:\/\/www.hotel-ascona.ch\/\" target=\"_blank\" class=\"no-underline text-foreground\">\n                        <div class=\"flex flex-col\">\n                            <div class=\"accomImage relative h-48\">\n                                <img loading=\"lazy\" decoding=\"async\" width=\"800\" height=\"400\" src=\"data:image\/gif;base64,R0lGODlhAQABAAAAACH5BAEKAAEALAAAAAABAAEAAAICTAEAOw==\" class=\"attachment-large size-large lazyload\" alt=\"Hotel Ascona\" sizes=\"auto, (max-width: 800px) 100vw, 800px\" data-src=\"https:\/\/ticinoadventures.com\/wp-content\/uploads\/2024\/04\/Ticino-Accommodation-Cheap-Budget-Activities-hotel-ascona.jpg\" data-srcset=\"https:\/\/ticinoadventures.com\/wp-content\/uploads\/2024\/04\/Ticino-Accommodation-Cheap-Budget-Activities-hotel-ascona.jpg 800w, https:\/\/ticinoadventures.com\/wp-content\/uploads\/2024\/04\/Ticino-Accommodation-Cheap-Budget-Activities-hotel-ascona-300x150.jpg 300w, https:\/\/ticinoadventures.com\/wp-content\/uploads\/2024\/04\/Ticino-Accommodation-Cheap-Budget-Activities-hotel-ascona-768x384.jpg 768w, https:\/\/ticinoadventures.com\/wp-content\/uploads\/2024\/04\/Ticino-Accommodation-Cheap-Budget-Activities-hotel-ascona-510x255.jpg 510w, https:\/\/ticinoadventures.com\/wp-content\/uploads\/2024\/04\/Ticino-Accommodation-Cheap-Budget-Activities-hotel-ascona-100x50.jpg 100w\">                                <div class=\"absolute bottom-0 right-0\">\n                                    <div class=\"bg-foreground rounded-tl-3xl rounded-br-lg p-3\">\n                                        <svg class=\"w-8 h-8 fill-background\" xmlns=\"http:\/\/www.w3.org\/2000\/svg\" viewBox=\"0 0 1200 1200\"> <path d=\"m591.62 56.25c144.19-2.207 283.35 52.953 386.87 153.35 103.52 100.39 162.92 237.79 165.14 381.98 2.2148 144.19-52.934 283.35-153.32 386.88-100.39 103.53-237.78 162.94-381.97 165.17-144.19 2.2305-283.36-52.91-386.89-153.29-103.54-100.38-162.96-237.77-165.2-381.95-1.4844-95.453 22.191-189.61 68.637-273.01 46.449-83.402 114.04-153.11 195.96-202.1 81.93-48.996 175.32-75.559 270.77-77.02zm439.63 537.11c-1.7734-114.36-48.898-223.32-131.01-302.93-82.113-79.609-192.48-123.34-306.84-121.58-114.36 1.7656-223.33 48.883-302.94 130.99-79.617 82.105-123.36 192.48-121.61 306.83 1.7578 114.35 48.867 223.33 130.96 302.95 82.102 79.621 192.46 123.37 306.82 121.62 75.703-1.1562 149.77-22.223 214.75-61.082 64.98-38.855 118.59-94.137 155.43-160.28s55.617-140.82 54.441-216.52z\"\/>\n    <path d=\"m910.61 568.78c7.1289 6.8945 11.223 16.34 11.379 26.258 0.15625 9.9141-3.6445 19.484-10.555 26.598l-182.76 188.48c-13.98 14.449-34.605 20.34-54.109 15.457-19.504-4.8789-34.922-19.797-40.441-39.129-5.5234-19.332-0.31641-40.141 13.664-54.59l75.113-77.477-384.51 5.9258c-20.094 0.3125-38.832-10.121-49.148-27.371-10.316-17.246-10.648-38.691-0.87109-56.25 9.7773-17.559 28.18-28.566 48.277-28.879l384.52-5.9258-77.477-75.133h0.003906c-10.879-10.359-17.164-24.641-17.449-39.66-0.28516-15.02 5.4492-29.531 15.926-40.301 10.477-10.766 24.824-16.895 39.848-17.02s29.473 5.7656 40.125 16.355z\"\/><\/svg>                                    <\/div>\n                                <\/div>\n                            <\/div>\n                            <div class=\"p-1\">\n                                <h3 class=\"text-lg font-black mt-2\">Hotel Ascona<\/h3>\n                                <div class=\"mt-1\"><p>Depuis son emplacement sur le pittoresque Monte Verit\u00e0, l&rsquo;h\u00f4tel Ascona**** jouit d&rsquo;une vue exceptionnelle sur le lac Majeur et les montagnes.<\/p>\n<\/div>\n                            <\/div>\n                        <\/div>\n                    <\/a>\n\n                            <\/div>\n            <\/div>\n\n\n\n<div style=\"height:100px\" aria-hidden=\"true\" class=\"wp-block-spacer\"><\/div>\n","protected":false},"excerpt":{"rendered":"<p>If you&rsquo;re coming to Ticino for canyoning, rafting or biking, we have some perfect accommodation options. Contact us if there&rsquo;s something you have in mind.<\/p>\n","protected":false},"author":1,"featured_media":6720,"parent":0,"menu_order":0,"comment_status":"closed","ping_status":"closed","template":"page-category-template.php","meta":{"_acf_changed":false,"footnotes":""},"class_list":["post-7970","page","type-page","status-publish","has-post-thumbnail","hentry"],"acf":[],"_links":{"self":[{"href":"https:\/\/ticinoadventures.com\/fr\/wp-json\/wp\/v2\/pages\/7970","targetHints":{"allow":["GET"]}}],"collection":[{"href":"https:\/\/ticinoadventures.com\/fr\/wp-json\/wp\/v2\/pages"}],"about":[{"href":"https:\/\/ticinoadventures.com\/fr\/wp-json\/wp\/v2\/types\/page"}],"author":[{"embeddable":true,"href":"https:\/\/ticinoadventures.com\/fr\/wp-json\/wp\/v2\/users\/1"}],"replies":[{"embeddable":true,"href":"https:\/\/ticinoadventures.com\/fr\/wp-json\/wp\/v2\/comments?post=7970"}],"version-history":[{"count":0,"href":"https:\/\/ticinoadventures.com\/fr\/wp-json\/wp\/v2\/pages\/7970\/revisions"}],"wp:featuredmedia":[{"embeddable":true,"href":"https:\/\/ticinoadventures.com\/fr\/wp-json\/wp\/v2\/media\/6720"}],"wp:attachment":[{"href":"https:\/\/ticinoadventures.com\/fr\/wp-json\/wp\/v2\/media?parent=7970"}],"curies":[{"name":"wp","href":"https:\/\/api.w.org\/{rel}","templated":true}]}}