{"id":8629,"date":"2017-04-17T11:00:58","date_gmt":"2017-04-17T09:00:58","guid":{"rendered":"http:\/\/ticino-adventures.local\/cotation\/"},"modified":"2024-04-12T17:43:32","modified_gmt":"2024-04-12T15:43:32","slug":"notes-d-aventure","status":"publish","type":"page","link":"https:\/\/ticinoadventures.com\/fr\/notes-d-aventure\/","title":{"rendered":"NOTES D&rsquo;AVENTURE"},"content":{"rendered":"\n    <h3 class=\"container mx-auto\" style=\"text-align:left;\">Qu&#039;est-ce que cela signifie ?<\/h3>\n\n\n\n<div style=\"height:25px\" aria-hidden=\"true\" class=\"wp-block-spacer\"><\/div>\n\n\n\n    <div id=\"ta-block_ea8a3cadbb09eff3395f03b94755e44e\" class=\"taParagraph text-base container mx-auto\">\n        <p><strong>Quelle est l&rsquo;aventure qui te convient?<\/strong><\/p>\n<p>Toutes nos aventures requi\u00e8rent un certain degr\u00e9 d&rsquo;action physique. Elles sont pratiques et font appel aux \u00e9l\u00e9ments de la nature. C&rsquo;est exactement ce que nous aimons !<\/p>\n<p>Nous avons class\u00e9 chaque activit\u00e9 en fonction de sa dur\u00e9e, de son niveau, de sa nature et de son action. Il ne s&rsquo;agit que de lignes directrices. Toutes les activit\u00e9s sont soumises aux conditions m\u00e9t\u00e9orologiques, qui peuvent avoir un effet sur le degr\u00e9 de difficult\u00e9 d&rsquo;une activit\u00e9.<\/p>\n<p>Choisir l&rsquo;aventure qui convient \u00e0 tes capacit\u00e9s est important pour ta s\u00e9curit\u00e9 et ton plaisir g\u00e9n\u00e9ral. Jetons un coup d&rsquo;\u0153il \u00e0 la fa\u00e7on dont chaque cote est d\u00e9termin\u00e9e.<\/p>\n    <\/div>\n\n\n\n<div style=\"height:25px\" aria-hidden=\"true\" class=\"wp-block-spacer\"><\/div>\n\n\n\n    <div id=\"ta-block_d2e2951c5efae65dad16b06f1f8e23de\" class=\"taDropdown container mx-auto\">\n\n                                    <div class=\"border-b border-foreground px-1 py-3\">\n                    <h4 class=\"faq-question cursor-pointer text-base font-semibold\">Dur\u00e9e<\/h4>\n                    <div class=\"faq-answer hidden p-2\"><p>Nous avons des aventures qui durent de 2 heures \u00e0 8 heures. Tu peux t&rsquo;en servir pour d\u00e9terminer ce que tu peux faire en une journ\u00e9e (parfois, tu peux faire deux excursions !), ou ce que tu penses pouvoir supporter.<\/p>\n<p>Remarque que certaines des excursions les plus courtes sont tr\u00e8s intenses, c&rsquo;est donc toujours une bonne id\u00e9e de combiner la dur\u00e9e et le niveau de chaque activit\u00e9.<\/p>\n<\/div>\n                <\/div>\n                            <div class=\"border-b border-foreground px-1 py-3\">\n                    <h4 class=\"faq-question cursor-pointer text-base font-semibold\">Niveau<\/h4>\n                    <div class=\"faq-answer hidden p-2\"><p>Les niveaux de difficult\u00e9 indiqu\u00e9s (niveaux 1 \u00e0 4) sont des valeurs de r\u00e9f\u00e9rence et s&rsquo;appliquent \u00e0 des conditions ext\u00e9rieures id\u00e9ales. Nous sommes l\u00e0 pour te faire vivre une exp\u00e9rience en toute s\u00e9curit\u00e9. Cela peut impliquer de reprogrammer ou de sugg\u00e9rer une autre excursion si la m\u00e9t\u00e9o a consid\u00e9rablement affect\u00e9 l&rsquo;excursion que tu as r\u00e9serv\u00e9e.<\/p>\n<p>1 Facile, niveau d\u00e9butant (\u00e0 partir de 10 ans).<br \/>\n2 Moyen, adapt\u00e9 aux d\u00e9butants sportifs (\u00e0 partir de 10 ans).<br \/>\n3 Difficile, adapt\u00e9 aux personnes athl\u00e9tiques ayant de l&rsquo;exp\u00e9rience dans l&rsquo;activit\u00e9 choisie (\u00e0 partir de 16 ans).<br \/>\n4 Difficile \u00e0 tr\u00e8s difficile, ne convient qu&rsquo;aux amateurs avanc\u00e9s de l&rsquo;activit\u00e9 choisie (\u00e0 partir de 18 ans).<\/p>\n<p><strong>Exemple de v\u00e9lo:<\/strong><br \/>\n1 Pistes majoritairement lisses avec peu de cailloux. Pas tr\u00e8s raides. Non expos\u00e9s.<br \/>\n2 Quelques sections rocheuses. Devenant un peu plus raides, avec quelques courtes parties expos\u00e9es.<br \/>\n3 Beaucoup de rochers avec des d\u00e9nivel\u00e9s. Raide. Parties expos\u00e9es.<br \/>\n4 Gros rochers, sauts, gros d\u00e9nivel\u00e9s. Tr\u00e8s raide. Beaucoup d&rsquo;exposition.<\/p>\n<\/div>\n                <\/div>\n                            <div class=\"border-b border-foreground px-1 py-3\">\n                    <h4 class=\"faq-question cursor-pointer text-base font-semibold\">La nature<\/h4>\n                    <div class=\"faq-answer hidden p-2\"><p>Le Tessin est l&rsquo;un des endroits les plus diversifi\u00e9s de la plan\u00e8te. S&rsquo;immerger dans cet environnement m\u00e9diterran\u00e9en est une note de 5 dans nos livres, chaque jour de l&rsquo;ann\u00e9e ! Cependant, nous aimons tous faire des comparaisons.<\/p>\n<p>Ne te m\u00e9prends pas, si tu veux faire du canyoning, le Tessin est la premi\u00e8re r\u00e9gion au monde. Un guide local s&rsquo;appelle Eldorado Ticino, et ce nom n&rsquo;est pas exag\u00e9r\u00e9. Le granit blanc \u00e9poustouflant, le gneiss noir d&rsquo;encre, l&rsquo;eau cristalline et le soleil abondant se combinent pour cr\u00e9er un environnement de canyoning in\u00e9gal\u00e9.<\/p>\n<p>Encore une fois, nous notons nos voyages sur cinq, mais sache que nos 2 seraient des 5 n&rsquo;importe o\u00f9 ailleurs dans le monde !<\/p>\n<\/div>\n                <\/div>\n                            <div class=\"border-b border-foreground px-1 py-3\">\n                    <h4 class=\"faq-question cursor-pointer text-base font-semibold\">Action<\/h4>\n                    <div class=\"faq-answer hidden p-2\"><p>La note \u00ab\u00a0Action\u00a0\u00bb est notre fa\u00e7on d&rsquo;\u00e9valuer les \u00e9l\u00e9ments dynamiques d&rsquo;un voyage. Plus la note est \u00e9lev\u00e9e, plus le voyage est intense. Une note plus basse peut n\u00e9cessiter moins de cran pour \u00eatre r\u00e9alis\u00e9e, mais \u00eatre tout de m\u00eame physiquement exigeante.<\/p>\n<p><strong>Exemple du canyoning :<\/strong><br \/>\n<em>High rating<\/em> = un plus grand nombre de grands sauts et de toboggans avec moins de rappels.<br \/>\n<em>Low rating<\/em> = relativement peu de sauts et de glissades avec des terrains ou des passages de nage plus longs et plus de rappels.<\/p>\n<p>Cela signifie plus de temps pour profiter de la beaut\u00e9 naturelle de l&rsquo;endroit.<\/p>\n<\/div>\n                <\/div>\n                        <\/div>\n\n\n\n<div style=\"height:100px\" aria-hidden=\"true\" class=\"wp-block-spacer\"><\/div>\n","protected":false},"excerpt":{"rendered":"<p>Which adventures is right for you? We have a number of ratings for each trip to help you choose a trip that matches what you&rsquo;re after!<\/p>\n","protected":false},"author":1,"featured_media":7268,"parent":0,"menu_order":0,"comment_status":"closed","ping_status":"closed","template":"page-category-template.php","meta":{"_acf_changed":false,"footnotes":""},"class_list":["post-8629","page","type-page","status-publish","has-post-thumbnail","hentry"],"acf":[],"_links":{"self":[{"href":"https:\/\/ticinoadventures.com\/fr\/wp-json\/wp\/v2\/pages\/8629","targetHints":{"allow":["GET"]}}],"collection":[{"href":"https:\/\/ticinoadventures.com\/fr\/wp-json\/wp\/v2\/pages"}],"about":[{"href":"https:\/\/ticinoadventures.com\/fr\/wp-json\/wp\/v2\/types\/page"}],"author":[{"embeddable":true,"href":"https:\/\/ticinoadventures.com\/fr\/wp-json\/wp\/v2\/users\/1"}],"replies":[{"embeddable":true,"href":"https:\/\/ticinoadventures.com\/fr\/wp-json\/wp\/v2\/comments?post=8629"}],"version-history":[{"count":0,"href":"https:\/\/ticinoadventures.com\/fr\/wp-json\/wp\/v2\/pages\/8629\/revisions"}],"wp:featuredmedia":[{"embeddable":true,"href":"https:\/\/ticinoadventures.com\/fr\/wp-json\/wp\/v2\/media\/7268"}],"wp:attachment":[{"href":"https:\/\/ticinoadventures.com\/fr\/wp-json\/wp\/v2\/media?parent=8629"}],"curies":[{"name":"wp","href":"https:\/\/api.w.org\/{rel}","templated":true}]}}