{"id":8637,"date":"2017-03-19T23:04:46","date_gmt":"2017-03-19T22:04:46","guid":{"rendered":"http:\/\/ticino-adventures.local\/securite\/"},"modified":"2024-04-12T19:08:37","modified_gmt":"2024-04-12T17:08:37","slug":"securite","status":"publish","type":"page","link":"https:\/\/ticinoadventures.com\/fr\/securite\/","title":{"rendered":"S\u00e9curit\u00e9"},"content":{"rendered":"\n    <h3 class=\"container mx-auto\" style=\"text-align:left;\">La s\u00e9curit\u00e9 avant tout. Pas d&#039;exception !<\/h3>\n\n\n\n<div style=\"height:25px\" aria-hidden=\"true\" class=\"wp-block-spacer\"><\/div>\n\n\n\n    <div id=\"ta-block_33dea9dcc258a1d891c96422c1865ade\" class=\"taParagraph text-base container mx-auto\">\n        <p><strong>Toujours en train d&rsquo;apprendre, toujours d&rsquo;actualit\u00e9.<\/strong><\/p>\n<p>Nous mettons tout en \u0153uvre pour assurer ta s\u00e9curit\u00e9. C&rsquo;est pourquoi nous avons obtenu la certification de Safety in Adventures d\u00e8s 2004. En 2020, nous avons \u00e9t\u00e9 certifi\u00e9s selon la norme ISO 21101 pour les activit\u00e9s de plein air. Toutes nos activit\u00e9s sont soumises \u00e0 des r\u00e8gles de s\u00e9curit\u00e9 strictes, qui sont examin\u00e9es chaque ann\u00e9e par SGS.<\/p>\n    <\/div>\n\n\n\n<div style=\"height:25px\" aria-hidden=\"true\" class=\"wp-block-spacer\"><\/div>\n\n\n    <div id=\"ta-block_efe2ce1c406e9c1acb287352cfa49f77\" class=\"taImage container mx-auto\">\n                    <img decoding=\"async\" src=\"data:image\/gif;base64,R0lGODlhAQABAAAAACH5BAEKAAEALAAAAAABAAEAAAICTAEAOw==\" alt=\"\" style=\"margin-right: auto; margin-left: 0;; width:50px; border-radius: 0.5rem;\" class=\"lazyload\" data-src=\"\">\n            <\/div>\n\n\n\n    <h4 class=\"container mx-auto\" style=\"text-align:left;\">ISO 21101<\/h4>\n\n\n\n    <div id=\"ta-block_f2ffd025c53a5c08861717832a658804\" class=\"taParagraph text-base container mx-auto\">\n        <p>En 2020, nous avons \u00e9t\u00e9 certifi\u00e9s selon la norme ISO 21101 pour les activit\u00e9s de plein air.<\/p>\n    <\/div>\n\n\n\n<div style=\"height:25px\" aria-hidden=\"true\" class=\"wp-block-spacer\"><\/div>\n\n\n    <div id=\"ta-block_388f5b94eedc36513e9ddde1b8cc0c58\" class=\"taImage container mx-auto\">\n                    <img decoding=\"async\" src=\"data:image\/gif;base64,R0lGODlhAQABAAAAACH5BAEKAAEALAAAAAABAAEAAAICTAEAOw==\" alt=\"Swiss Outdoor Association\" style=\"margin-right: auto; margin-left: 0;; width:50px; border-radius: 0.5rem;\" class=\"lazyload\" data-src=\"https:\/\/ticinoadventures.com\/wp-content\/uploads\/2018\/01\/swiss-outdoor-association-soa-logo.png\">\n            <\/div>\n\n\n\n    <h4 class=\"container mx-auto\" style=\"text-align:left;\">Formation<\/h4>\n\n\n\n    <div id=\"ta-block_07314d6741c8ac670254187c49dac77e\" class=\"taParagraph text-base container mx-auto\">\n        <p>Tous nos guides ont re\u00e7u une formation et une certification de la Swiss Outdoor Association (SOA) ou de la Commission internationale de canyon (CIC). Nous nous effor\u00e7ons de maintenir ce niveau \u00e9lev\u00e9 de s\u00e9curit\u00e9 et de qualit\u00e9 gr\u00e2ce \u00e0 notre propre programme de formation annuel intensif.<\/p>\n    <\/div>\n\n\n\n<div style=\"height:25px\" aria-hidden=\"true\" class=\"wp-block-spacer\"><\/div>\n\n\n    <div id=\"ta-block_b7cacda8511fcd15034d25fb8e08965d\" class=\"taImage container mx-auto\">\n                    <img decoding=\"async\" src=\"data:image\/gif;base64,R0lGODlhAQABAAAAACH5BAEKAAEALAAAAAABAAEAAAICTAEAOw==\" alt=\"Ticino Adventures Safety\" style=\"margin-right: auto; margin-left: 0;; width:120px; ;\" class=\"lazyload\" data-src=\"https:\/\/ticinoadventures.com\/wp-content\/uploads\/2018\/01\/rega_switzerland_safety_canyoning_biking_rafting.svg\">\n            <\/div>\n\n\n\n    <h4 class=\"container mx-auto\" style=\"text-align:left;\">La Rega t&#039;a couvert ?<\/h4>\n\n\n\n    <div id=\"ta-block_443254ee6ac1fe333e5e6b3be63aa6e2\" class=\"taParagraph text-base container mx-auto\">\n        <p>Nous faisons tout ce qui est en notre pouvoir pour te fournir un environnement s\u00fbr afin que tu puisses vivre des exp\u00e9riences uniques. Cependant, la r\u00e9alit\u00e9 est que nous faisons des activit\u00e9s qui impliquent les \u00e9l\u00e9ments (la m\u00e9t\u00e9o).<\/p>\n<p>Nous recommandons \u00e0 toute personne qui n&rsquo;est pas encore inscrite \u00e0 la Rega de le faire avant de partir en voyage. C&rsquo;est un petit prix \u00e0 payer pour avoir l&rsquo;esprit tranquille si un tel sc\u00e9nario se produit.<\/p>\n<p><strong>Qu&rsquo;est-ce que la Rega?<\/strong><br \/>\nLa Rega fournit \u00e0 ses membres une assistance m\u00e9dicale d&rsquo;urgence par voie a\u00e9rienne. Elle dispose d&rsquo;h\u00e9licopt\u00e8res et d&rsquo;a\u00e9roambulances dot\u00e9s d&rsquo;un personnel qualifi\u00e9 et exp\u00e9riment\u00e9 pour mener \u00e0 bien des op\u00e9rations de sauvetage compliqu\u00e9es. Elle est une fondation priv\u00e9e \u00e0 but non lucratif dont la seule mission est de secourir en toute s\u00e9curit\u00e9 les personnes en d\u00e9tresse.<\/p>\n<p>La Rega est financ\u00e9e par ses membres. En contrepartie, elle renonce \u00e0 prendre en charge les frais des missions de sauvetage effectu\u00e9es pour ses membres dans le cas o\u00f9 ton assurance n&rsquo;est pas tenue de payer.<\/p>\n<p>Pour <strong>30chf par an<\/strong>, c&rsquo;est une \u00ab\u00a0\u00e9vidence\u00a0\u00bb pour tous ceux qui pratiquent des activit\u00e9s d&rsquo;aventure en Suisse.<\/p>\n    <\/div>\n\n\n\n<div style=\"height:25px\" aria-hidden=\"true\" class=\"wp-block-spacer\"><\/div>\n\n\n\n    <div id=\"ta-block_5e9279c72b0e8631ecf413a75635b525\" class=\"taButton container mx-auto\">\n        <div class=\"flex justify-start\">\n            <a href=\"https:\/\/www.rega.ch\/en\/support-rega\/become-a-rega-patron.aspx\" class=\"flex justify-center items-center uppercase rounded no-underline leading-none px-6 py-3 text-lg bg-tagreen text-background\" target=\"_blank\">Deviens membre de la Rega<\/a>\n        <\/div>\n    \n\n\n<div style=\"height:100px\" aria-hidden=\"true\" class=\"wp-block-spacer\"><\/div>\n","protected":false},"excerpt":{"rendered":"<p>Certified by Safety in Adventures we are serious about safety with no exceptions! All our activities are subject to highest standards.<\/p>\n","protected":false},"author":1,"featured_media":2645,"parent":0,"menu_order":0,"comment_status":"closed","ping_status":"closed","template":"page-category-template.php","meta":{"_acf_changed":false,"footnotes":""},"class_list":["post-8637","page","type-page","status-publish","has-post-thumbnail","hentry"],"acf":[],"_links":{"self":[{"href":"https:\/\/ticinoadventures.com\/fr\/wp-json\/wp\/v2\/pages\/8637","targetHints":{"allow":["GET"]}}],"collection":[{"href":"https:\/\/ticinoadventures.com\/fr\/wp-json\/wp\/v2\/pages"}],"about":[{"href":"https:\/\/ticinoadventures.com\/fr\/wp-json\/wp\/v2\/types\/page"}],"author":[{"embeddable":true,"href":"https:\/\/ticinoadventures.com\/fr\/wp-json\/wp\/v2\/users\/1"}],"replies":[{"embeddable":true,"href":"https:\/\/ticinoadventures.com\/fr\/wp-json\/wp\/v2\/comments?post=8637"}],"version-history":[{"count":0,"href":"https:\/\/ticinoadventures.com\/fr\/wp-json\/wp\/v2\/pages\/8637\/revisions"}],"wp:featuredmedia":[{"embeddable":true,"href":"https:\/\/ticinoadventures.com\/fr\/wp-json\/wp\/v2\/media\/2645"}],"wp:attachment":[{"href":"https:\/\/ticinoadventures.com\/fr\/wp-json\/wp\/v2\/media?parent=8637"}],"curies":[{"name":"wp","href":"https:\/\/api.w.org\/{rel}","templated":true}]}}