{"id":8647,"date":"2017-03-05T13:26:13","date_gmt":"2017-03-05T12:26:13","guid":{"rendered":"http:\/\/ticino-adventures.local\/private-trips\/"},"modified":"2024-04-12T18:48:49","modified_gmt":"2024-04-12T16:48:49","slug":"voyages-prives","status":"publish","type":"page","link":"https:\/\/ticinoadventures.com\/fr\/voyages-prives\/","title":{"rendered":"Voyages priv\u00e9s"},"content":{"rendered":"\n    <h3 class=\"container mx-auto\" style=\"text-align:left;\">Personnalise ton exp\u00e9rience<\/h3>\n\n\n\n<div style=\"height:10px\" aria-hidden=\"true\" class=\"wp-block-spacer\"><\/div>\n\n\n\n    <div id=\"ta-block_b555d20ea1129b19fcb67623c88d7a71\" class=\"taParagraph text-base container mx-auto\">\n        <p><strong>Fais-le \u00e0 ta fa\u00e7on<\/strong><\/p>\n<p>Tu veux profiter des canyons avec seulement ton groupe priv\u00e9 ? R\u00e9serve une excursion priv\u00e9e.<\/p>\n<p>Nos sorties priv\u00e9es t&rsquo;offrent la possibilit\u00e9 de personnaliser ta journ\u00e9e de canyoning. Contacte-nous ci-dessous et fais-nous part de tes id\u00e9es&#8230; raconte-nous ta journ\u00e9e de canyoning id\u00e9ale et nous ferons tout notre possible pour la r\u00e9aliser !<\/p>\n<p><strong>D\u00e9marre quand tu veux. Va o\u00f9 tu veux.<\/strong><\/p>\n<p>\u00c0 partir de 2 100 CHF<\/p>\n<p><a href=\"https:\/\/ticinoadventures.com\/fr\/contact\/\">Contacte-nous<\/a> si tu es int\u00e9ress\u00e9 !<\/p>\n    <\/div>\n\n\n\n<div style=\"height:100px\" aria-hidden=\"true\" class=\"wp-block-spacer\"><\/div>\n","protected":false},"excerpt":{"rendered":"<p>Customise your adventure in Ticino. We can tailor a private trip just for your group. Nothing is too crazy, contact us and let us know what you&rsquo;re thinking.<\/p>\n","protected":false},"author":1,"featured_media":2645,"parent":0,"menu_order":0,"comment_status":"closed","ping_status":"closed","template":"page-category-template.php","meta":{"_acf_changed":false,"footnotes":""},"class_list":["post-8647","page","type-page","status-publish","has-post-thumbnail","hentry"],"acf":[],"_links":{"self":[{"href":"https:\/\/ticinoadventures.com\/fr\/wp-json\/wp\/v2\/pages\/8647","targetHints":{"allow":["GET"]}}],"collection":[{"href":"https:\/\/ticinoadventures.com\/fr\/wp-json\/wp\/v2\/pages"}],"about":[{"href":"https:\/\/ticinoadventures.com\/fr\/wp-json\/wp\/v2\/types\/page"}],"author":[{"embeddable":true,"href":"https:\/\/ticinoadventures.com\/fr\/wp-json\/wp\/v2\/users\/1"}],"replies":[{"embeddable":true,"href":"https:\/\/ticinoadventures.com\/fr\/wp-json\/wp\/v2\/comments?post=8647"}],"version-history":[{"count":0,"href":"https:\/\/ticinoadventures.com\/fr\/wp-json\/wp\/v2\/pages\/8647\/revisions"}],"wp:featuredmedia":[{"embeddable":true,"href":"https:\/\/ticinoadventures.com\/fr\/wp-json\/wp\/v2\/media\/2645"}],"wp:attachment":[{"href":"https:\/\/ticinoadventures.com\/fr\/wp-json\/wp\/v2\/media?parent=8647"}],"curies":[{"name":"wp","href":"https:\/\/api.w.org\/{rel}","templated":true}]}}