{"id":8649,"date":"2017-03-05T12:26:47","date_gmt":"2017-03-05T11:26:47","guid":{"rendered":"http:\/\/ticino-adventures.local\/adventure-canyoning\/"},"modified":"2024-04-12T17:33:56","modified_gmt":"2024-04-12T15:33:56","slug":"adventure-canyoning","status":"publish","type":"page","link":"https:\/\/ticinoadventures.com\/fr\/adventure-canyoning\/","title":{"rendered":"Adventure Canyoning"},"content":{"rendered":"\n    <h3 class=\"container mx-auto\" style=\"text-align:left;\">D\u00e9couvre quelque chose de nouveau<\/h3>\n\n\n\n<div style=\"height:10px\" aria-hidden=\"true\" class=\"wp-block-spacer\"><\/div>\n\n\n\n    <div id=\"ta-block_f4e9a9fa38b13ab15893ff5d74a6de96\" class=\"taParagraph text-base container mx-auto\">\n        <p><strong>Ce n&rsquo;est pas encore fini !<\/strong><\/p>\n<p>As-tu d\u00e9j\u00e0 fait toutes nos excursions normales de canyoning ? Ne t&rsquo;inqui\u00e8te pas, nous avons d&rsquo;autres canyons ! Nous avons une longue liste de \u00ab\u00a0<strong>canyons d&rsquo;aventure<\/strong>\u00a0\u00bb disponibles sur demande sp\u00e9ciale. Ces canyons sortent vraiment des sentiers battus. Contacte-nous d\u00e8s aujourd&rsquo;hui !<\/p>\n<p>Voici quelques-unes des options :<\/p>\n<p><strong>Val Riviera &amp; Val Blenio<\/strong><\/p>\n<ul>\n<li>Moleno<\/li>\n<li>Combra<\/li>\n<\/ul>\n<p>&nbsp;<\/p>\n<p><strong>Val Maggia<\/strong><\/p>\n<ul>\n<li>Sponde<\/li>\n<li>Riveo Salto<\/li>\n<\/ul>\n<p>&nbsp;<\/p>\n<p><strong>Graub\u00fcnden<\/strong><\/p>\n<ul>\n<li>Buseno<\/li>\n<li>Grono<\/li>\n<\/ul>\n<p>&nbsp;<\/p>\n<p><strong>Italie<\/strong><\/p>\n<ul>\n<li>Bodengo<\/li>\n<\/ul>\n<p>&nbsp;<\/p>\n<p><a href=\"https:\/\/ticinoadventures.com\/fr\/contact\/\">Contacte-nous<\/a> si tu es int\u00e9ress\u00e9(e) !<\/p>\n    <\/div>\n\n\n\n<div style=\"height:100px\" aria-hidden=\"true\" class=\"wp-block-spacer\"><\/div>\n","protected":false},"excerpt":{"rendered":"<p>Feel like you&rsquo;ve been canyoning everywhere? Want to discover more? Get in touch, we have plenty of exclusive spots. This is adventure canyoning at its best!<\/p>\n","protected":false},"author":1,"featured_media":6800,"parent":0,"menu_order":0,"comment_status":"closed","ping_status":"closed","template":"page-category-template.php","meta":{"_acf_changed":false,"footnotes":""},"class_list":["post-8649","page","type-page","status-publish","has-post-thumbnail","hentry"],"acf":[],"_links":{"self":[{"href":"https:\/\/ticinoadventures.com\/fr\/wp-json\/wp\/v2\/pages\/8649","targetHints":{"allow":["GET"]}}],"collection":[{"href":"https:\/\/ticinoadventures.com\/fr\/wp-json\/wp\/v2\/pages"}],"about":[{"href":"https:\/\/ticinoadventures.com\/fr\/wp-json\/wp\/v2\/types\/page"}],"author":[{"embeddable":true,"href":"https:\/\/ticinoadventures.com\/fr\/wp-json\/wp\/v2\/users\/1"}],"replies":[{"embeddable":true,"href":"https:\/\/ticinoadventures.com\/fr\/wp-json\/wp\/v2\/comments?post=8649"}],"version-history":[{"count":0,"href":"https:\/\/ticinoadventures.com\/fr\/wp-json\/wp\/v2\/pages\/8649\/revisions"}],"wp:featuredmedia":[{"embeddable":true,"href":"https:\/\/ticinoadventures.com\/fr\/wp-json\/wp\/v2\/media\/6800"}],"wp:attachment":[{"href":"https:\/\/ticinoadventures.com\/fr\/wp-json\/wp\/v2\/media?parent=8649"}],"curies":[{"name":"wp","href":"https:\/\/api.w.org\/{rel}","templated":true}]}}