{"id":8653,"date":"2017-03-05T00:33:39","date_gmt":"2017-03-04T23:33:39","guid":{"rendered":"http:\/\/ticino-adventures.local\/contact\/"},"modified":"2024-04-12T18:11:44","modified_gmt":"2024-04-12T16:11:44","slug":"contact","status":"publish","type":"page","link":"https:\/\/ticinoadventures.com\/fr\/contact\/","title":{"rendered":"Contact"},"content":{"rendered":"\n    <h3 class=\"container mx-auto\" style=\"text-align:left;\">Comment pouvons-nous t&#039;aider ?<\/h3>\n\n\n\n<div style=\"height:25px\" aria-hidden=\"true\" class=\"wp-block-spacer\"><\/div>\n\n\n\n<div class=\"wp-block-columns is-layout-flex wp-container-core-columns-is-layout-9d6595d7 wp-block-columns-is-layout-flex\">\n<div class=\"wp-block-column is-layout-flow wp-block-column-is-layout-flow\">\n    <div id=\"ta-block_c1de06555777be1909f0f29df2fbe167\" class=\"taParagraph text-lg container mx-auto\">\n        <p>As-tu des commentaires \u00e0 nous faire ?<br \/>\nOu une question \u00e0 laquelle tu n&rsquo;as pas trouv\u00e9 de r\u00e9ponse ?<br \/>\nPrends contact avec nous via les coordonn\u00e9es ci-dessous ou le formulaire de cette page.<\/p>\n    <\/div>\n\n\n\n    <div id=\"ta-block_c2f481720e216c07209d4b700af07cc7\" class=\"taParagraph text-base container mx-auto\">\n        <p>T\u00e9l\u00e9phone : <a href=\"tel:+41763252882\" target=\"_self\" aria-label=\"tel:+41763252882\">+41 (0) 76 325 28 82<\/a><br \/>\nCourriel : <a href=\"mailto:info@ticinoadventures.com\" target=\"_blank\" rel=\"noopener nofollow\" aria-label=\"mailto:info@ticinoadventures.com\">info@ticinoadventures.com<\/a><br \/>\nLieu de travail : <a href=\"#howtofindus\" target=\"_self\" aria-label=\"#howtofindus\">Al Bosch\u00e9tt, CH-6705 Cresciano, Suisse<\/a>.<\/p>\n<p><a href=\"https:\/\/www.instagram.com\/ticinoadventures\/\" target=\"_blank\" rel=\"noopener\" aria-label=\"https:\/\/www.instagram.com\/ticinoadventures\/\">Instagram<\/a> | <a href=\"https:\/\/www.facebook.com\/ticinoadventures\/\" target=\"_blank\" rel=\"noopener\" aria-label=\"https:\/\/www.facebook.com\/ticinoadventures\/\">Facebook<\/a><\/p>\n    <\/div>\n<\/div>\n\n\n\n<div class=\"wp-block-column is-layout-flow wp-block-column-is-layout-flow\"><script>\nvar gform;gform||(document.addEventListener(\"gform_main_scripts_loaded\",function(){gform.scriptsLoaded=!0}),document.addEventListener(\"gform\/theme\/scripts_loaded\",function(){gform.themeScriptsLoaded=!0}),window.addEventListener(\"DOMContentLoaded\",function(){gform.domLoaded=!0}),gform={domLoaded:!1,scriptsLoaded:!1,themeScriptsLoaded:!1,isFormEditor:()=>\"function\"==typeof InitializeEditor,callIfLoaded:function(o){return!(!gform.domLoaded||!gform.scriptsLoaded||!gform.themeScriptsLoaded&&!gform.isFormEditor()||(gform.isFormEditor()&&console.warn(\"The use of gform.initializeOnLoaded() is deprecated in the form editor context and will be removed in Gravity Forms 3.1.\"),o(),0))},initializeOnLoaded:function(o){gform.callIfLoaded(o)||(document.addEventListener(\"gform_main_scripts_loaded\",()=>{gform.scriptsLoaded=!0,gform.callIfLoaded(o)}),document.addEventListener(\"gform\/theme\/scripts_loaded\",()=>{gform.themeScriptsLoaded=!0,gform.callIfLoaded(o)}),window.addEventListener(\"DOMContentLoaded\",()=>{gform.domLoaded=!0,gform.callIfLoaded(o)}))},hooks:{action:{},filter:{}},addAction:function(o,r,e,t){gform.addHook(\"action\",o,r,e,t)},addFilter:function(o,r,e,t){gform.addHook(\"filter\",o,r,e,t)},doAction:function(o){gform.doHook(\"action\",o,arguments)},applyFilters:function(o){return gform.doHook(\"filter\",o,arguments)},removeAction:function(o,r){gform.removeHook(\"action\",o,r)},removeFilter:function(o,r,e){gform.removeHook(\"filter\",o,r,e)},addHook:function(o,r,e,t,n){null==gform.hooks[o][r]&&(gform.hooks[o][r]=[]);var d=gform.hooks[o][r];null==n&&(n=r+\"_\"+d.length),gform.hooks[o][r].push({tag:n,callable:e,priority:t=null==t?10:t})},doHook:function(r,o,e){var t;if(e=Array.prototype.slice.call(e,1),null!=gform.hooks[r][o]&&((o=gform.hooks[r][o]).sort(function(o,r){return o.priority-r.priority}),o.forEach(function(o){\"function\"!=typeof(t=o.callable)&&(t=window[t]),\"action\"==r?t.apply(null,e):e[0]=t.apply(null,e)})),\"filter\"==r)return e[0]},removeHook:function(o,r,t,n){var e;null!=gform.hooks[o][r]&&(e=(e=gform.hooks[o][r]).filter(function(o,r,e){return!!(null!=n&&n!=o.tag||null!=t&&t!=o.priority)}),gform.hooks[o][r]=e)}});\n<\/script>\n\n                <div class='gf_browser_gecko gform_wrapper gform-theme gform-theme--foundation gform-theme--framework gform-theme--orbital' data-form-theme='orbital' data-form-index='0' id='gform_wrapper_1' ><style>#gform_wrapper_1[data-form-index=\"0\"].gform-theme,[data-parent-form=\"1_0\"]{--gf-color-primary: #242424;--gf-color-primary-rgb: 36, 36, 36;--gf-color-primary-contrast: #fff;--gf-color-primary-contrast-rgb: 255, 255, 255;--gf-color-primary-darker: #000000;--gf-color-primary-lighter: #565656;--gf-color-secondary: #fafafa;--gf-color-secondary-rgb: 250, 250, 250;--gf-color-secondary-contrast: #242424;--gf-color-secondary-contrast-rgb: 36, 36, 36;--gf-color-secondary-darker: #F0F0F0;--gf-color-secondary-lighter: #FFFFFF;--gf-color-out-ctrl-light: rgba(36, 36, 36, 0.1);--gf-color-out-ctrl-light-rgb: 36, 36, 36;--gf-color-out-ctrl-light-darker: rgba(104, 110, 119, 0.35);--gf-color-out-ctrl-light-lighter: #F0F0F0;--gf-color-out-ctrl-dark: #585e6a;--gf-color-out-ctrl-dark-rgb: 88, 94, 106;--gf-color-out-ctrl-dark-darker: #242424;--gf-color-out-ctrl-dark-lighter: rgba(36, 36, 36, 0.65);--gf-color-in-ctrl: #fafafa;--gf-color-in-ctrl-rgb: 250, 250, 250;--gf-color-in-ctrl-contrast: #242424;--gf-color-in-ctrl-contrast-rgb: 36, 36, 36;--gf-color-in-ctrl-darker: #F0F0F0;--gf-color-in-ctrl-lighter: #FFFFFF;--gf-color-in-ctrl-primary: #242424;--gf-color-in-ctrl-primary-rgb: 36, 36, 36;--gf-color-in-ctrl-primary-contrast: #fff;--gf-color-in-ctrl-primary-contrast-rgb: 255, 255, 255;--gf-color-in-ctrl-primary-darker: #000000;--gf-color-in-ctrl-primary-lighter: #565656;--gf-color-in-ctrl-light: rgba(36, 36, 36, 0.1);--gf-color-in-ctrl-light-rgb: 36, 36, 36;--gf-color-in-ctrl-light-darker: rgba(104, 110, 119, 0.35);--gf-color-in-ctrl-light-lighter: #F0F0F0;--gf-color-in-ctrl-dark: #585e6a;--gf-color-in-ctrl-dark-rgb: 88, 94, 106;--gf-color-in-ctrl-dark-darker: #242424;--gf-color-in-ctrl-dark-lighter: rgba(36, 36, 36, 0.65);--gf-radius: 4px;--gf-font-size-secondary: 14px;--gf-font-size-tertiary: 13px;--gf-icon-ctrl-number: url(\"data:image\/svg+xml,%3Csvg width='8' height='14' viewBox='0 0 8 14' fill='none' xmlns='http:\/\/www.w3.org\/2000\/svg'%3E%3Cpath fill-rule='evenodd' clip-rule='evenodd' d='M4 0C4.26522 5.96046e-08 4.51957 0.105357 4.70711 0.292893L7.70711 3.29289C8.09763 3.68342 8.09763 4.31658 7.70711 4.70711C7.31658 5.09763 6.68342 5.09763 6.29289 4.70711L4 2.41421L1.70711 4.70711C1.31658 5.09763 0.683417 5.09763 0.292893 4.70711C-0.0976311 4.31658 -0.097631 3.68342 0.292893 3.29289L3.29289 0.292893C3.48043 0.105357 3.73478 0 4 0ZM0.292893 9.29289C0.683417 8.90237 1.31658 8.90237 1.70711 9.29289L4 11.5858L6.29289 9.29289C6.68342 8.90237 7.31658 8.90237 7.70711 9.29289C8.09763 9.68342 8.09763 10.3166 7.70711 10.7071L4.70711 13.7071C4.31658 14.0976 3.68342 14.0976 3.29289 13.7071L0.292893 10.7071C-0.0976311 10.3166 -0.0976311 9.68342 0.292893 9.29289Z' fill='rgba(36, 36, 36, 0.65)'\/%3E%3C\/svg%3E\");--gf-icon-ctrl-select: url(\"data:image\/svg+xml,%3Csvg width='10' height='6' viewBox='0 0 10 6' fill='none' xmlns='http:\/\/www.w3.org\/2000\/svg'%3E%3Cpath fill-rule='evenodd' clip-rule='evenodd' d='M0.292893 0.292893C0.683417 -0.097631 1.31658 -0.097631 1.70711 0.292893L5 3.58579L8.29289 0.292893C8.68342 -0.0976311 9.31658 -0.0976311 9.70711 0.292893C10.0976 0.683417 10.0976 1.31658 9.70711 1.70711L5.70711 5.70711C5.31658 6.09763 4.68342 6.09763 4.29289 5.70711L0.292893 1.70711C-0.0976311 1.31658 -0.0976311 0.683418 0.292893 0.292893Z' fill='rgba(36, 36, 36, 0.65)'\/%3E%3C\/svg%3E\");--gf-icon-ctrl-search: url(\"data:image\/svg+xml,%3Csvg width='640' height='640' xmlns='http:\/\/www.w3.org\/2000\/svg'%3E%3Cpath d='M256 128c-70.692 0-128 57.308-128 128 0 70.691 57.308 128 128 128 70.691 0 128-57.309 128-128 0-70.692-57.309-128-128-128zM64 256c0-106.039 85.961-192 192-192s192 85.961 192 192c0 41.466-13.146 79.863-35.498 111.248l154.125 154.125c12.496 12.496 12.496 32.758 0 45.254s-32.758 12.496-45.254 0L367.248 412.502C335.862 434.854 297.467 448 256 448c-106.039 0-192-85.962-192-192z' fill='rgba(36, 36, 36, 0.65)'\/%3E%3C\/svg%3E\");--gf-label-space-y-secondary: var(--gf-label-space-y-md-secondary);--gf-ctrl-border-color: #686e77;--gf-ctrl-size: var(--gf-ctrl-size-md);--gf-ctrl-label-color-primary: #242424;--gf-ctrl-label-color-secondary: #242424;--gf-ctrl-choice-size: var(--gf-ctrl-choice-size-md);--gf-ctrl-checkbox-check-size: var(--gf-ctrl-checkbox-check-size-md);--gf-ctrl-radio-check-size: var(--gf-ctrl-radio-check-size-md);--gf-ctrl-btn-font-size: var(--gf-ctrl-btn-font-size-md);--gf-ctrl-btn-padding-x: var(--gf-ctrl-btn-padding-x-md);--gf-ctrl-btn-size: var(--gf-ctrl-btn-size-md);--gf-ctrl-btn-border-color-secondary: #686e77;--gf-ctrl-file-btn-bg-color-hover: #E6E6E6;--gf-field-img-choice-size: var(--gf-field-img-choice-size-md);--gf-field-img-choice-card-space: var(--gf-field-img-choice-card-space-md);--gf-field-img-choice-check-ind-size: var(--gf-field-img-choice-check-ind-size-md);--gf-field-img-choice-check-ind-icon-size: var(--gf-field-img-choice-check-ind-icon-size-md);--gf-field-pg-steps-number-color: rgba(36, 36, 36, 0.8);}<\/style><div id='gf_1' class='gform_anchor' tabindex='-1'><\/div><form method='post' enctype='multipart\/form-data' target='gform_ajax_frame_1' id='gform_1'  action='\/fr\/wp-json\/wp\/v2\/pages\/8653#gf_1' data-formid='1' novalidate>\n                        <div class='gform-body gform_body'><div id='gform_fields_1' class='gform_fields top_label form_sublabel_below description_below validation_below'><div id=\"field_1_1\" class=\"gfield gfield--type-text gfield--input-type-text field_sublabel_below gfield--no-description field_description_below hidden_label field_validation_below gfield_visibility_visible\"  ><label class='gfield_label gform-field-label' for='input_1_1'>Name<\/label><div class='ginput_container ginput_container_text'><input name='input_1' id='input_1_1' type='text' value='' class='large'    placeholder='Name'  aria-invalid=\"false\"   \/><\/div><\/div><div id=\"field_1_3\" class=\"gfield gfield--type-email gfield--input-type-email gfield--width-full gfield_contains_required field_sublabel_below gfield--no-description field_description_below hidden_label field_validation_below gfield_visibility_visible\"  ><label class='gfield_label gform-field-label screen-reader-text' for='input_1_3'>Email<span class=\"gfield_required\"><span class=\"gfield_required gfield_required_text\">(N\u00e9cessaire)<\/span><\/span><\/label><div class='ginput_container ginput_container_email'>\n                            <input name='input_3' id='input_1_3' type='email' value='' class='large'   placeholder='Email' aria-required=\"true\" aria-invalid=\"false\"  \/>\n                        <\/div><\/div><div id=\"field_1_4\" class=\"gfield gfield--type-text gfield--input-type-text gfield--width-full field_sublabel_below gfield--no-description field_description_below hidden_label field_validation_below gfield_visibility_visible\"  ><label class='gfield_label gform-field-label screen-reader-text' for='input_1_4'>Subject<\/label><div class='ginput_container ginput_container_text'><input name='input_4' id='input_1_4' type='text' value='' class='large'    placeholder='Subject'  aria-invalid=\"false\"   \/><\/div><\/div><div id=\"field_1_5\" class=\"gfield gfield--type-phone gfield--input-type-phone gfield--width-full field_sublabel_below gfield--no-description field_description_below hidden_label field_validation_below gfield_visibility_visible\"  ><label class='gfield_label gform-field-label screen-reader-text' for='input_1_5'>Phone<\/label><div class='ginput_container ginput_container_phone'><input name='input_5' id='input_1_5' type='tel' value='' class='large'  placeholder='Phone'  aria-invalid=\"false\"   \/><\/div><\/div><div id=\"field_1_6\" class=\"gfield gfield--type-textarea gfield--input-type-textarea gfield--width-full gfield_contains_required field_sublabel_below gfield--no-description field_description_below hidden_label field_validation_below gfield_visibility_visible\"  ><label class='gfield_label gform-field-label screen-reader-text' for='input_1_6'>Message<span class=\"gfield_required\"><span class=\"gfield_required gfield_required_text\">(N\u00e9cessaire)<\/span><\/span><\/label><div class='ginput_container ginput_container_textarea'><textarea name='input_6' id='input_1_6' class='textarea large'    placeholder='Message' aria-required=\"true\" aria-invalid=\"false\"   rows='10' cols='50'><\/textarea><\/div><\/div><div id=\"field_1_7\" class=\"gfield gfield--type-honeypot gform_validation_container field_sublabel_below gfield--has-description field_description_below field_validation_below gfield_visibility_visible\"  ><label class='gfield_label gform-field-label' for='input_1_7'>Name<\/label><div class='ginput_container'><input name='input_7' id='input_1_7' type='text' value='' autocomplete='new-password'\/><\/div><div class='gfield_description' id='gfield_description_1_7'>Ce champ n\u2019est utilis\u00e9 qu\u2019\u00e0 des fins de validation et devrait rester inchang\u00e9.<\/div><\/div><\/div><\/div>\n        <div class='gform-footer gform_footer top_label'> <input type='submit' id='gform_submit_button_1' class='gform_button button' onclick='gform.submission.handleButtonClick(this);' data-submission-type='submit' value='Envoyer'  \/> <input type='hidden' name='gform_ajax' value='form_id=1&amp;title=&amp;description=&amp;tabindex=0&amp;theme=orbital&amp;styles={&quot;inputBorderRadius&quot;:&quot;4&quot;,&quot;inputBackgroundColor&quot;:&quot;#fafafa&quot;,&quot;inputColor&quot;:&quot;#242424&quot;,&quot;inputPrimaryColor&quot;:&quot;#242424&quot;,&quot;labelColor&quot;:&quot;#242424&quot;,&quot;buttonPrimaryBackgroundColor&quot;:&quot;#242424&quot;}&amp;hash=af996202e1f9eeabfaffdb69a89dd4d4' \/>\n            <input type='hidden' class='gform_hidden' name='gform_submission_method' data-js='gform_submission_method_1' value='iframe' \/>\n            <input type='hidden' class='gform_hidden' name='gform_theme' data-js='gform_theme_1' id='gform_theme_1' value='orbital' \/>\n            <input type='hidden' class='gform_hidden' name='gform_style_settings' data-js='gform_style_settings_1' id='gform_style_settings_1' value='{&quot;inputBorderRadius&quot;:&quot;4&quot;,&quot;inputBackgroundColor&quot;:&quot;#fafafa&quot;,&quot;inputColor&quot;:&quot;#242424&quot;,&quot;inputPrimaryColor&quot;:&quot;#242424&quot;,&quot;labelColor&quot;:&quot;#242424&quot;,&quot;buttonPrimaryBackgroundColor&quot;:&quot;#242424&quot;}' \/>\n            <input type='hidden' class='gform_hidden' name='is_submit_1' value='1' \/>\n            <input type='hidden' class='gform_hidden' name='gform_submit' value='1' \/>\n            \n            <input type='hidden' class='gform_hidden' name='gform_unique_id' value='' \/>\n            <input type='hidden' class='gform_hidden' name='state_1' value='WyJbXSIsIjcyYTg4MGU1MTNjOWE0NThmMWZmZjhmOGM2ZTRmMWYyIl0=' \/>\n            <input type='hidden' autocomplete='off' class='gform_hidden' name='gform_target_page_number_1' id='gform_target_page_number_1' value='0' \/>\n            <input type='hidden' autocomplete='off' class='gform_hidden' name='gform_source_page_number_1' id='gform_source_page_number_1' value='1' \/>\n            <input type='hidden' name='gform_field_values' value='' \/>\n            \n        <\/div>\n                        <\/form>\n                        <\/div>\n\t\t                <iframe style='display:none;width:0px;height:0px;' src='about:blank' name='gform_ajax_frame_1' id='gform_ajax_frame_1' title='Cette iframe contient la logique n\u00e9cessaire pour manipuler Gravity Forms avec Ajax.'><\/iframe>\n\t\t                <script>\ngform.initializeOnLoaded( function() {gformInitSpinner( 1, 'https:\/\/ticinoadventures.com\/wp-content\/plugins\/gravityforms\/images\/spinner.svg', false );jQuery('#gform_ajax_frame_1').on('load',function(){var contents = jQuery(this).contents().find('*').html();var is_postback = contents.indexOf('GF_AJAX_POSTBACK') >= 0;if(!is_postback){return;}var form_content = jQuery(this).contents().find('#gform_wrapper_1');var is_confirmation = jQuery(this).contents().find('#gform_confirmation_wrapper_1').length > 0;var is_redirect = contents.indexOf('gformRedirect(){') >= 0;var is_form = form_content.length > 0 && ! is_redirect && ! is_confirmation;var mt = parseInt(jQuery('html').css('margin-top'), 10) + parseInt(jQuery('body').css('margin-top'), 10) + 100;if(is_form){jQuery('#gform_wrapper_1').html(form_content.html());if(form_content.hasClass('gform_validation_error')){jQuery('#gform_wrapper_1').addClass('gform_validation_error');} else {jQuery('#gform_wrapper_1').removeClass('gform_validation_error');}setTimeout( function() { \/* delay the scroll by 50 milliseconds to fix a bug in chrome *\/ jQuery(document).scrollTop(jQuery('#gform_wrapper_1').offset().top - mt); }, 50 );if(window['gformInitDatepicker']) {gformInitDatepicker();}if(window['gformInitPriceFields']) {gformInitPriceFields();}var current_page = jQuery('#gform_source_page_number_1').val();gformInitSpinner( 1, 'https:\/\/ticinoadventures.com\/wp-content\/plugins\/gravityforms\/images\/spinner.svg', false );jQuery(document).trigger('gform_page_loaded', [1, current_page]);window['gf_submitting_1'] = false;}else if(!is_redirect){var confirmation_content = jQuery(this).contents().find('.GF_AJAX_POSTBACK').html();if(!confirmation_content){confirmation_content = contents;}jQuery('#gform_wrapper_1').replaceWith(confirmation_content);jQuery(document).scrollTop(jQuery('#gf_1').offset().top - mt);jQuery(document).trigger('gform_confirmation_loaded', [1]);window['gf_submitting_1'] = false;wp.a11y.speak(jQuery('#gform_confirmation_message_1').text());}else{jQuery('#gform_1').append(contents);if(window['gformRedirect']) {gformRedirect();}}jQuery(document).trigger(\"gform_pre_post_render\", [{ formId: \"1\", currentPage: \"current_page\", abort: function() { this.preventDefault(); } }]);        if (event && event.defaultPrevented) {                return;        }        const gformWrapperDiv = document.getElementById( \"gform_wrapper_1\" );        if ( gformWrapperDiv ) {            const visibilitySpan = document.createElement( \"span\" );            visibilitySpan.id = \"gform_visibility_test_1\";            gformWrapperDiv.insertAdjacentElement( \"afterend\", visibilitySpan );        }        const visibilityTestDiv = document.getElementById( \"gform_visibility_test_1\" );        let postRenderFired = false;        function triggerPostRender() {            if ( postRenderFired ) {                return;            }            postRenderFired = true;            gform.core.triggerPostRenderEvents( 1, current_page );            if ( visibilityTestDiv ) {                visibilityTestDiv.parentNode.removeChild( visibilityTestDiv );            }        }        function debounce( func, wait, immediate ) {            var timeout;            return function() {                var context = this, args = arguments;                var later = function() {                    timeout = null;                    if ( !immediate ) func.apply( context, args );                };                var callNow = immediate && !timeout;                clearTimeout( timeout );                timeout = setTimeout( later, wait );                if ( callNow ) func.apply( context, args );            };        }        const debouncedTriggerPostRender = debounce( function() {            triggerPostRender();        }, 200 );        if ( visibilityTestDiv && visibilityTestDiv.offsetParent === null ) {            const observer = new MutationObserver( ( mutations ) => {                mutations.forEach( ( mutation ) => {                    if ( mutation.type === 'attributes' && visibilityTestDiv.offsetParent !== null ) {                        debouncedTriggerPostRender();                        observer.disconnect();                    }                });            });            observer.observe( document.body, {                attributes: true,                childList: false,                subtree: true,                attributeFilter: [ 'style', 'class' ],            });        } else {            triggerPostRender();        }    } );} );\n<\/script>\n<\/div>\n<\/div>\n\n\n\n<div style=\"height:50px\" aria-hidden=\"true\" class=\"wp-block-spacer\"><\/div>\n\n\n    <script src=\"https:\/\/api.mapbox.com\/mapbox-gl-js\/plugins\/mapbox-gl-directions\/v4.3.1\/mapbox-gl-directions.js\"><\/script>\n    <link rel=\"stylesheet\" href=\"https:\/\/api.mapbox.com\/mapbox-gl-js\/plugins\/mapbox-gl-directions\/v4.3.1\/mapbox-gl-directions.css\" type=\"text\/css\">\n\n    <div id=\"ta-block_248d7fc3d27c003399a4d6f02abc8e7d\" class=\"taMap container mx-auto\">\n                    <div id=\"howtofindus\" class=\"relative w-full h-96 mb-10\">\n                <div id=\"taMapContainer\" class=\"absolute top-0 bottom-0 w-full rounded-xl\"><\/div>\n            <\/div>\n            <\/div>\n\n\n\n<div style=\"height:25px\" aria-hidden=\"true\" class=\"wp-block-spacer\"><\/div>\n\n\n\n    <h3 class=\"container mx-auto\" style=\"text-align:left;\">Ce petit coup de pouce suppl\u00e9mentaire<\/h3>\n\n\n\n<div style=\"height:25px\" aria-hidden=\"true\" class=\"wp-block-spacer\"><\/div>\n\n\n\n    <div id=\"ta-block_88c22e85d3151f5e5bdeefd94695a0ee\" class=\"taParagraph text-base container mx-auto\">\n        <p>Notre base est situ\u00e9e \u00e0 Cresciano, sur la \u00ab\u00a0Via Al Bosch\u00e9tt\u00a0\u00bb, directement derri\u00e8re le restaurant appel\u00e9 Ristorante degli Amici. Cresciano est accessible depuis Bellinzona ou Biasca en seulement quelques minutes en voiture ou en bus du service postal, et c&rsquo;est le point de d\u00e9part central de toutes nos activit\u00e9s. L&rsquo;arr\u00eat de bus se trouve \u00e0 quelques m\u00e8tres du restaurant.<\/p>\n    <\/div>\n\n\n\n    <div id=\"ta-block_e0ae88f32c3f841873cab19620e9c08f\" class=\"taDropdown container mx-auto\">\n\n                                    <div class=\"border-b border-foreground px-1 py-3\">\n                    <h4 class=\"faq-question cursor-pointer text-base font-semibold\">Arriver en voiture depuis le Nord<\/h4>\n                    <div class=\"faq-answer hidden p-2\"><ul>\n<li>Via l&rsquo;autoroute A2 B\u00e2le &#8211; Gothard &#8211; Chiasso.<\/li>\n<li>Sortir de Biasca. Tourner \u00e0 droite, puis premi\u00e8re \u00e0 gauche sur la Via Iragna (cela vous fera traverser le c\u00f4t\u00e9 Est de la vall\u00e9e)<\/li>\n<p>.<\/p>\n<li>Tourner \u00e0 droite (sud) sur la route principale en direction de Bellinzona. Parcourir 8,5 km.<\/li>\n<li>\u00c0 Cresciano, tournez \u00e0 droite juste avant le Ristorante degli Amici.<\/li>\n<\/ul>\n<p>Notre base se trouve sur la gauche, juste derri\u00e8re le restaurant. Le parking est sur la droite, dans le terrain vide juste en face de la base.<\/p>\n<\/div>\n                <\/div>\n                            <div class=\"border-b border-foreground px-1 py-3\">\n                    <h4 class=\"faq-question cursor-pointer text-base font-semibold\">Arriver en voiture depuis le sud<\/h4>\n                    <div class=\"faq-answer hidden p-2\"><ul>\n<li>Par l&rsquo;autoroute A3\/A13 Z\u00fcrich &#8211; Coire &#8211; San Bernardino &#8211; Bellinzone ou A2 Chiasso &#8211; Bellinzone.<\/li>\n<li>Sortir de Bellinzone par le nord.<\/li>\n<li>Prendre la route principale au nord en direction de Biasca (sur le c\u00f4t\u00e9 est de la vall\u00e9e). Parcourir 7,5 km.<\/li>\n<li>\u00c0 Cresciano, tourner \u00e0 gauche juste apr\u00e8s le Ristorante degli Amici<\/li>\n<p>.\n<\/ul>\n<p>Notre base se trouve sur la gauche, juste derri\u00e8re le restaurant. Le parking est sur la droite, dans le terrain vide juste en face de la base.<\/p>\n<\/div>\n                <\/div>\n                            <div class=\"border-b border-foreground px-1 py-3\">\n                    <h4 class=\"faq-question cursor-pointer text-base font-semibold\">Arriv\u00e9e par les transports publics<\/h4>\n                    <div class=\"faq-answer hidden p-2\"><p>Le transport en bus est disponible \u00e0 partir de Bellinzona ou de Biasca. Le nom de l&rsquo;arr\u00eat de bus est \u00ab\u00a0Cresciano Paese\u00a0\u00bb.<\/p>\n<p>Depuis l&rsquo;arr\u00eat de bus, tu verras le Ristorante degli Amici. Notre base se trouve directement derri\u00e8re le restaurant.<\/p>\n<\/div>\n                <\/div>\n                        <\/div>\n\n\n\n<div style=\"height:100px\" aria-hidden=\"true\" class=\"wp-block-spacer\"><\/div>\n","protected":false},"excerpt":{"rendered":"<p>We run all sorts of guided tours around Ticino. If you want adventure, you&rsquo;ve come to the right place! Get in contact with us to find out more.<\/p>\n","protected":false},"author":1,"featured_media":2652,"parent":0,"menu_order":0,"comment_status":"closed","ping_status":"closed","template":"page-category-template.php","meta":{"_acf_changed":false,"footnotes":""},"class_list":["post-8653","page","type-page","status-publish","has-post-thumbnail","hentry"],"acf":[],"_links":{"self":[{"href":"https:\/\/ticinoadventures.com\/fr\/wp-json\/wp\/v2\/pages\/8653","targetHints":{"allow":["GET"]}}],"collection":[{"href":"https:\/\/ticinoadventures.com\/fr\/wp-json\/wp\/v2\/pages"}],"about":[{"href":"https:\/\/ticinoadventures.com\/fr\/wp-json\/wp\/v2\/types\/page"}],"author":[{"embeddable":true,"href":"https:\/\/ticinoadventures.com\/fr\/wp-json\/wp\/v2\/users\/1"}],"replies":[{"embeddable":true,"href":"https:\/\/ticinoadventures.com\/fr\/wp-json\/wp\/v2\/comments?post=8653"}],"version-history":[{"count":0,"href":"https:\/\/ticinoadventures.com\/fr\/wp-json\/wp\/v2\/pages\/8653\/revisions"}],"wp:featuredmedia":[{"embeddable":true,"href":"https:\/\/ticinoadventures.com\/fr\/wp-json\/wp\/v2\/media\/2652"}],"wp:attachment":[{"href":"https:\/\/ticinoadventures.com\/fr\/wp-json\/wp\/v2\/media?parent=8653"}],"curies":[{"name":"wp","href":"https:\/\/api.w.org\/{rel}","templated":true}]}}