{"id":8660,"date":"2017-02-25T12:07:38","date_gmt":"2017-02-25T11:07:38","guid":{"rendered":"http:\/\/ticino-adventures.local\/river\/"},"modified":"2024-04-12T19:05:17","modified_gmt":"2024-04-12T17:05:17","slug":"riviere","status":"publish","type":"page","link":"https:\/\/ticinoadventures.com\/fr\/riviere\/","title":{"rendered":"Rivi\u00e8re"},"content":{"rendered":"\n    <h3 class=\"container mx-auto\" style=\"text-align:left;\">Une exp\u00e9rience amusante et pittoresque pour tout le monde<\/h3>\n\n\n\n<div style=\"height:25px\" aria-hidden=\"true\" class=\"wp-block-spacer\"><\/div>\n\n\n\n    <div id=\"ta-block_d1f232c92c4aa6d87b065def46ab089c\" class=\"taParagraph text-base container mx-auto\">\n        <p>Notre Funrafting et notre Stand-Up Paddleboard sont des excursions faciles sur la rivi\u00e8re Ticino. L&rsquo;eau claire et turquoise du Tessin se fraye un chemin en tresse le long d&rsquo;un large lit de gravier, cr\u00e9ant ainsi des \u00eeles et de grandes plages, tandis que les \u00e9tonnants sommets des Alpes tessinoises se dressent fi\u00e8rement au-dessus d&rsquo;elle.<\/p>\n<p>Toi et tes amis dirigerez vos propres mini-rafts ou paddleboards gonflables, tandis que nos guides en kayak d&rsquo;escorte vous aideront \u00e0 ma\u00eetriser cette aventure sans probl\u00e8me. C&rsquo;est un moyen fantastique pour les groupes de tout niveau de d\u00e9couvrir la beaut\u00e9 naturelle du Tessin.<\/p>\n<p>*Les excursions du matin et de l&rsquo;apr\u00e8s-midi sont disponibles tous les jours pendant l&rsquo;\u00e9t\u00e9.<\/p>\n    <\/div>\n\n\n\n<div style=\"height:50px\" aria-hidden=\"true\" class=\"wp-block-spacer\"><\/div>\n\n\n\n        <div id=\"ta-block_7c03f96e746b8d583f08457c9c6522bb\" class=\"taActivityList container mx-auto grid grid-cols-1 sm:grid-cols-2 lg:grid-cols-3 2xl:grid-cols-4 gap-8 mb-16\">\n            \n<a href=\"https:\/\/ticinoadventures.com\/fr\/produit\/river-fun-rafting\/\" class=\"product-link no-underline text-foreground\">\n            <div class=\"relative\">\n            <div class=\"absolute top-0 left-0 right-0 w-ful\">\n                            <\/div>\n            <img loading=\"lazy\" decoding=\"async\" width=\"400\" height=\"400\" src=\"data:image\/gif;base64,R0lGODlhAQABAAAAACH5BAEKAAEALAAAAAABAAEAAAICTAEAOw==\" class=\"product-image lazyload\" alt=\"Fun Rafting in Ticino\" sizes=\"auto, (max-width: 400px) 100vw, 400px\" data-src=\"https:\/\/ticinoadventures.com\/wp-content\/uploads\/2017\/04\/rafting-adults-group-activity-ticino-adventures-outdoor-activities-hero-1-400x400.jpg\" data-srcset=\"https:\/\/ticinoadventures.com\/wp-content\/uploads\/2017\/04\/rafting-adults-group-activity-ticino-adventures-outdoor-activities-hero-1-400x400.jpg 400w, https:\/\/ticinoadventures.com\/wp-content\/uploads\/2017\/04\/rafting-adults-group-activity-ticino-adventures-outdoor-activities-hero-1-100x100.jpg 100w, https:\/\/ticinoadventures.com\/wp-content\/uploads\/2017\/04\/rafting-adults-group-activity-ticino-adventures-outdoor-activities-hero-1-150x150.jpg 150w\">                    <\/div>\n    \n    <div class=\"p-2 flex justify-between items-start font-semibold\">\n        <h3 class=\"text-sm leading-4\">River &#8211; Fun Rafting<\/h3>\n        <div class=\"leading-none\">De\u00a0: <span class=\"woocommerce-Price-amount amount\"><bdi><span class=\"woocommerce-Price-currencySymbol\">&#67;&#72;&#70;<\/span>640.00<\/bdi><\/span><\/div>\n    <\/div>\n<\/a>        <\/div>\n\n    ","protected":false},"excerpt":{"rendered":"<p>Cruising down the Ticino river never felt so good. Enjoy the clear turquoise water with a group of friends for an epic day out.<\/p>\n","protected":false},"author":1,"featured_media":2658,"parent":0,"menu_order":0,"comment_status":"closed","ping_status":"closed","template":"page-category-template.php","meta":{"_acf_changed":false,"footnotes":""},"class_list":["post-8660","page","type-page","status-publish","has-post-thumbnail","hentry"],"acf":[],"_links":{"self":[{"href":"https:\/\/ticinoadventures.com\/fr\/wp-json\/wp\/v2\/pages\/8660","targetHints":{"allow":["GET"]}}],"collection":[{"href":"https:\/\/ticinoadventures.com\/fr\/wp-json\/wp\/v2\/pages"}],"about":[{"href":"https:\/\/ticinoadventures.com\/fr\/wp-json\/wp\/v2\/types\/page"}],"author":[{"embeddable":true,"href":"https:\/\/ticinoadventures.com\/fr\/wp-json\/wp\/v2\/users\/1"}],"replies":[{"embeddable":true,"href":"https:\/\/ticinoadventures.com\/fr\/wp-json\/wp\/v2\/comments?post=8660"}],"version-history":[{"count":0,"href":"https:\/\/ticinoadventures.com\/fr\/wp-json\/wp\/v2\/pages\/8660\/revisions"}],"wp:featuredmedia":[{"embeddable":true,"href":"https:\/\/ticinoadventures.com\/fr\/wp-json\/wp\/v2\/media\/2658"}],"wp:attachment":[{"href":"https:\/\/ticinoadventures.com\/fr\/wp-json\/wp\/v2\/media?parent=8660"}],"curies":[{"name":"wp","href":"https:\/\/api.w.org\/{rel}","templated":true}]}}