{"id":8663,"date":"2017-02-25T12:07:38","date_gmt":"2017-02-25T11:07:38","guid":{"rendered":"http:\/\/ticino-adventures.local\/package-deals\/"},"modified":"2024-04-14T09:55:03","modified_gmt":"2024-04-14T07:55:03","slug":"offres-groupees","status":"publish","type":"page","link":"https:\/\/ticinoadventures.com\/fr\/offres-groupees\/","title":{"rendered":"Offres group\u00e9es"},"content":{"rendered":"\n    <h3 class=\"container mx-auto\" style=\"text-align:left;\">Combine les meilleures activit\u00e9s au Tessin !<\/h3>\n\n\n\n<div style=\"height:25px\" aria-hidden=\"true\" class=\"wp-block-spacer\"><\/div>\n\n\n\n    <div id=\"ta-block_b5a1bcdee9f855a3bc78f169db9e72aa\" class=\"taParagraph text-base container mx-auto\">\n        <p><strong>D\u00e9bute ton aventure &#038;amp ; nous nous occupons du reste<\/strong>.<\/p>\n<p>Nous proposons un certain nombre de forfaits, combinant les meilleures aventures que le Tessin a \u00e0 offrir. Que tu aies besoin d&rsquo;acqu\u00e9rir des comp\u00e9tences pour faire l&rsquo;h\u00e9liski ou que tu veuilles simplement rouler et glisser&#8230; nous avons quelque chose pour toi !<\/p>\n    <\/div>\n\n\n\n<div style=\"height:50px\" aria-hidden=\"true\" class=\"wp-block-spacer\"><\/div>\n\n\n\n        <div id=\"ta-block_fef5c34f4b2da0c0e724c8568bc9c9ba\" class=\"taActivityList container mx-auto grid grid-cols-1 sm:grid-cols-2 lg:grid-cols-3 2xl:grid-cols-4 gap-8 mb-16\">\n            \n<a href=\"https:\/\/ticinoadventures.com\/fr\/produit\/epic-day\/\" class=\"product-link no-underline text-foreground\">\n            <div class=\"relative\">\n            <div class=\"absolute top-0 left-0 right-0 w-ful\">\n                            <\/div>\n            <img loading=\"lazy\" decoding=\"async\" width=\"400\" height=\"400\" src=\"data:image\/gif;base64,R0lGODlhAQABAAAAACH5BAEKAAEALAAAAAABAAEAAAICTAEAOw==\" class=\"product-image lazyload\" alt=\"rappelling in boggera and iragna canyons\" sizes=\"auto, (max-width: 400px) 100vw, 400px\" data-src=\"https:\/\/ticinoadventures.com\/wp-content\/uploads\/2017\/05\/ticino-adventures-0-to-hero-package-deal-400x400.jpg\" data-srcset=\"https:\/\/ticinoadventures.com\/wp-content\/uploads\/2017\/05\/ticino-adventures-0-to-hero-package-deal-400x400.jpg 400w, https:\/\/ticinoadventures.com\/wp-content\/uploads\/2017\/05\/ticino-adventures-0-to-hero-package-deal-100x100.jpg 100w, https:\/\/ticinoadventures.com\/wp-content\/uploads\/2017\/05\/ticino-adventures-0-to-hero-package-deal-150x150.jpg 150w\">                    <\/div>\n    \n    <div class=\"p-2 flex justify-between items-start font-semibold\">\n        <h3 class=\"text-sm leading-4\">Epic Day<\/h3>\n        <div class=\"leading-none\">De\u00a0: <span class=\"woocommerce-Price-amount amount\"><bdi><span class=\"woocommerce-Price-currencySymbol\">&#67;&#72;&#70;<\/span>260.00<\/bdi><\/span><\/div>\n    <\/div>\n<\/a>\n<a href=\"https:\/\/ticinoadventures.com\/fr\/produit\/superstar\/\" class=\"product-link no-underline text-foreground\">\n            <div class=\"relative\">\n            <div class=\"absolute top-0 left-0 right-0 w-ful\">\n                            <\/div>\n            <img loading=\"lazy\" decoding=\"async\" width=\"400\" height=\"400\" src=\"data:image\/gif;base64,R0lGODlhAQABAAAAACH5BAEKAAEALAAAAAABAAEAAAICTAEAOw==\" class=\"product-image lazyload\" alt=\"customer sliding during helicopter canyoning tour\" sizes=\"auto, (max-width: 400px) 100vw, 400px\" data-src=\"https:\/\/ticinoadventures.com\/wp-content\/uploads\/2017\/05\/ticino-adventures-superstar-package-deal-400x400.jpg\" data-srcset=\"https:\/\/ticinoadventures.com\/wp-content\/uploads\/2017\/05\/ticino-adventures-superstar-package-deal-400x400.jpg 400w, https:\/\/ticinoadventures.com\/wp-content\/uploads\/2017\/05\/ticino-adventures-superstar-package-deal-100x100.jpg 100w, https:\/\/ticinoadventures.com\/wp-content\/uploads\/2017\/05\/ticino-adventures-superstar-package-deal-150x150.jpg 150w\">                    <\/div>\n    \n    <div class=\"p-2 flex justify-between items-start font-semibold\">\n        <h3 class=\"text-sm leading-4\">Superstar<\/h3>\n        <div class=\"leading-none\">De\u00a0: <span class=\"woocommerce-Price-amount amount\"><bdi><span class=\"woocommerce-Price-currencySymbol\">&#67;&#72;&#70;<\/span>500.00<\/bdi><\/span><\/div>\n    <\/div>\n<\/a>\n<a href=\"https:\/\/ticinoadventures.com\/fr\/produit\/from-0-to-hero\/\" class=\"product-link no-underline text-foreground\">\n            <div class=\"relative\">\n            <div class=\"absolute top-0 left-0 right-0 w-ful\">\n                            <\/div>\n            <img loading=\"lazy\" decoding=\"async\" width=\"400\" height=\"400\" src=\"data:image\/gif;base64,R0lGODlhAQABAAAAACH5BAEKAAEALAAAAAABAAEAAAICTAEAOw==\" class=\"product-image lazyload\" alt=\"rappelling in boggera and iragna canyons\" sizes=\"auto, (max-width: 400px) 100vw, 400px\" data-src=\"https:\/\/ticinoadventures.com\/wp-content\/uploads\/2017\/05\/ticino-adventures-0-to-hero-package-deal-400x400.jpg\" data-srcset=\"https:\/\/ticinoadventures.com\/wp-content\/uploads\/2017\/05\/ticino-adventures-0-to-hero-package-deal-400x400.jpg 400w, https:\/\/ticinoadventures.com\/wp-content\/uploads\/2017\/05\/ticino-adventures-0-to-hero-package-deal-100x100.jpg 100w, https:\/\/ticinoadventures.com\/wp-content\/uploads\/2017\/05\/ticino-adventures-0-to-hero-package-deal-150x150.jpg 150w\">                    <\/div>\n    \n    <div class=\"p-2 flex justify-between items-start font-semibold\">\n        <h3 class=\"text-sm leading-4\">From 0 to Hero<\/h3>\n        <div class=\"leading-none\">De\u00a0: <span class=\"woocommerce-Price-amount amount\"><bdi><span class=\"woocommerce-Price-currencySymbol\">&#67;&#72;&#70;<\/span>333.00<\/bdi><\/span><\/div>\n    <\/div>\n<\/a>        <\/div>\n\n    ","protected":false},"excerpt":{"rendered":"<p>The ultimate adventure package deals. Combine the best adventures in Ticino for an unforgettable experience! Try Canyoning one day Biking the next!<\/p>\n","protected":false},"author":1,"featured_media":91943,"parent":0,"menu_order":0,"comment_status":"closed","ping_status":"closed","template":"page-category-template.php","meta":{"_acf_changed":false,"footnotes":""},"class_list":["post-8663","page","type-page","status-publish","has-post-thumbnail","hentry"],"acf":[],"_links":{"self":[{"href":"https:\/\/ticinoadventures.com\/fr\/wp-json\/wp\/v2\/pages\/8663","targetHints":{"allow":["GET"]}}],"collection":[{"href":"https:\/\/ticinoadventures.com\/fr\/wp-json\/wp\/v2\/pages"}],"about":[{"href":"https:\/\/ticinoadventures.com\/fr\/wp-json\/wp\/v2\/types\/page"}],"author":[{"embeddable":true,"href":"https:\/\/ticinoadventures.com\/fr\/wp-json\/wp\/v2\/users\/1"}],"replies":[{"embeddable":true,"href":"https:\/\/ticinoadventures.com\/fr\/wp-json\/wp\/v2\/comments?post=8663"}],"version-history":[{"count":0,"href":"https:\/\/ticinoadventures.com\/fr\/wp-json\/wp\/v2\/pages\/8663\/revisions"}],"wp:featuredmedia":[{"embeddable":true,"href":"https:\/\/ticinoadventures.com\/fr\/wp-json\/wp\/v2\/media\/91943"}],"wp:attachment":[{"href":"https:\/\/ticinoadventures.com\/fr\/wp-json\/wp\/v2\/media?parent=8663"}],"curies":[{"name":"wp","href":"https:\/\/api.w.org\/{rel}","templated":true}]}}