{"id":20254,"date":"2019-09-20T16:00:53","date_gmt":"2019-09-20T14:00:53","guid":{"rendered":"http:\/\/ticinoadventures.com\/?post_type=product&#038;p=20254"},"modified":"2024-04-13T22:39:32","modified_gmt":"2024-04-13T20:39:32","slug":"canyoning-pour-familles","status":"publish","type":"product","link":"https:\/\/ticinoadventures.com\/fr\/produit\/canyoning-pour-familles\/","title":{"rendered":"Canyoning pour familles"},"content":{"rendered":"<p>Nous avons con\u00e7u cette aventure sp\u00e9cialement pour les familles, adapt\u00e9e aux enfants \u00e0 partir de 20 kg. Nous nous engageons dans l\u2019un des canyons les plus beaux et les plus ludiques du Tessin dans le but de nous amuser et d\u2019exp\u00e9rimenter la joie du canyoning. L\u2019eau bleue cristalline et la roche de Gneiss polie mettent en valeur la beaut\u00e9 naturelle du Tessin, et les nombreux toboggans et sauts de petite et moyenne taille (max. 6m, tous les sauts sont optionnels) garantissent que le niveau d\u2019amusement reste \u00e9lev\u00e9.<\/p>\n","protected":false},"excerpt":{"rendered":"<p>Nous avons con\u00e7u cette aventure sp\u00e9cialement pour les familles, adapt\u00e9e aux enfants \u00e0 partir de 20 kg. Nous nous engageons dans l\u2019un des canyons les plus beaux et les plus ludiques du Tessin dans le but de nous amuser et d\u2019exp\u00e9rimenter la joie du canyoning. L\u2019eau bleue cristalline et la roche de Gneiss polie mettent<a href=\"https:\/\/ticinoadventures.com\/fr\/produit\/canyoning-pour-familles\/\">Lire la suite de <span class=\"sr-only\">\u00ab\u00a0Canyoning pour familles\u00a0\u00bb<\/span><\/a><\/p>\n","protected":false},"featured_media":95677,"template":"","meta":{"_acf_changed":false},"product_brand":[],"product_cat":[271,25],"product_tag":[],"class_list":{"0":"post-20254","1":"product","2":"type-product","3":"status-publish","4":"has-post-thumbnail","6":"product_cat-activity","7":"product_cat-canyoning","9":"first","10":"instock","11":"virtual","12":"sold-individually","13":"purchasable","14":"product-type-booking"},"booking_location":"","booking_location_type":"","booking_duration":270,"booking_duration_unit":"minute","booking_buffer":60,"booking_cost":0,"booking_resources":[],"acf":[],"_links":{"self":[{"href":"https:\/\/ticinoadventures.com\/fr\/wp-json\/wp\/v2\/product\/20254","targetHints":{"allow":["GET"]}}],"collection":[{"href":"https:\/\/ticinoadventures.com\/fr\/wp-json\/wp\/v2\/product"}],"about":[{"href":"https:\/\/ticinoadventures.com\/fr\/wp-json\/wp\/v2\/types\/product"}],"wp:featuredmedia":[{"embeddable":true,"href":"https:\/\/ticinoadventures.com\/fr\/wp-json\/wp\/v2\/media\/95677"}],"wp:attachment":[{"href":"https:\/\/ticinoadventures.com\/fr\/wp-json\/wp\/v2\/media?parent=20254"}],"wp:term":[{"taxonomy":"product_brand","embeddable":true,"href":"https:\/\/ticinoadventures.com\/fr\/wp-json\/wp\/v2\/product_brand?post=20254"},{"taxonomy":"product_cat","embeddable":true,"href":"https:\/\/ticinoadventures.com\/fr\/wp-json\/wp\/v2\/product_cat?post=20254"},{"taxonomy":"product_tag","embeddable":true,"href":"https:\/\/ticinoadventures.com\/fr\/wp-json\/wp\/v2\/product_tag?post=20254"}],"curies":[{"name":"wp","href":"https:\/\/api.w.org\/{rel}","templated":true}]}}