{"id":20611,"date":"2020-01-06T01:10:57","date_gmt":"2020-01-06T00:10:57","guid":{"rendered":"http:\/\/ticinoadventures.com\/product\/adventure-cash-2\/"},"modified":"2024-04-14T17:43:38","modified_gmt":"2024-04-14T15:43:38","slug":"adventure-cash","status":"publish","type":"product","link":"https:\/\/ticinoadventures.com\/fr\/produit\/adventure-cash\/","title":{"rendered":"Adventure Cash"},"content":{"rendered":"","protected":false},"excerpt":{"rendered":"<p>Offre le cadeau de l&rsquo;aventure !<\/p>\n<p>Ce bon peut \u00eatre imprim\u00e9 et utilis\u00e9 pour tout ce que nous proposons \u00e0 Ticino Adventures.<\/p>\n<div class=\"text-muted-foreground text-xs\">*Nos bons cadeaux sont valables 5 ans et seront accept\u00e9s comme paiement pour n&rsquo;importe laquelle de nos activit\u00e9s. Ils ne sont pas \u00e9changeables contre de l&rsquo;argent liquide.<\/div>\n","protected":false},"featured_media":2941,"template":"","meta":{"_acf_changed":false},"product_brand":[],"product_cat":[134],"product_tag":[],"class_list":{"0":"post-20611","1":"product","2":"type-product","3":"status-publish","4":"has-post-thumbnail","6":"product_cat-bon-d-achat","8":"first","9":"instock","10":"sold-individually","11":"shipping-taxable","12":"purchasable","13":"product-type-simple"},"booking_location":null,"booking_location_type":null,"booking_duration":null,"booking_duration_unit":null,"booking_buffer":null,"booking_cost":null,"booking_resources":null,"acf":[],"_links":{"self":[{"href":"https:\/\/ticinoadventures.com\/fr\/wp-json\/wp\/v2\/product\/20611","targetHints":{"allow":["GET"]}}],"collection":[{"href":"https:\/\/ticinoadventures.com\/fr\/wp-json\/wp\/v2\/product"}],"about":[{"href":"https:\/\/ticinoadventures.com\/fr\/wp-json\/wp\/v2\/types\/product"}],"wp:featuredmedia":[{"embeddable":true,"href":"https:\/\/ticinoadventures.com\/fr\/wp-json\/wp\/v2\/media\/2941"}],"wp:attachment":[{"href":"https:\/\/ticinoadventures.com\/fr\/wp-json\/wp\/v2\/media?parent=20611"}],"wp:term":[{"taxonomy":"product_brand","embeddable":true,"href":"https:\/\/ticinoadventures.com\/fr\/wp-json\/wp\/v2\/product_brand?post=20611"},{"taxonomy":"product_cat","embeddable":true,"href":"https:\/\/ticinoadventures.com\/fr\/wp-json\/wp\/v2\/product_cat?post=20611"},{"taxonomy":"product_tag","embeddable":true,"href":"https:\/\/ticinoadventures.com\/fr\/wp-json\/wp\/v2\/product_tag?post=20611"}],"curies":[{"name":"wp","href":"https:\/\/api.w.org\/{rel}","templated":true}]}}