{"id":72748,"date":"2022-08-28T17:27:49","date_gmt":"2022-08-28T15:27:49","guid":{"rendered":"http:\/\/ticinoadventures.com\/?post_type=product&#038;p=72748"},"modified":"2024-04-13T18:57:17","modified_gmt":"2024-04-13T16:57:17","slug":"canyoning-boggera-copy","status":"publish","type":"product","link":"https:\/\/ticinoadventures.com\/fr\/produit\/canyoning-boggera-copy\/","title":{"rendered":"Via Ferrata"},"content":{"rendered":"<p>\u00ab\u00a0Via Ferrata\u00a0\u00bb est un excellent moyen d&rsquo;exp\u00e9rimenter les sensations de l&rsquo;escalade sans avoir besoin de comp\u00e9tences sp\u00e9cialis\u00e9es. Nous escaladons une paroi rocheuse spectaculaire \u00e0 l&rsquo;aide de poign\u00e9es m\u00e9talliques plac\u00e9es dans la roche (d&rsquo;o\u00f9 le nom qui signifie \u00ab\u00a0voie de fer\u00a0\u00bb en italien) et nous nous prot\u00e9geons des chutes en attachant nos harnais d&rsquo;escalade \u00e0 un c\u00e2ble d&rsquo;acier. La via ferrata \u00ab\u00a0Tre Signori\u00a0\u00bb pr\u00e8s de Bellinzona est une excellente introduction \u00e0 la via ferrata pour les sportifs qui n&rsquo;ont pas le vertige. On y acc\u00e8de par un court trajet en gondole (billet de gondole inclus !), puis par une randonn\u00e9e d&rsquo;environ 20 minutes.<\/p>\n","protected":false},"excerpt":{"rendered":"<p>\u00ab\u00a0Via Ferrata\u00a0\u00bb est un excellent moyen d&rsquo;exp\u00e9rimenter les sensations de l&rsquo;escalade sans avoir besoin de comp\u00e9tences sp\u00e9cialis\u00e9es. Nous escaladons une paroi rocheuse spectaculaire \u00e0 l&rsquo;aide de poign\u00e9es m\u00e9talliques plac\u00e9es dans la roche (d&rsquo;o\u00f9 le nom qui signifie \u00ab\u00a0voie de fer\u00a0\u00bb en italien) et nous nous prot\u00e9geons des chutes en attachant nos harnais d&rsquo;escalade \u00e0 un<a href=\"https:\/\/ticinoadventures.com\/fr\/produit\/canyoning-boggera-copy\/\">Lire la suite de <span class=\"sr-only\">\u00ab\u00a0Via Ferrata\u00a0\u00bb<\/span><\/a><\/p>\n","protected":false},"featured_media":72758,"template":"","meta":{"_acf_changed":false},"product_brand":[],"product_cat":[272,270],"product_tag":[],"class_list":{"0":"post-72748","1":"product","2":"type-product","3":"status-publish","4":"has-post-thumbnail","6":"product_cat-activite","7":"product_cat-via-ferrata-fr","9":"first","10":"instock","11":"virtual","12":"sold-individually","13":"purchasable","14":"product-type-booking"},"booking_location":"","booking_location_type":"","booking_duration":30,"booking_duration_unit":"minute","booking_buffer":0,"booking_cost":0,"booking_resources":[],"acf":[],"_links":{"self":[{"href":"https:\/\/ticinoadventures.com\/fr\/wp-json\/wp\/v2\/product\/72748","targetHints":{"allow":["GET"]}}],"collection":[{"href":"https:\/\/ticinoadventures.com\/fr\/wp-json\/wp\/v2\/product"}],"about":[{"href":"https:\/\/ticinoadventures.com\/fr\/wp-json\/wp\/v2\/types\/product"}],"wp:featuredmedia":[{"embeddable":true,"href":"https:\/\/ticinoadventures.com\/fr\/wp-json\/wp\/v2\/media\/72758"}],"wp:attachment":[{"href":"https:\/\/ticinoadventures.com\/fr\/wp-json\/wp\/v2\/media?parent=72748"}],"wp:term":[{"taxonomy":"product_brand","embeddable":true,"href":"https:\/\/ticinoadventures.com\/fr\/wp-json\/wp\/v2\/product_brand?post=72748"},{"taxonomy":"product_cat","embeddable":true,"href":"https:\/\/ticinoadventures.com\/fr\/wp-json\/wp\/v2\/product_cat?post=72748"},{"taxonomy":"product_tag","embeddable":true,"href":"https:\/\/ticinoadventures.com\/fr\/wp-json\/wp\/v2\/product_tag?post=72748"}],"curies":[{"name":"wp","href":"https:\/\/api.w.org\/{rel}","templated":true}]}}