{"id":8715,"date":"2017-08-06T16:12:01","date_gmt":"2017-08-06T14:12:01","guid":{"rendered":"http:\/\/ticino-adventures.local\/product\/epic-day\/"},"modified":"2024-04-13T22:29:13","modified_gmt":"2024-04-13T20:29:13","slug":"epic-day","status":"publish","type":"product","link":"https:\/\/ticinoadventures.com\/fr\/produit\/epic-day\/","title":{"rendered":"Epic Day"},"content":{"rendered":"<p>Pourquoi ne pas terminer ton excursion \u00e0 Boggera par une petite excursion dans le plus beau canyon du Tessin, le Pontirone Inferiore. Ce forfait combine une visite de la Boggera le matin et une visite du Pontirone l&rsquo;apr\u00e8s-midi pour une \u00e9conomie de 70 CHF ! Tu auras un peu de temps entre les visites pour manger le d\u00e9jeuner (non fourni) et te reposer un peu. La lumi\u00e8re de l&rsquo;apr\u00e8s-midi est parfaite pour mettre en valeur la beaut\u00e9 naturelle de la section \u00e9troite et ferm\u00e9e de Pontirone. Tu vas adorer !<\/p>\n","protected":false},"excerpt":{"rendered":"<p>Pourquoi ne pas terminer ton excursion \u00e0 Boggera par une petite excursion dans le plus beau canyon du Tessin, le Pontirone Inferiore. Ce forfait combine une visite de la Boggera le matin et une visite du Pontirone l&rsquo;apr\u00e8s-midi pour une \u00e9conomie de 70 CHF ! Tu auras un peu de temps entre les visites pour<a href=\"https:\/\/ticinoadventures.com\/fr\/produit\/epic-day\/\">Lire la suite de <span class=\"sr-only\">\u00ab\u00a0Epic Day\u00a0\u00bb<\/span><\/a><\/p>\n","protected":false},"featured_media":2667,"template":"","meta":{"_acf_changed":false},"product_brand":[],"product_cat":[271,25,54],"product_tag":[],"class_list":{"0":"post-8715","1":"product","2":"type-product","3":"status-publish","4":"has-post-thumbnail","6":"product_cat-activity","7":"product_cat-canyoning","8":"product_cat-package-deals","10":"first","11":"instock","12":"virtual","13":"sold-individually","14":"purchasable","15":"product-type-booking"},"booking_location":"","booking_location_type":"","booking_duration":1,"booking_duration_unit":"day","booking_buffer":0,"booking_cost":0,"booking_resources":[],"acf":[],"_links":{"self":[{"href":"https:\/\/ticinoadventures.com\/fr\/wp-json\/wp\/v2\/product\/8715","targetHints":{"allow":["GET"]}}],"collection":[{"href":"https:\/\/ticinoadventures.com\/fr\/wp-json\/wp\/v2\/product"}],"about":[{"href":"https:\/\/ticinoadventures.com\/fr\/wp-json\/wp\/v2\/types\/product"}],"wp:featuredmedia":[{"embeddable":true,"href":"https:\/\/ticinoadventures.com\/fr\/wp-json\/wp\/v2\/media\/2667"}],"wp:attachment":[{"href":"https:\/\/ticinoadventures.com\/fr\/wp-json\/wp\/v2\/media?parent=8715"}],"wp:term":[{"taxonomy":"product_brand","embeddable":true,"href":"https:\/\/ticinoadventures.com\/fr\/wp-json\/wp\/v2\/product_brand?post=8715"},{"taxonomy":"product_cat","embeddable":true,"href":"https:\/\/ticinoadventures.com\/fr\/wp-json\/wp\/v2\/product_cat?post=8715"},{"taxonomy":"product_tag","embeddable":true,"href":"https:\/\/ticinoadventures.com\/fr\/wp-json\/wp\/v2\/product_tag?post=8715"}],"curies":[{"name":"wp","href":"https:\/\/api.w.org\/{rel}","templated":true}]}}