{"id":8735,"date":"2017-05-15T23:41:18","date_gmt":"2017-05-15T21:41:18","guid":{"rendered":"http:\/\/ticino-adventures.local\/product\/superstar\/"},"modified":"2024-04-13T23:16:54","modified_gmt":"2024-04-13T21:16:54","slug":"superstar","status":"publish","type":"product","link":"https:\/\/ticinoadventures.com\/fr\/produit\/superstar\/","title":{"rendered":"Superstar"},"content":{"rendered":"<p>Tu veux faire la meilleure excursion de canyoning au monde mais tu n&rsquo;as pas d&rsquo;exp\u00e9rience ? Pas de probl\u00e8me, nous avons la r\u00e9ponse ! <\/p>\n<p>Ce forfait se d\u00e9roule sur deux jours cons\u00e9cutifs :<br \/>\n<strong>Jour 1<\/strong> : Nous t&#8217;emm\u00e8nerons faire le tour de la Boggera, o\u00f9 tu apprendras toutes les techniques n\u00e9cessaires pour le lendemain.<br \/>\n<strong>Jour 2<\/strong> : Notre excursion Heli-canyoning. Saute dans l&rsquo;h\u00e9licopt\u00e8re et vole \u00e0 pr\u00e8s de 900 m\u00e8tres verticaux en haut d&rsquo;une montagne pour une journ\u00e9e compl\u00e8te de canyoning jusqu&rsquo;\u00e0 la vall\u00e9e.<\/p>\n","protected":false},"excerpt":{"rendered":"<p>Tu veux faire la meilleure excursion de canyoning au monde mais tu n&rsquo;as pas d&rsquo;exp\u00e9rience ? Pas de probl\u00e8me, nous avons la r\u00e9ponse ! Ce forfait se d\u00e9roule sur deux jours cons\u00e9cutifs : Jour 1 : Nous t&#8217;emm\u00e8nerons faire le tour de la Boggera, o\u00f9 tu apprendras toutes les techniques n\u00e9cessaires pour le lendemain. Jour<a href=\"https:\/\/ticinoadventures.com\/fr\/produit\/superstar\/\">Lire la suite de <span class=\"sr-only\">\u00ab\u00a0Superstar\u00a0\u00bb<\/span><\/a><\/p>\n","protected":false},"featured_media":2687,"template":"","meta":{"_acf_changed":false},"product_brand":[],"product_cat":[271,25,54],"product_tag":[],"class_list":{"0":"post-8735","1":"product","2":"type-product","3":"status-publish","4":"has-post-thumbnail","6":"product_cat-activity","7":"product_cat-canyoning","8":"product_cat-package-deals","10":"first","11":"instock","12":"virtual","13":"sold-individually","14":"purchasable","15":"product-type-booking"},"booking_location":"","booking_location_type":"","booking_duration":2,"booking_duration_unit":"day","booking_buffer":0,"booking_cost":0,"booking_resources":[],"acf":[],"_links":{"self":[{"href":"https:\/\/ticinoadventures.com\/fr\/wp-json\/wp\/v2\/product\/8735","targetHints":{"allow":["GET"]}}],"collection":[{"href":"https:\/\/ticinoadventures.com\/fr\/wp-json\/wp\/v2\/product"}],"about":[{"href":"https:\/\/ticinoadventures.com\/fr\/wp-json\/wp\/v2\/types\/product"}],"wp:featuredmedia":[{"embeddable":true,"href":"https:\/\/ticinoadventures.com\/fr\/wp-json\/wp\/v2\/media\/2687"}],"wp:attachment":[{"href":"https:\/\/ticinoadventures.com\/fr\/wp-json\/wp\/v2\/media?parent=8735"}],"wp:term":[{"taxonomy":"product_brand","embeddable":true,"href":"https:\/\/ticinoadventures.com\/fr\/wp-json\/wp\/v2\/product_brand?post=8735"},{"taxonomy":"product_cat","embeddable":true,"href":"https:\/\/ticinoadventures.com\/fr\/wp-json\/wp\/v2\/product_cat?post=8735"},{"taxonomy":"product_tag","embeddable":true,"href":"https:\/\/ticinoadventures.com\/fr\/wp-json\/wp\/v2\/product_tag?post=8735"}],"curies":[{"name":"wp","href":"https:\/\/api.w.org\/{rel}","templated":true}]}}