{"id":8739,"date":"2017-05-15T23:30:23","date_gmt":"2017-05-15T21:30:23","guid":{"rendered":"http:\/\/ticino-adventures.local\/product\/from-0-to-hero\/"},"modified":"2024-04-13T23:25:30","modified_gmt":"2024-04-13T21:25:30","slug":"from-0-to-hero","status":"publish","type":"product","link":"https:\/\/ticinoadventures.com\/fr\/produit\/from-0-to-hero\/","title":{"rendered":"From 0 to Hero"},"content":{"rendered":"<p>Tu veux vraiment faire Iragna mais tu n&rsquo;as aucune exp\u00e9rience en canyoning ? Inscris-toi au forfait 0 to Hero et nous t&#8217;emm\u00e8nerons \u00e0 Boggera le premier jour pour apprendre toutes les techniques de canyoning et \u00e0 Iragna le lendemain pour d\u00e9couvrir l&rsquo;un des meilleurs canyons du Tessin. Un combo g\u00e9nial et tu \u00e9conomises 10 % !<\/p>\n","protected":false},"excerpt":{"rendered":"<p>Tu veux vraiment faire Iragna mais tu n&rsquo;as aucune exp\u00e9rience en canyoning ? Inscris-toi au forfait 0 to Hero et nous t&#8217;emm\u00e8nerons \u00e0 Boggera le premier jour pour apprendre toutes les techniques de canyoning et \u00e0 Iragna le lendemain pour d\u00e9couvrir l&rsquo;un des meilleurs canyons du Tessin. Un combo g\u00e9nial et tu \u00e9conomises 10 %<a href=\"https:\/\/ticinoadventures.com\/fr\/produit\/from-0-to-hero\/\">Lire la suite de <span class=\"sr-only\">\u00ab\u00a0From 0 to Hero\u00a0\u00bb<\/span><\/a><\/p>\n","protected":false},"featured_media":2667,"template":"","meta":{"_acf_changed":false},"product_brand":[],"product_cat":[271,25,54],"product_tag":[],"class_list":{"0":"post-8739","1":"product","2":"type-product","3":"status-publish","4":"has-post-thumbnail","6":"product_cat-activity","7":"product_cat-canyoning","8":"product_cat-package-deals","10":"first","11":"instock","12":"virtual","13":"sold-individually","14":"purchasable","15":"product-type-booking"},"booking_location":"","booking_location_type":"","booking_duration":1,"booking_duration_unit":"day","booking_buffer":0,"booking_cost":0,"booking_resources":[],"acf":[],"_links":{"self":[{"href":"https:\/\/ticinoadventures.com\/fr\/wp-json\/wp\/v2\/product\/8739","targetHints":{"allow":["GET"]}}],"collection":[{"href":"https:\/\/ticinoadventures.com\/fr\/wp-json\/wp\/v2\/product"}],"about":[{"href":"https:\/\/ticinoadventures.com\/fr\/wp-json\/wp\/v2\/types\/product"}],"wp:featuredmedia":[{"embeddable":true,"href":"https:\/\/ticinoadventures.com\/fr\/wp-json\/wp\/v2\/media\/2667"}],"wp:attachment":[{"href":"https:\/\/ticinoadventures.com\/fr\/wp-json\/wp\/v2\/media?parent=8739"}],"wp:term":[{"taxonomy":"product_brand","embeddable":true,"href":"https:\/\/ticinoadventures.com\/fr\/wp-json\/wp\/v2\/product_brand?post=8739"},{"taxonomy":"product_cat","embeddable":true,"href":"https:\/\/ticinoadventures.com\/fr\/wp-json\/wp\/v2\/product_cat?post=8739"},{"taxonomy":"product_tag","embeddable":true,"href":"https:\/\/ticinoadventures.com\/fr\/wp-json\/wp\/v2\/product_tag?post=8739"}],"curies":[{"name":"wp","href":"https:\/\/api.w.org\/{rel}","templated":true}]}}