{"id":8753,"date":"2017-05-09T11:45:34","date_gmt":"2017-05-09T09:45:34","guid":{"rendered":"http:\/\/ticino-adventures.local\/product\/school-groups-gorge-adventure\/"},"modified":"2024-07-05T10:42:50","modified_gmt":"2024-07-05T08:42:50","slug":"school-groups-gorge-adventure","status":"publish","type":"product","link":"https:\/\/ticinoadventures.com\/fr\/produit\/school-groups-gorge-adventure\/","title":{"rendered":"School Groups &#8211; Gorge Adventure"},"content":{"rendered":"<p>Si vous souhaitez d\u00e9couvrir la splendeur naturelle des gorges du Tessin sans faire de rappel, alors notre tour d&rsquo;exploration des gorges est parfait pour vous. Nous utilisons les chaussures, combinaisons en n\u00e9opr\u00e8ne et casques du canyoning, mais laissons les harnais de c\u00f4t\u00e9. En partant du bas, nous remontons une gorge spectaculaire en combinant natation et marche, en prenant le temps de profiter du paysage en chemin. Lorsque nous atteignons une belle cascade et que nous ne pouvons plus avancer, il est temps de redescendre la gorge, en jouant dans les piscines naturelles en cours de route. Cette activit\u00e9 est id\u00e9ale comme activit\u00e9 scolaire, car elle est \u00e0 la fois amusante et \u00e9ducative. Les \u00e9l\u00e8ves peuvent d\u00e9couvrir la beaut\u00e9 de la nature tout en renfor\u00e7ant leurs comp\u00e9tences en travail d&rsquo;\u00e9quipe. Notre tour d&rsquo;exploration des gorges est l&rsquo;activit\u00e9 scolaire id\u00e9ale pour commencer l&rsquo;ann\u00e9e scolaire avec une aventure et cr\u00e9er des souvenirs inoubliables.<\/p>\n<h3><\/h3>\n","protected":false},"excerpt":{"rendered":"<p>Si vous souhaitez d\u00e9couvrir la splendeur naturelle des gorges du Tessin sans faire de rappel, alors notre tour d&rsquo;exploration des gorges est parfait pour vous. Nous utilisons les chaussures, combinaisons en n\u00e9opr\u00e8ne et casques du canyoning, mais laissons les harnais de c\u00f4t\u00e9. En partant du bas, nous remontons une gorge spectaculaire en combinant natation et<a href=\"https:\/\/ticinoadventures.com\/fr\/produit\/school-groups-gorge-adventure\/\">Lire la suite de <span class=\"sr-only\">\u00ab\u00a0School Groups &#8211; Gorge Adventure\u00a0\u00bb<\/span><\/a><\/p>\n","protected":false},"featured_media":2419,"template":"","meta":{"_acf_changed":false},"product_brand":[],"product_cat":[272,119,148],"product_tag":[],"class_list":{"0":"post-8753","1":"product","2":"type-product","3":"status-publish","4":"has-post-thumbnail","6":"product_cat-activite","7":"product_cat-canyoning-fr","8":"product_cat-school-groups-fr","10":"first","11":"instock","12":"virtual","13":"sold-individually","14":"purchasable","15":"product-type-booking"},"booking_location":"","booking_location_type":"","booking_duration":270,"booking_duration_unit":"minute","booking_buffer":30,"booking_cost":0,"booking_resources":[],"acf":[],"_links":{"self":[{"href":"https:\/\/ticinoadventures.com\/fr\/wp-json\/wp\/v2\/product\/8753","targetHints":{"allow":["GET"]}}],"collection":[{"href":"https:\/\/ticinoadventures.com\/fr\/wp-json\/wp\/v2\/product"}],"about":[{"href":"https:\/\/ticinoadventures.com\/fr\/wp-json\/wp\/v2\/types\/product"}],"wp:featuredmedia":[{"embeddable":true,"href":"https:\/\/ticinoadventures.com\/fr\/wp-json\/wp\/v2\/media\/2419"}],"wp:attachment":[{"href":"https:\/\/ticinoadventures.com\/fr\/wp-json\/wp\/v2\/media?parent=8753"}],"wp:term":[{"taxonomy":"product_brand","embeddable":true,"href":"https:\/\/ticinoadventures.com\/fr\/wp-json\/wp\/v2\/product_brand?post=8753"},{"taxonomy":"product_cat","embeddable":true,"href":"https:\/\/ticinoadventures.com\/fr\/wp-json\/wp\/v2\/product_cat?post=8753"},{"taxonomy":"product_tag","embeddable":true,"href":"https:\/\/ticinoadventures.com\/fr\/wp-json\/wp\/v2\/product_tag?post=8753"}],"curies":[{"name":"wp","href":"https:\/\/api.w.org\/{rel}","templated":true}]}}