{"id":8762,"date":"2017-05-09T12:03:38","date_gmt":"2017-05-09T10:03:38","guid":{"rendered":"http:\/\/ticino-adventures.local\/product\/canyoning-val-di-gei\/"},"modified":"2024-04-13T23:32:02","modified_gmt":"2024-04-13T21:32:02","slug":"canyoning-val-di-gei","status":"publish","type":"product","link":"https:\/\/ticinoadventures.com\/fr\/produit\/canyoning-val-di-gei\/","title":{"rendered":"Canyoning &#8211; Val Di Gei"},"content":{"rendered":"<p>Val di Gei est le grand fr\u00e8re de Val Grande. Bien que directement adjacent, ce canyon a g\u00e9n\u00e9ralement un d\u00e9bit d&rsquo;eau plus important, ce qui signifie une saison plus courte. Il pr\u00e9sente les m\u00eames bandes verticales de roches noires et blanches que son fr\u00e8re, mais ses rappels sont plus hauts et plus difficiles (max. 45 m) et il est g\u00e9n\u00e9ralement plus engageant. L&rsquo;approche prend environ 40 minutes, le temps r\u00e9el dans le canyon est d&rsquo;environ 2 \u00e0 3 heures.<\/p>\n","protected":false},"excerpt":{"rendered":"<p>Val di Gei est le grand fr\u00e8re de Val Grande. Bien que directement adjacent, ce canyon a g\u00e9n\u00e9ralement un d\u00e9bit d&rsquo;eau plus important, ce qui signifie une saison plus courte. Il pr\u00e9sente les m\u00eames bandes verticales de roches noires et blanches que son fr\u00e8re, mais ses rappels sont plus hauts et plus difficiles (max. 45<a href=\"https:\/\/ticinoadventures.com\/fr\/produit\/canyoning-val-di-gei\/\">Lire la suite de <span class=\"sr-only\">\u00ab\u00a0Canyoning &#8211; Val Di Gei\u00a0\u00bb<\/span><\/a><\/p>\n","protected":false},"featured_media":2184,"template":"","meta":{"_acf_changed":false},"product_brand":[],"product_cat":[272,119],"product_tag":[],"class_list":{"0":"post-8762","1":"product","2":"type-product","3":"status-publish","4":"has-post-thumbnail","6":"product_cat-activite","7":"product_cat-canyoning-fr","9":"first","10":"instock","11":"virtual","12":"sold-individually","13":"purchasable","14":"product-type-booking"},"booking_location":"","booking_location_type":"","booking_duration":270,"booking_duration_unit":"minute","booking_buffer":0,"booking_cost":0,"booking_resources":[],"acf":[],"_links":{"self":[{"href":"https:\/\/ticinoadventures.com\/fr\/wp-json\/wp\/v2\/product\/8762","targetHints":{"allow":["GET"]}}],"collection":[{"href":"https:\/\/ticinoadventures.com\/fr\/wp-json\/wp\/v2\/product"}],"about":[{"href":"https:\/\/ticinoadventures.com\/fr\/wp-json\/wp\/v2\/types\/product"}],"wp:featuredmedia":[{"embeddable":true,"href":"https:\/\/ticinoadventures.com\/fr\/wp-json\/wp\/v2\/media\/2184"}],"wp:attachment":[{"href":"https:\/\/ticinoadventures.com\/fr\/wp-json\/wp\/v2\/media?parent=8762"}],"wp:term":[{"taxonomy":"product_brand","embeddable":true,"href":"https:\/\/ticinoadventures.com\/fr\/wp-json\/wp\/v2\/product_brand?post=8762"},{"taxonomy":"product_cat","embeddable":true,"href":"https:\/\/ticinoadventures.com\/fr\/wp-json\/wp\/v2\/product_cat?post=8762"},{"taxonomy":"product_tag","embeddable":true,"href":"https:\/\/ticinoadventures.com\/fr\/wp-json\/wp\/v2\/product_tag?post=8762"}],"curies":[{"name":"wp","href":"https:\/\/api.w.org\/{rel}","templated":true}]}}