{"id":8765,"date":"2017-05-03T23:50:16","date_gmt":"2017-05-03T21:50:16","guid":{"rendered":"http:\/\/ticino-adventures.local\/product\/canyoning-pontirone-integrale\/"},"modified":"2024-04-13T23:50:06","modified_gmt":"2024-04-13T21:50:06","slug":"canyoning-pontirone-integrale","status":"publish","type":"product","link":"https:\/\/ticinoadventures.com\/fr\/produit\/canyoning-pontirone-integrale\/","title":{"rendered":"Canyoning &#8211; Pontirone Integrale"},"content":{"rendered":"<p>Il s&rsquo;agit d&rsquo;une excursion \u00e9prouvante (500 m\u00e8tres de d\u00e9nivel\u00e9 \u00e0 l&rsquo;approche), mais qui te fera vibrer d\u00e8s le d\u00e9part, avec une s\u00e9rie de rappels (max. 50 m) qui te plongeront au beau milieu de la partie la plus profonde du canyon. S&rsquo;ensuivent des sections d&rsquo;une r\u00e9elle splendeur, ainsi que des passages en terrain vari\u00e9 et des fissures impressionnantes. Un rappel a\u00e9rien de 42 m t&#8217;emm\u00e8ne dans la derni\u00e8re partie du canyon, qui ressemble \u00e0 une caverne et qui est probablement la plus spectaculaire de tout le Tessin. Plusieurs sauts int\u00e9ressants et techniques t&#8217;emm\u00e8nent jusqu&rsquo;\u00e0 la fin. Le temps d&rsquo;approche est d&rsquo;environ 75 minutes, le temps r\u00e9el dans le canyon est d&rsquo;environ 4 \u00e0 5 heures.<\/p>\n","protected":false},"excerpt":{"rendered":"<p>Il s&rsquo;agit d&rsquo;une excursion \u00e9prouvante (500 m\u00e8tres de d\u00e9nivel\u00e9 \u00e0 l&rsquo;approche), mais qui te fera vibrer d\u00e8s le d\u00e9part, avec une s\u00e9rie de rappels (max. 50 m) qui te plongeront au beau milieu de la partie la plus profonde du canyon. S&rsquo;ensuivent des sections d&rsquo;une r\u00e9elle splendeur, ainsi que des passages en terrain vari\u00e9 et<a href=\"https:\/\/ticinoadventures.com\/fr\/produit\/canyoning-pontirone-integrale\/\">Lire la suite de <span class=\"sr-only\">\u00ab\u00a0Canyoning &#8211; Pontirone Integrale\u00a0\u00bb<\/span><\/a><\/p>\n","protected":false},"featured_media":45004,"template":"","meta":{"_acf_changed":false},"product_brand":[],"product_cat":[271,25],"product_tag":[],"class_list":{"0":"post-8765","1":"product","2":"type-product","3":"status-publish","4":"has-post-thumbnail","6":"product_cat-activity","7":"product_cat-canyoning","9":"first","10":"instock","11":"virtual","12":"sold-individually","13":"purchasable","14":"product-type-booking"},"booking_location":"","booking_location_type":"","booking_duration":7,"booking_duration_unit":"hour","booking_buffer":0,"booking_cost":0,"booking_resources":[],"acf":[],"_links":{"self":[{"href":"https:\/\/ticinoadventures.com\/fr\/wp-json\/wp\/v2\/product\/8765","targetHints":{"allow":["GET"]}}],"collection":[{"href":"https:\/\/ticinoadventures.com\/fr\/wp-json\/wp\/v2\/product"}],"about":[{"href":"https:\/\/ticinoadventures.com\/fr\/wp-json\/wp\/v2\/types\/product"}],"wp:featuredmedia":[{"embeddable":true,"href":"https:\/\/ticinoadventures.com\/fr\/wp-json\/wp\/v2\/media\/45004"}],"wp:attachment":[{"href":"https:\/\/ticinoadventures.com\/fr\/wp-json\/wp\/v2\/media?parent=8765"}],"wp:term":[{"taxonomy":"product_brand","embeddable":true,"href":"https:\/\/ticinoadventures.com\/fr\/wp-json\/wp\/v2\/product_brand?post=8765"},{"taxonomy":"product_cat","embeddable":true,"href":"https:\/\/ticinoadventures.com\/fr\/wp-json\/wp\/v2\/product_cat?post=8765"},{"taxonomy":"product_tag","embeddable":true,"href":"https:\/\/ticinoadventures.com\/fr\/wp-json\/wp\/v2\/product_tag?post=8765"}],"curies":[{"name":"wp","href":"https:\/\/api.w.org\/{rel}","templated":true}]}}