{"id":8800,"date":"2017-05-09T11:13:59","date_gmt":"2017-05-09T09:13:59","guid":{"rendered":"http:\/\/ticino-adventures.local\/product\/school-groups-soft-canyoning\/"},"modified":"2024-04-13T23:44:54","modified_gmt":"2024-04-13T21:44:54","slug":"school-groups-soft-canyoning","status":"publish","type":"product","link":"https:\/\/ticinoadventures.com\/fr\/produit\/school-groups-soft-canyoning\/","title":{"rendered":"School Groups &#8211; Soft Canyoning"},"content":{"rendered":"<p>Nous avons con\u00e7u cette aventure sp\u00e9cifiquement pour les groupes scolaires. Nous allons dans l&rsquo;un des meilleurs canyons du Tessin avec l&rsquo;objectif de s&rsquo;amuser et d&rsquo;exp\u00e9rimenter la joie du canyoning sans avoir \u00e0 s&rsquo;inqui\u00e9ter que ce soit \u00ab\u00a0trop\u00a0\u00bb. L&rsquo;eau bleue cristalline et les roches de Gneiss polies mettent en valeur la beaut\u00e9 naturelle du Tessin, et les nombreux toboggans et sauts de taille petite \u00e0 moyenne (max. 6 m, tous les sauts sont facultatifs) garantissent un niveau de plaisir \u00e9lev\u00e9.<\/p>\n","protected":false},"excerpt":{"rendered":"<p>Nous avons con\u00e7u cette aventure sp\u00e9cifiquement pour les groupes scolaires. Nous allons dans l&rsquo;un des meilleurs canyons du Tessin avec l&rsquo;objectif de s&rsquo;amuser et d&rsquo;exp\u00e9rimenter la joie du canyoning sans avoir \u00e0 s&rsquo;inqui\u00e9ter que ce soit \u00ab\u00a0trop\u00a0\u00bb. L&rsquo;eau bleue cristalline et les roches de Gneiss polies mettent en valeur la beaut\u00e9 naturelle du Tessin, et<a href=\"https:\/\/ticinoadventures.com\/fr\/produit\/school-groups-soft-canyoning\/\">Lire la suite de <span class=\"sr-only\">\u00ab\u00a0School Groups &#8211; Soft Canyoning\u00a0\u00bb<\/span><\/a><\/p>\n","protected":false},"featured_media":2428,"template":"","meta":{"_acf_changed":false},"product_brand":[],"product_cat":[272,119,148],"product_tag":[],"class_list":{"0":"post-8800","1":"product","2":"type-product","3":"status-publish","4":"has-post-thumbnail","6":"product_cat-activite","7":"product_cat-canyoning-fr","8":"product_cat-school-groups-fr","10":"first","11":"instock","12":"virtual","13":"sold-individually","14":"purchasable","15":"product-type-booking"},"booking_location":"","booking_location_type":"","booking_duration":270,"booking_duration_unit":"minute","booking_buffer":60,"booking_cost":0,"booking_resources":[],"acf":[],"_links":{"self":[{"href":"https:\/\/ticinoadventures.com\/fr\/wp-json\/wp\/v2\/product\/8800","targetHints":{"allow":["GET"]}}],"collection":[{"href":"https:\/\/ticinoadventures.com\/fr\/wp-json\/wp\/v2\/product"}],"about":[{"href":"https:\/\/ticinoadventures.com\/fr\/wp-json\/wp\/v2\/types\/product"}],"wp:featuredmedia":[{"embeddable":true,"href":"https:\/\/ticinoadventures.com\/fr\/wp-json\/wp\/v2\/media\/2428"}],"wp:attachment":[{"href":"https:\/\/ticinoadventures.com\/fr\/wp-json\/wp\/v2\/media?parent=8800"}],"wp:term":[{"taxonomy":"product_brand","embeddable":true,"href":"https:\/\/ticinoadventures.com\/fr\/wp-json\/wp\/v2\/product_brand?post=8800"},{"taxonomy":"product_cat","embeddable":true,"href":"https:\/\/ticinoadventures.com\/fr\/wp-json\/wp\/v2\/product_cat?post=8800"},{"taxonomy":"product_tag","embeddable":true,"href":"https:\/\/ticinoadventures.com\/fr\/wp-json\/wp\/v2\/product_tag?post=8800"}],"curies":[{"name":"wp","href":"https:\/\/api.w.org\/{rel}","templated":true}]}}