{"id":8880,"date":"2017-04-15T13:46:13","date_gmt":"2017-04-15T11:46:13","guid":{"rendered":"http:\/\/ticino-adventures.local\/product\/canyoning-iragna-integrale\/"},"modified":"2024-04-14T01:02:13","modified_gmt":"2024-04-13T23:02:13","slug":"canyoning-iragna-integrale","status":"publish","type":"product","link":"https:\/\/ticinoadventures.com\/fr\/produit\/canyoning-iragna-integrale\/","title":{"rendered":"Canyoning Iragna Integrale"},"content":{"rendered":"<p>L&rsquo;Iragna Integrale est une b\u00eate ; longue, technique, et g\u00e9n\u00e9ralement avec un d\u00e9bit d&rsquo;eau respectable. Pour les amateurs de descente en rappel, elle pr\u00e9sente tout ce qui fait la grandeur du canyoning : un paysage de canyon tr\u00e8s impressionnant, une eau cristalline, quelques petits toboggans et sauts et de nombreux rappels longs et difficiles (max. 40 m). De l&rsquo;aventure \u00e0 l&rsquo;\u00e9tat pur ! Le temps d&rsquo;approche est d&rsquo;environ 20 minutes, le temps dans le canyon est d&rsquo;environ 5-6 heures.<\/p>\n","protected":false},"excerpt":{"rendered":"<p>L&rsquo;Iragna Integrale est une b\u00eate ; longue, technique, et g\u00e9n\u00e9ralement avec un d\u00e9bit d&rsquo;eau respectable. Pour les amateurs de descente en rappel, elle pr\u00e9sente tout ce qui fait la grandeur du canyoning : un paysage de canyon tr\u00e8s impressionnant, une eau cristalline, quelques petits toboggans et sauts et de nombreux rappels longs et difficiles (max.<a href=\"https:\/\/ticinoadventures.com\/fr\/produit\/canyoning-iragna-integrale\/\">Lire la suite de <span class=\"sr-only\">\u00ab\u00a0Canyoning Iragna Integrale\u00a0\u00bb<\/span><\/a><\/p>\n","protected":false},"featured_media":5542,"template":"","meta":{"_acf_changed":false},"product_brand":[],"product_cat":[272,119],"product_tag":[],"class_list":{"0":"post-8880","1":"product","2":"type-product","3":"status-publish","4":"has-post-thumbnail","6":"product_cat-activite","7":"product_cat-canyoning-fr","9":"first","10":"instock","11":"virtual","12":"sold-individually","13":"purchasable","14":"product-type-booking"},"booking_location":"","booking_location_type":"","booking_duration":7,"booking_duration_unit":"hour","booking_buffer":0,"booking_cost":0,"booking_resources":[],"acf":[],"_links":{"self":[{"href":"https:\/\/ticinoadventures.com\/fr\/wp-json\/wp\/v2\/product\/8880","targetHints":{"allow":["GET"]}}],"collection":[{"href":"https:\/\/ticinoadventures.com\/fr\/wp-json\/wp\/v2\/product"}],"about":[{"href":"https:\/\/ticinoadventures.com\/fr\/wp-json\/wp\/v2\/types\/product"}],"wp:featuredmedia":[{"embeddable":true,"href":"https:\/\/ticinoadventures.com\/fr\/wp-json\/wp\/v2\/media\/5542"}],"wp:attachment":[{"href":"https:\/\/ticinoadventures.com\/fr\/wp-json\/wp\/v2\/media?parent=8880"}],"wp:term":[{"taxonomy":"product_brand","embeddable":true,"href":"https:\/\/ticinoadventures.com\/fr\/wp-json\/wp\/v2\/product_brand?post=8880"},{"taxonomy":"product_cat","embeddable":true,"href":"https:\/\/ticinoadventures.com\/fr\/wp-json\/wp\/v2\/product_cat?post=8880"},{"taxonomy":"product_tag","embeddable":true,"href":"https:\/\/ticinoadventures.com\/fr\/wp-json\/wp\/v2\/product_tag?post=8880"}],"curies":[{"name":"wp","href":"https:\/\/api.w.org\/{rel}","templated":true}]}}