{"id":8883,"date":"2017-04-15T13:30:59","date_gmt":"2017-04-15T11:30:59","guid":{"rendered":"http:\/\/ticino-adventures.local\/product\/canyoning-boggera-challenge\/"},"modified":"2024-07-01T13:23:00","modified_gmt":"2024-07-01T11:23:00","slug":"canyoning-boggera-challenge","status":"publish","type":"product","link":"https:\/\/ticinoadventures.com\/fr\/produit\/canyoning-boggera-challenge\/","title":{"rendered":"Canyoning Boggera Integrale"},"content":{"rendered":"<p>La Boggera Int\u00e9grale est une excursion fantastique pour tester votre condition physique. Semblable \u00e0 notre tour de H\u00e9li-Canyoning, mais sans le vol en h\u00e9licopt\u00e8re ; cela signifie que vous devrez monter \u00e0 pied au lieu de voler (750 m\u00e8tres de d\u00e9nivel\u00e9). Une fois que nous commen\u00e7ons la descente, vous trouverez une grande vari\u00e9t\u00e9 de descentes en rappel (max. 45m), des toboggans naturels et des sauts (max. 16m) dans des fissures \u00e9troites avec des piscines d&rsquo;eau cristalline. C&rsquo;est un canyon long et vari\u00e9, l&rsquo;un des meilleurs dans une r\u00e9gion de canyoning connue dans le monde entier.<\/p>\n<p>Le temps d&rsquo;approche est d&rsquo;environ 90 minutes et le temps r\u00e9el dans le canyon est d&rsquo;environ 6 \u00e0 7 heures. Pendant cette aventure, vous vivrez des moments d&rsquo;adr\u00e9naline pure et d&rsquo;\u00e9merveillement, vous immergeant dans la beaut\u00e9 pr\u00e9serv\u00e9e de la nature. Le d\u00e9fi physique de la mont\u00e9e initiale est largement r\u00e9compens\u00e9 par l&rsquo;exp\u00e9rience unique de la descente \u00e0 travers l&rsquo;un des canyons les plus spectaculaires du Tessin.<\/p>\n<p>Chaque descente en rappel offre un nouveau d\u00e9fi et une nouvelle perspective sur le magnifique paysage qui vous entoure. Les toboggans naturels sont excitants et amusants, tandis que les sauts dans les piscines limpides ajoutent une touche d&rsquo;aventure extr\u00eame. La vari\u00e9t\u00e9 du parcours rend la Boggera Int\u00e9grale parfaite pour ceux qui recherchent une exp\u00e9rience de canyoning compl\u00e8te et intense.<\/p>\n<p>De plus, la longue dur\u00e9e de l&rsquo;excursion vous permet de vous immerger pleinement dans l&rsquo;environnement naturel, en appr\u00e9ciant chaque moment de la descente. Que vous soyez un passionn\u00e9 de canyoning exp\u00e9riment\u00e9 ou un d\u00e9butant en qu\u00eate de d\u00e9fi, la Boggera Int\u00e9grale a quelque chose \u00e0 offrir \u00e0 tout le monde.<\/p>\n<p>Pr\u00e9parez-vous pour une exp\u00e9rience inoubliable o\u00f9 votre endurance physique sera mise \u00e0 l&rsquo;\u00e9preuve et votre esprit d&rsquo;aventure sera pleinement satisfait. Rejoignez-nous pour d\u00e9couvrir pourquoi la Boggera Int\u00e9grale est consid\u00e9r\u00e9e comme l&rsquo;une des meilleures excursions de canyoning au monde. Nous avons h\u00e2te de partager cette aventure extraordinaire avec vous!<\/p>\n","protected":false},"excerpt":{"rendered":"<p>La Boggera Int\u00e9grale est une excursion fantastique pour tester votre condition physique. Semblable \u00e0 notre tour de H\u00e9li-Canyoning, mais sans le vol en h\u00e9licopt\u00e8re ; cela signifie que vous devrez monter \u00e0 pied au lieu de voler (750 m\u00e8tres de d\u00e9nivel\u00e9). Une fois que nous commen\u00e7ons la descente, vous trouverez une grande vari\u00e9t\u00e9 de descentes<a href=\"https:\/\/ticinoadventures.com\/fr\/produit\/canyoning-boggera-challenge\/\">Lire la suite de <span class=\"sr-only\">\u00ab\u00a0Canyoning Boggera Integrale\u00a0\u00bb<\/span><\/a><\/p>\n","protected":false},"featured_media":5550,"template":"","meta":{"_acf_changed":false},"product_brand":[],"product_cat":[271,25],"product_tag":[],"class_list":{"0":"post-8883","1":"product","2":"type-product","3":"status-publish","4":"has-post-thumbnail","6":"product_cat-activity","7":"product_cat-canyoning","9":"first","10":"instock","11":"virtual","12":"sold-individually","13":"purchasable","14":"product-type-booking"},"booking_location":"","booking_location_type":"","booking_duration":8,"booking_duration_unit":"hour","booking_buffer":0,"booking_cost":0,"booking_resources":[],"acf":[],"_links":{"self":[{"href":"https:\/\/ticinoadventures.com\/fr\/wp-json\/wp\/v2\/product\/8883","targetHints":{"allow":["GET"]}}],"collection":[{"href":"https:\/\/ticinoadventures.com\/fr\/wp-json\/wp\/v2\/product"}],"about":[{"href":"https:\/\/ticinoadventures.com\/fr\/wp-json\/wp\/v2\/types\/product"}],"wp:featuredmedia":[{"embeddable":true,"href":"https:\/\/ticinoadventures.com\/fr\/wp-json\/wp\/v2\/media\/5550"}],"wp:attachment":[{"href":"https:\/\/ticinoadventures.com\/fr\/wp-json\/wp\/v2\/media?parent=8883"}],"wp:term":[{"taxonomy":"product_brand","embeddable":true,"href":"https:\/\/ticinoadventures.com\/fr\/wp-json\/wp\/v2\/product_brand?post=8883"},{"taxonomy":"product_cat","embeddable":true,"href":"https:\/\/ticinoadventures.com\/fr\/wp-json\/wp\/v2\/product_cat?post=8883"},{"taxonomy":"product_tag","embeddable":true,"href":"https:\/\/ticinoadventures.com\/fr\/wp-json\/wp\/v2\/product_tag?post=8883"}],"curies":[{"name":"wp","href":"https:\/\/api.w.org\/{rel}","templated":true}]}}