{"id":8886,"date":"2017-04-15T13:25:00","date_gmt":"2017-04-15T11:25:00","guid":{"rendered":"http:\/\/ticino-adventures.local\/product\/canyoning-lodrino\/"},"modified":"2024-04-14T01:13:55","modified_gmt":"2024-04-13T23:13:55","slug":"canyoning-lodrino","status":"publish","type":"product","link":"https:\/\/ticinoadventures.com\/fr\/produit\/canyoning-lodrino\/","title":{"rendered":"Canyoning Lodrino"},"content":{"rendered":"<p>Lodrino doit \u00eatre l&rsquo;un des parcours les plus cool du Tessin. C&rsquo;est un canyon d&rsquo;une beaut\u00e9 \u00e9poustouflante, qui pr\u00e9sente \u00e9galement un m\u00e9lange parfait de sauts (max. 12 m) et de toboggans, avec quelques grands rappels (max. 50 m) pour garder les choses int\u00e9ressantes. En raison de l&rsquo;\u00e9coulement naturel de l&rsquo;eau provenant d&rsquo;une vaste zone de drainage, la saison de Lodrino est courte. Si tu as les comp\u00e9tences n\u00e9cessaires et que tu peux \u00eatre l\u00e0 au bon moment, nous te garantissons que Lodrino ne te d\u00e9cevra pas. L&rsquo;approche prend environ 10 minutes, le temps r\u00e9el dans le canyon est d&rsquo;environ 2 \u00e0 3 heures. Cette excursion couvre la moiti\u00e9 inf\u00e9rieure du canyon de Lodrino. Si tu es \u00e0 la recherche d&rsquo;un d\u00e9fi encore plus grand, jette un coup d&rsquo;\u0153il \u00e0 notre excursion Lodrino Integrale.<\/p>\n","protected":false},"excerpt":{"rendered":"<p>Lodrino doit \u00eatre l&rsquo;un des parcours les plus cool du Tessin. C&rsquo;est un canyon d&rsquo;une beaut\u00e9 \u00e9poustouflante, qui pr\u00e9sente \u00e9galement un m\u00e9lange parfait de sauts (max. 12 m) et de toboggans, avec quelques grands rappels (max. 50 m) pour garder les choses int\u00e9ressantes. En raison de l&rsquo;\u00e9coulement naturel de l&rsquo;eau provenant d&rsquo;une vaste zone de<a href=\"https:\/\/ticinoadventures.com\/fr\/produit\/canyoning-lodrino\/\">Lire la suite de <span class=\"sr-only\">\u00ab\u00a0Canyoning Lodrino\u00a0\u00bb<\/span><\/a><\/p>\n","protected":false},"featured_media":5516,"template":"","meta":{"_acf_changed":false},"product_brand":[],"product_cat":[272,119],"product_tag":[],"class_list":{"0":"post-8886","1":"product","2":"type-product","3":"status-publish","4":"has-post-thumbnail","6":"product_cat-activite","7":"product_cat-canyoning-fr","9":"first","10":"instock","11":"virtual","12":"sold-individually","13":"purchasable","14":"product-type-booking"},"booking_location":"","booking_location_type":"","booking_duration":6,"booking_duration_unit":"hour","booking_buffer":0,"booking_cost":0,"booking_resources":[],"acf":[],"_links":{"self":[{"href":"https:\/\/ticinoadventures.com\/fr\/wp-json\/wp\/v2\/product\/8886","targetHints":{"allow":["GET"]}}],"collection":[{"href":"https:\/\/ticinoadventures.com\/fr\/wp-json\/wp\/v2\/product"}],"about":[{"href":"https:\/\/ticinoadventures.com\/fr\/wp-json\/wp\/v2\/types\/product"}],"wp:featuredmedia":[{"embeddable":true,"href":"https:\/\/ticinoadventures.com\/fr\/wp-json\/wp\/v2\/media\/5516"}],"wp:attachment":[{"href":"https:\/\/ticinoadventures.com\/fr\/wp-json\/wp\/v2\/media?parent=8886"}],"wp:term":[{"taxonomy":"product_brand","embeddable":true,"href":"https:\/\/ticinoadventures.com\/fr\/wp-json\/wp\/v2\/product_brand?post=8886"},{"taxonomy":"product_cat","embeddable":true,"href":"https:\/\/ticinoadventures.com\/fr\/wp-json\/wp\/v2\/product_cat?post=8886"},{"taxonomy":"product_tag","embeddable":true,"href":"https:\/\/ticinoadventures.com\/fr\/wp-json\/wp\/v2\/product_tag?post=8886"}],"curies":[{"name":"wp","href":"https:\/\/api.w.org\/{rel}","templated":true}]}}