{"id":8994,"date":"2017-04-15T12:40:55","date_gmt":"2017-04-15T10:40:55","guid":{"rendered":"http:\/\/ticino-adventures.local\/product\/gopro-camera\/"},"modified":"2024-02-22T12:25:49","modified_gmt":"2024-02-22T11:25:49","slug":"gopro-camera","status":"publish","type":"product","link":"https:\/\/ticinoadventures.com\/fr\/produit\/gopro-camera\/","title":{"rendered":"Location de cam\u00e9ra GoPro"},"content":{"rendered":"","protected":false},"excerpt":{"rendered":"<p>*Le prix est par jour (vous n&rsquo;avez pas \u00e0 payer \u00e0 nouveau si vous effectuez plus d&rsquo;un voyage par jour)<\/p>\n<p>Enregistrez vos aventures en vid\u00e9o\u00a0! Vous pouvez louer chez nous la derni\u00e8re et la meilleure GoPro Hero 12 Black.<\/p>\n<p>Petite, l\u00e9g\u00e8re et \u00e9tanche, la GoPro est id\u00e9ale pour documenter le plaisir et l&rsquo;excitation de vos aventures ! Apr\u00e8s le voyage, nous vous remettrons la carte micro SD \u00e0 emporter \u00e0 la maison. Maximum 64 Go (environ 2 heures de vid\u00e9o).<\/p>\n","protected":false},"featured_media":90952,"template":"","meta":{"_acf_changed":false},"product_brand":[],"product_cat":[150],"product_tag":[],"class_list":{"0":"post-8994","1":"product","2":"type-product","3":"status-publish","4":"has-post-thumbnail","6":"product_cat-locations","8":"first","9":"instock","10":"virtual","11":"sold-individually","12":"purchasable","13":"product-type-booking"},"booking_location":"","booking_location_type":"","booking_duration":1,"booking_duration_unit":"day","booking_buffer":0,"booking_cost":0,"booking_resources":[],"acf":[],"_links":{"self":[{"href":"https:\/\/ticinoadventures.com\/fr\/wp-json\/wp\/v2\/product\/8994","targetHints":{"allow":["GET"]}}],"collection":[{"href":"https:\/\/ticinoadventures.com\/fr\/wp-json\/wp\/v2\/product"}],"about":[{"href":"https:\/\/ticinoadventures.com\/fr\/wp-json\/wp\/v2\/types\/product"}],"wp:featuredmedia":[{"embeddable":true,"href":"https:\/\/ticinoadventures.com\/fr\/wp-json\/wp\/v2\/media\/90952"}],"wp:attachment":[{"href":"https:\/\/ticinoadventures.com\/fr\/wp-json\/wp\/v2\/media?parent=8994"}],"wp:term":[{"taxonomy":"product_brand","embeddable":true,"href":"https:\/\/ticinoadventures.com\/fr\/wp-json\/wp\/v2\/product_brand?post=8994"},{"taxonomy":"product_cat","embeddable":true,"href":"https:\/\/ticinoadventures.com\/fr\/wp-json\/wp\/v2\/product_cat?post=8994"},{"taxonomy":"product_tag","embeddable":true,"href":"https:\/\/ticinoadventures.com\/fr\/wp-json\/wp\/v2\/product_tag?post=8994"}],"curies":[{"name":"wp","href":"https:\/\/api.w.org\/{rel}","templated":true}]}}