{"id":8997,"date":"2017-04-15T14:05:55","date_gmt":"2017-04-15T12:05:55","guid":{"rendered":"http:\/\/ticino-adventures.local\/product\/schools-groups-fun-rafting\/"},"modified":"2024-04-14T00:25:25","modified_gmt":"2024-04-13T22:25:25","slug":"schools-groups-fun-rafting","status":"publish","type":"product","link":"https:\/\/ticinoadventures.com\/fr\/produit\/schools-groups-fun-rafting\/","title":{"rendered":"Schools Groups &#8211; Funrafting"},"content":{"rendered":"<p>Avec Funrafting sur la rivi\u00e8re Ticino, nous proposons une aventure fluviale passionnante mais s\u00fbre \u00e0 un prix sp\u00e9cialement r\u00e9duit pour les classes d&rsquo;\u00e9cole (\u00e9l\u00e8ves \u00e2g\u00e9s de 12 \u00e0 18 ans). Les \u00e9l\u00e8ves dirigeront seuls le bateau sur la rivi\u00e8re, ce qui leur permettra de d\u00e9velopper leur esprit d&rsquo;\u00e9quipe et leur confiance en eux. Selon la taille du groupe, tu seras accompagn\u00e9 par un ou plusieurs guides de rivi\u00e8re en kayak ou en cano\u00eb (Safety Boat). Il s&rsquo;agit d&rsquo;une activit\u00e9 \u00e9tudiante dont le succ\u00e8s est garanti !<\/p>\n","protected":false},"excerpt":{"rendered":"<p>Avec Funrafting sur la rivi\u00e8re Ticino, nous proposons une aventure fluviale passionnante mais s\u00fbre \u00e0 un prix sp\u00e9cialement r\u00e9duit pour les classes d&rsquo;\u00e9cole (\u00e9l\u00e8ves \u00e2g\u00e9s de 12 \u00e0 18 ans). Les \u00e9l\u00e8ves dirigeront seuls le bateau sur la rivi\u00e8re, ce qui leur permettra de d\u00e9velopper leur esprit d&rsquo;\u00e9quipe et leur confiance en eux. Selon la<a href=\"https:\/\/ticinoadventures.com\/fr\/produit\/schools-groups-fun-rafting\/\">Lire la suite de <span class=\"sr-only\">\u00ab\u00a0Schools Groups &#8211; Funrafting\u00a0\u00bb<\/span><\/a><\/p>\n","protected":false},"featured_media":2944,"template":"","meta":{"_acf_changed":false},"product_brand":[],"product_cat":[271,38,49],"product_tag":[],"class_list":{"0":"post-8997","1":"product","2":"type-product","3":"status-publish","4":"has-post-thumbnail","6":"product_cat-activity","7":"product_cat-fun-rafting","8":"product_cat-school-groups","10":"first","11":"instock","12":"virtual","13":"sold-individually","14":"purchasable","15":"product-type-booking"},"booking_location":"","booking_location_type":"","booking_duration":4,"booking_duration_unit":"hour","booking_buffer":0,"booking_cost":0,"booking_resources":[],"acf":[],"_links":{"self":[{"href":"https:\/\/ticinoadventures.com\/fr\/wp-json\/wp\/v2\/product\/8997","targetHints":{"allow":["GET"]}}],"collection":[{"href":"https:\/\/ticinoadventures.com\/fr\/wp-json\/wp\/v2\/product"}],"about":[{"href":"https:\/\/ticinoadventures.com\/fr\/wp-json\/wp\/v2\/types\/product"}],"wp:featuredmedia":[{"embeddable":true,"href":"https:\/\/ticinoadventures.com\/fr\/wp-json\/wp\/v2\/media\/2944"}],"wp:attachment":[{"href":"https:\/\/ticinoadventures.com\/fr\/wp-json\/wp\/v2\/media?parent=8997"}],"wp:term":[{"taxonomy":"product_brand","embeddable":true,"href":"https:\/\/ticinoadventures.com\/fr\/wp-json\/wp\/v2\/product_brand?post=8997"},{"taxonomy":"product_cat","embeddable":true,"href":"https:\/\/ticinoadventures.com\/fr\/wp-json\/wp\/v2\/product_cat?post=8997"},{"taxonomy":"product_tag","embeddable":true,"href":"https:\/\/ticinoadventures.com\/fr\/wp-json\/wp\/v2\/product_tag?post=8997"}],"curies":[{"name":"wp","href":"https:\/\/api.w.org\/{rel}","templated":true}]}}