{"id":8998,"date":"2017-04-15T14:01:02","date_gmt":"2017-04-15T12:01:02","guid":{"rendered":"http:\/\/ticino-adventures.local\/product\/river-fun-rafting\/"},"modified":"2024-04-14T00:36:17","modified_gmt":"2024-04-13T22:36:17","slug":"river-fun-rafting","status":"publish","type":"product","link":"https:\/\/ticinoadventures.com\/fr\/produit\/river-fun-rafting\/","title":{"rendered":"River &#8211; Fun Rafting"},"content":{"rendered":"<p>Le Tessin entre Cresciano et Bellinzona est un charmant tron\u00e7on de rivi\u00e8re, qui serpente \u00e0 travers les nombreux bancs de gravier et les for\u00eats de la large vall\u00e9e de la Riviera, avec une vue fantastique sur les montagnes environnantes tout au long du tron\u00e7on. Les participants dirigent leurs propres radeaux sur la rivi\u00e8re tandis que nos guides fluviaux en kayak d&rsquo;escorte assurent le soutien, la protection et l&rsquo;instruction pour t&rsquo;aider \u00e0 ma\u00eetriser cette aventure sans aucun probl\u00e8me. Fun Rafting offre du plaisir et une exp\u00e9rience de la nature pour tout le monde.<\/p>\n","protected":false},"excerpt":{"rendered":"<p>Le Tessin entre Cresciano et Bellinzona est un charmant tron\u00e7on de rivi\u00e8re, qui serpente \u00e0 travers les nombreux bancs de gravier et les for\u00eats de la large vall\u00e9e de la Riviera, avec une vue fantastique sur les montagnes environnantes tout au long du tron\u00e7on. Les participants dirigent leurs propres radeaux sur la rivi\u00e8re tandis que<a href=\"https:\/\/ticinoadventures.com\/fr\/produit\/river-fun-rafting\/\">Lire la suite de <span class=\"sr-only\">\u00ab\u00a0River &#8211; Fun Rafting\u00a0\u00bb<\/span><\/a><\/p>\n","protected":false},"featured_media":2658,"template":"","meta":{"_acf_changed":false},"product_brand":[],"product_cat":[272,157,146],"product_tag":[],"class_list":{"0":"post-8998","1":"product","2":"type-product","3":"status-publish","4":"has-post-thumbnail","6":"product_cat-activite","7":"product_cat-fun-rafting-fr","8":"product_cat-river-fr","10":"first","11":"instock","12":"virtual","13":"sold-individually","14":"purchasable","15":"product-type-booking"},"booking_location":"","booking_location_type":"","booking_duration":4,"booking_duration_unit":"hour","booking_buffer":0,"booking_cost":0,"booking_resources":[],"acf":[],"_links":{"self":[{"href":"https:\/\/ticinoadventures.com\/fr\/wp-json\/wp\/v2\/product\/8998","targetHints":{"allow":["GET"]}}],"collection":[{"href":"https:\/\/ticinoadventures.com\/fr\/wp-json\/wp\/v2\/product"}],"about":[{"href":"https:\/\/ticinoadventures.com\/fr\/wp-json\/wp\/v2\/types\/product"}],"wp:featuredmedia":[{"embeddable":true,"href":"https:\/\/ticinoadventures.com\/fr\/wp-json\/wp\/v2\/media\/2658"}],"wp:attachment":[{"href":"https:\/\/ticinoadventures.com\/fr\/wp-json\/wp\/v2\/media?parent=8998"}],"wp:term":[{"taxonomy":"product_brand","embeddable":true,"href":"https:\/\/ticinoadventures.com\/fr\/wp-json\/wp\/v2\/product_brand?post=8998"},{"taxonomy":"product_cat","embeddable":true,"href":"https:\/\/ticinoadventures.com\/fr\/wp-json\/wp\/v2\/product_cat?post=8998"},{"taxonomy":"product_tag","embeddable":true,"href":"https:\/\/ticinoadventures.com\/fr\/wp-json\/wp\/v2\/product_tag?post=8998"}],"curies":[{"name":"wp","href":"https:\/\/api.w.org\/{rel}","templated":true}]}}